{"id":25463,"date":"2023-09-10T17:58:16","date_gmt":"2023-09-10T17:58:16","guid":{"rendered":"https:\/\/chilimag.hu\/webshop\/?post_type=product&#038;p=25463"},"modified":"2024-07-06T18:36:50","modified_gmt":"2024-07-06T18:36:50","slug":"erika-rododendron-azalea-hortenzia-folyekony-tapoldat-0-5l-agr-sl","status":"publish","type":"product","link":"https:\/\/chilimag.hu\/webshop\/termek\/erika-rododendron-azalea-hortenzia-folyekony-tapoldat-0-5l-agr-sl\/","title":{"rendered":"Erika, rododendron, az\u00e1lea, hortenzia foly\u00e9kony t\u00e1poldat 0.5l AGR SL"},"content":{"rendered":"","protected":false},"excerpt":{"rendered":"<p>ERICA N\u00d6V\u00c9NYTR\u00c1GYA<br \/>\nFelhaszn\u00e1l\u00e1si m\u00f3d: Haszn\u00e1lat el\u0151tt alaposan r\u00e1zza fel. \u00c1prilist\u00f3l szeptemberig 10-14 naponk\u00e9nt, okt\u00f3bert\u0151l m\u00e1rciusig havonta egyszer \u00f6nt\u00f6zz\u00fck a n\u00f6v\u00e9nyeket 0,5%-os t\u00f6m\u00e9nys\u00e9g\u0171 oldattal (10 ml (kupak) \/ 2 l v\u00edz).<br \/>\nEK TR\u00c1GYA. M\u0171tr\u00e1gya t\u00edpusa: C.2.1 NPK \u00e1sv\u00e1nyi m\u0171tr\u00e1gya oldat nyomelemekkel (b\u00f3r, r\u00e9z, vas, mang\u00e1n, molibd\u00e9n, cink) NPK 5-5-8,5+(B, Cu, Fe, Mn, Mo, Zn). \u00d6sszet\u00e9tel: nitrog\u00e9n (N) \u2013 5% (nitr\u00e1t nitrog\u00e9n N-NH3 \u2013 1%, karbamid nitrog\u00e9n N-NH2 \u2013 4%), v\u00edzben old\u00f3d\u00f3 foszfor-pentoxid (P2O5) \u2013 5% v\u00edzoldhat\u00f3 k\u00e1lium-oxid (K2O) \u2013 8, 5% b\u00f3r (B) &#8211; 0,01% r\u00e9z (Cu-EDTA) &#8211; 0,01% vas (Fe-EDTA) &#8211; 0,04% mang\u00e1n (Mn-EDTA) &#8211; 0,01%, molibd\u00e9n (Mo) &#8211; 0,001% cink (Zn-EDTA) \u2013 0,01% (EDTA &#8211; kel\u00e1tos nyomelemek). A m\u0171tr\u00e1gy\u00e1ban l\u00e9v\u0151 \u00f6sszes t\u00e1panyag teljesen v\u00edzoldhat\u00f3. T\u00e9rfogat\/t\u00f6meg (nett\u00f3) \u2013 0,500 l \/ 0,585 kg.<br \/>\nFigyelmeztet\u0151 mondatok. \u00c1rtalmas a v\u00edzi szervezetekre, a v\u00edzi k\u00f6rnyezetben hosszan tart\u00f3 k\u00e1rosod\u00e1st okozhat. \u00d3vint\u00e9zked\u00e9sre vonatkoz\u00f3 mondatok. Tartsa t\u00e1vol gyermekekt\u0151l. M\u0171tr\u00e1gya haszn\u00e1latakor tartsa be az \u00e1ltal\u00e1nos higi\u00e9niai el\u0151\u00edr\u00e1sokat. +5 \u00e9s +30\u00b0C k\u00f6z\u00f6tti h\u0151m\u00e9rs\u00e9kleten t\u00e1roland\u00f3. Ker\u00fclje a k\u00f6rnyezetbe, szembe vagy b\u0151rre jut\u00e1st. Viseljen v\u00e9d\u0151keszty\u0171t \u00e9s arcv\u00e9d\u0151t. Ha szembe vagy b\u0151rre ker\u00fcl, azonnal \u00f6bl\u00edtse le v\u00edzzel. Ha az irrit\u00e1ci\u00f3 tov\u00e1bbra is fenn\u00e1ll, k\u00e9rjen orvosi tan\u00e1csot\/figyelmet. Lenyel\u00e9s eset\u00e9n h\u00e1nytasson \u00e9s azonnal forduljon orvoshoz, legyen k\u00e9zn\u00e9l a m\u0171tr\u00e1gya c\u00edmk\u00e9je. Az \u00fcres csomagokat \u00e9s a term\u00e9kmaradv\u00e1nyokat a hat\u00e1lyos el\u0151\u00edr\u00e1soknak megfelel\u0151en kell megsemmis\u00edteni. Gy\u00e1rt\u00e1si d\u00e1tum \u00e9s t\u00e9telsz\u00e1m: l\u00e1sd a csomagol\u00e1son. Fizikai v\u00e1ltoz\u00e1sok eset\u00e9n a m\u0171tr\u00e1gya t\u00e1panyag tulajdons\u00e1gai nem v\u00e1ltoznak. Ha a m\u0171tr\u00e1gy\u00e1t sz\u00e1raz helyen, k\u00f6zvetlen napf\u00e9nyt\u0151l v\u00e9dett helyen t\u00e1rolj\u00e1k, az eltarthat\u00f3s\u00e1gi id\u0151 korl\u00e1tlan.<br \/>\nM\u0171tr\u00e1gya t\u00edpusa Foly\u00e9kony m\u0171tr\u00e1gy\u00e1k<br \/>\nA m\u0171tr\u00e1gya c\u00e9lja Extra m\u0171tr\u00e1gy\u00e1z\u00e1shoz<br \/>\nGy\u00e1rt\u00f3 Agronom<br \/>\nKiszerel\u00e9s 0,5 l<br \/>\nNPK NPK 5-5-8,5<\/p>\n","protected":false},"featured_media":25464,"comment_status":"closed","ping_status":"closed","template":"","meta":[],"product_brand":[],"product_cat":[388],"product_tag":[],"class_list":{"0":"post-25463","1":"product","2":"type-product","3":"status-publish","4":"has-post-thumbnail","6":"product_cat-agronom-tapoldatok-es-noveny-apolok","8":"first","9":"instock","10":"taxable","11":"shipping-taxable","12":"purchasable","13":"product-type-simple"},"_links":{"self":[{"href":"https:\/\/chilimag.hu\/webshop\/wp-json\/wp\/v2\/product\/25463","targetHints":{"allow":["GET"]}}],"collection":[{"href":"https:\/\/chilimag.hu\/webshop\/wp-json\/wp\/v2\/product"}],"about":[{"href":"https:\/\/chilimag.hu\/webshop\/wp-json\/wp\/v2\/types\/product"}],"replies":[{"embeddable":true,"href":"https:\/\/chilimag.hu\/webshop\/wp-json\/wp\/v2\/comments?post=25463"}],"wp:featuredmedia":[{"embeddable":true,"href":"https:\/\/chilimag.hu\/webshop\/wp-json\/wp\/v2\/media\/25464"}],"wp:attachment":[{"href":"https:\/\/chilimag.hu\/webshop\/wp-json\/wp\/v2\/media?parent=25463"}],"wp:term":[{"taxonomy":"product_brand","embeddable":true,"href":"https:\/\/chilimag.hu\/webshop\/wp-json\/wp\/v2\/product_brand?post=25463"},{"taxonomy":"product_cat","embeddable":true,"href":"https:\/\/chilimag.hu\/webshop\/wp-json\/wp\/v2\/product_cat?post=25463"},{"taxonomy":"product_tag","embeddable":true,"href":"https:\/\/chilimag.hu\/webshop\/wp-json\/wp\/v2\/product_tag?post=25463"}],"curies":[{"name":"wp","href":"https:\/\/api.w.org\/{rel}","templated":true}]}}