{"id":25442,"date":"2023-09-10T16:38:48","date_gmt":"2023-09-10T16:38:48","guid":{"rendered":"https:\/\/chilimag.hu\/webshop\/?post_type=product&#038;p=25442"},"modified":"2023-09-10T16:44:41","modified_gmt":"2023-09-10T16:44:41","slug":"univerzalis-folyekony-tragya-05l","status":"publish","type":"product","link":"https:\/\/chilimag.hu\/webshop\/termek\/univerzalis-folyekony-tragya-05l\/","title":{"rendered":"Univerz\u00e1lis foly\u00e9kony tr\u00e1gya 0,5l AGR SL"},"content":{"rendered":"","protected":false},"excerpt":{"rendered":"<p>UNIVERZ\u00c1LIS TR\u00c1GYA<br \/>\nFelhaszn\u00e1l\u00e1si m\u00f3d: Haszn\u00e1lat el\u0151tt alaposan r\u00e1zza fel. Minden n\u00f6v\u00e9nyt 0,5%-os t\u00f6m\u00e9nys\u00e9g\u0171 oldattal (10 ml (kupak) \/ 2 l v\u00edz) \u00f6nt\u00f6zz\u00fcnk m\u00e1rciust\u00f3l okt\u00f3berig 7-10 naponta, novembert\u0151l m\u00e1rciusig pedig 20-30 naponta. A pal\u00e1nt\u00e1kn\u00e1l, k\u00e9nyes \u00e9s \u00e9rz\u00e9keny n\u00f6v\u00e9nyekn\u00e9l a v\u00edz mennyis\u00e9g\u00e9t meg kell dupl\u00e1zni. Az erk\u00e9lyvir\u00e1gokat m\u00e1just\u00f3l szeptemberig 3-5 naponta kell \u00f6nt\u00f6zni.<br \/>\nEK TR\u00c1GYA. M\u0171tr\u00e1gya t\u00edpusa: C.2.1 NPK \u00e1sv\u00e1nyi m\u0171tr\u00e1gya oldat nyomelemekkel (b\u00f3r, r\u00e9z, vas, mang\u00e1n, molibd\u00e9n, cink) NPK 8-3,5-5+(B, Cu, Fe, Mn, Mo, Zn). \u00d6sszet\u00e9tel: nitrog\u00e9n (N) \u2013 8% (karbamid nitrog\u00e9n N-NH2 \u2013 7,5%) v\u00edzoldhat\u00f3 foszfor-pentoxid (P2O5) \u2013 3,5% v\u00edzoldhat\u00f3 k\u00e1lium-oxid (K2O) \u2013 5% b\u00f3r (B) \u2013 0,01% r\u00e9z (Cu-EDTA) &#8211; 0,01% vas (Fe-EDTA) &#8211; 0,04% mang\u00e1n (Mn-EDTA) &#8211; 0,01%, molibd\u00e9n (Mo) &#8211; 0,001% cink (Zn-EDTA) ) \u2013 0,01% (EDTA &#8211; kel\u00e1tos nyomelemek). A m\u0171tr\u00e1gy\u00e1ban l\u00e9v\u0151 \u00f6sszes t\u00e1panyag teljesen v\u00edzoldhat\u00f3. T\u00e9rfogat\/t\u00f6meg (nett\u00f3) \u2013<br \/>\nFigyelmeztet\u0151 mondatok. \u00c1rtalmas a v\u00edzi szervezetekre, a v\u00edzi k\u00f6rnyezetben hosszan tart\u00f3 k\u00e1rosod\u00e1st okozhat. \u00d3vint\u00e9zked\u00e9sre vonatkoz\u00f3 mondatok. Tartsa t\u00e1vol gyermekekt\u0151l. M\u0171tr\u00e1gya haszn\u00e1latakor tartsa be az \u00e1ltal\u00e1nos higi\u00e9niai el\u0151\u00edr\u00e1sokat. +5 \u00e9s +30\u00b0C k\u00f6z\u00f6tti h\u0151m\u00e9rs\u00e9kleten t\u00e1roland\u00f3. Ker\u00fclje a k\u00f6rnyezetbe, szembe vagy b\u0151rre jut\u00e1st. Viseljen v\u00e9d\u0151keszty\u0171t \u00e9s arcv\u00e9d\u0151t. Ha szembe vagy b\u0151rre ker\u00fcl, azonnal \u00f6bl\u00edtse le v\u00edzzel. Ha az irrit\u00e1ci\u00f3 tov\u00e1bbra is fenn\u00e1ll, k\u00e9rjen orvosi tan\u00e1csot\/figyelmet. Lenyel\u00e9s eset\u00e9n h\u00e1nytasson \u00e9s azonnal forduljon orvoshoz, legyen k\u00e9zn\u00e9l a m\u0171tr\u00e1gya c\u00edmk\u00e9je. Az \u00fcres csomagokat \u00e9s a term\u00e9kmaradv\u00e1nyokat a hat\u00e1lyos el\u0151\u00edr\u00e1soknak megfelel\u0151en kell megsemmis\u00edteni. Gy\u00e1rt\u00e1si d\u00e1tum \u00e9s t\u00e9telsz\u00e1m: l\u00e1sd a csomagol\u00e1son. Fizikai v\u00e1ltoz\u00e1sok eset\u00e9n a m\u0171tr\u00e1gya t\u00e1panyag tulajdons\u00e1gai nem v\u00e1ltoznak. Ha a m\u0171tr\u00e1gy\u00e1t sz\u00e1raz helyen, k\u00f6zvetlen napf\u00e9nyt\u0151l v\u00e9dett helyen t\u00e1rolj\u00e1k, az eltarthat\u00f3s\u00e1gi id\u0151 korl\u00e1tlan.<\/p>\n<p>\u0170rtartalom 0,5l<br \/>\nHozz\u00e1vet\u0151leges term\u00e9kkibocs\u00e1t\u00e1s 0,5 l ~ 100 l munkaoldat.<br \/>\nM\u0171tr\u00e1gya t\u00edpusa Foly\u00e9kony m\u0171tr\u00e1gy\u00e1k<br \/>\nA m\u0171tr\u00e1gya c\u00e9lja Extra m\u0171tr\u00e1gy\u00e1z\u00e1shoz<br \/>\nGy\u00e1rt\u00f3 Agronom<br \/>\nKiszerel\u00e9s 0,5 l<br \/>\nNPK NPK 8-3,5-5,1<br \/>\n\u200b<\/p>\n","protected":false},"featured_media":25443,"comment_status":"closed","ping_status":"closed","template":"","meta":[],"product_brand":[],"product_cat":[388],"product_tag":[],"class_list":{"0":"post-25442","1":"product","2":"type-product","3":"status-publish","4":"has-post-thumbnail","6":"product_cat-agronom-tapoldatok-es-noveny-apolok","8":"first","9":"instock","10":"taxable","11":"shipping-taxable","12":"purchasable","13":"product-type-simple"},"_links":{"self":[{"href":"https:\/\/chilimag.hu\/webshop\/wp-json\/wp\/v2\/product\/25442","targetHints":{"allow":["GET"]}}],"collection":[{"href":"https:\/\/chilimag.hu\/webshop\/wp-json\/wp\/v2\/product"}],"about":[{"href":"https:\/\/chilimag.hu\/webshop\/wp-json\/wp\/v2\/types\/product"}],"replies":[{"embeddable":true,"href":"https:\/\/chilimag.hu\/webshop\/wp-json\/wp\/v2\/comments?post=25442"}],"wp:featuredmedia":[{"embeddable":true,"href":"https:\/\/chilimag.hu\/webshop\/wp-json\/wp\/v2\/media\/25443"}],"wp:attachment":[{"href":"https:\/\/chilimag.hu\/webshop\/wp-json\/wp\/v2\/media?parent=25442"}],"wp:term":[{"taxonomy":"product_brand","embeddable":true,"href":"https:\/\/chilimag.hu\/webshop\/wp-json\/wp\/v2\/product_brand?post=25442"},{"taxonomy":"product_cat","embeddable":true,"href":"https:\/\/chilimag.hu\/webshop\/wp-json\/wp\/v2\/product_cat?post=25442"},{"taxonomy":"product_tag","embeddable":true,"href":"https:\/\/chilimag.hu\/webshop\/wp-json\/wp\/v2\/product_tag?post=25442"}],"curies":[{"name":"wp","href":"https:\/\/api.w.org\/{rel}","templated":true}]}}