{"id":25425,"date":"2023-09-09T18:02:54","date_gmt":"2023-09-09T18:02:54","guid":{"rendered":"https:\/\/chilimag.hu\/webshop\/?post_type=product&#038;p=25425"},"modified":"2026-03-12T02:07:17","modified_gmt":"2026-03-12T02:07:17","slug":"fatyolfolia-3-2x10m-17g","status":"publish","type":"product","link":"https:\/\/chilimag.hu\/webshop\/termek\/fatyolfolia-3-2x10m-17g\/","title":{"rendered":"F\u00e1tyolf\u00f3lia 3.2X10M 17G"},"content":{"rendered":"","protected":false},"excerpt":{"rendered":"<p>F\u00e1ty\u00f3lf\u00f3lia: 17g, 3,2x10m, feh\u00e9r<br \/>\nFeh\u00e9r sz\u00edn<br \/>\nGy\u00e1rt\u00f3 ESHINE INTERNATIONAL<\/p>\n","protected":false},"featured_media":25426,"comment_status":"closed","ping_status":"closed","template":"","meta":[],"product_brand":[],"product_cat":[338],"product_tag":[],"class_list":{"0":"post-25425","1":"product","2":"type-product","3":"status-publish","4":"has-post-thumbnail","6":"product_cat-talajtakarok-es-foliak","8":"first","9":"instock","10":"taxable","11":"shipping-taxable","12":"purchasable","13":"product-type-simple"},"_links":{"self":[{"href":"https:\/\/chilimag.hu\/webshop\/wp-json\/wp\/v2\/product\/25425","targetHints":{"allow":["GET"]}}],"collection":[{"href":"https:\/\/chilimag.hu\/webshop\/wp-json\/wp\/v2\/product"}],"about":[{"href":"https:\/\/chilimag.hu\/webshop\/wp-json\/wp\/v2\/types\/product"}],"replies":[{"embeddable":true,"href":"https:\/\/chilimag.hu\/webshop\/wp-json\/wp\/v2\/comments?post=25425"}],"wp:featuredmedia":[{"embeddable":true,"href":"https:\/\/chilimag.hu\/webshop\/wp-json\/wp\/v2\/media\/25426"}],"wp:attachment":[{"href":"https:\/\/chilimag.hu\/webshop\/wp-json\/wp\/v2\/media?parent=25425"}],"wp:term":[{"taxonomy":"product_brand","embeddable":true,"href":"https:\/\/chilimag.hu\/webshop\/wp-json\/wp\/v2\/product_brand?post=25425"},{"taxonomy":"product_cat","embeddable":true,"href":"https:\/\/chilimag.hu\/webshop\/wp-json\/wp\/v2\/product_cat?post=25425"},{"taxonomy":"product_tag","embeddable":true,"href":"https:\/\/chilimag.hu\/webshop\/wp-json\/wp\/v2\/product_tag?post=25425"}],"curies":[{"name":"wp","href":"https:\/\/api.w.org\/{rel}","templated":true}]}}