{"id":25417,"date":"2023-09-09T17:43:18","date_gmt":"2023-09-09T17:43:18","guid":{"rendered":"https:\/\/chilimag.hu\/webshop\/?post_type=product&#038;p=25417"},"modified":"2026-03-13T15:54:27","modified_gmt":"2026-03-13T15:54:27","slug":"geo-textilia-mulcsozo-filc-3-2x5m-50g-sq-m","status":"publish","type":"product","link":"https:\/\/chilimag.hu\/webshop\/termek\/geo-textilia-mulcsozo-filc-3-2x5m-50g-sq-m\/","title":{"rendered":"Geotext\u00edlia M\u00falcsoz\u00f3 filc 3.2X5M 50G\/SQ.M"},"content":{"rendered":"","protected":false},"excerpt":{"rendered":"<p>Geo-text\u00edlia-Mulcsoz\u00f3 filc: \u00a050g, 3,2x5m, fekete<br \/>\nFekete sz\u00edn<br \/>\nGy\u00e1rt\u00f3 ESHINE INTERNATIONAL<\/p>\n","protected":false},"featured_media":25422,"comment_status":"closed","ping_status":"closed","template":"","meta":[],"product_brand":[],"product_cat":[338],"product_tag":[],"class_list":{"0":"post-25417","1":"product","2":"type-product","3":"status-publish","4":"has-post-thumbnail","6":"product_cat-talajtakarok-es-foliak","8":"first","9":"instock","10":"taxable","11":"shipping-taxable","12":"purchasable","13":"product-type-simple"},"_links":{"self":[{"href":"https:\/\/chilimag.hu\/webshop\/wp-json\/wp\/v2\/product\/25417","targetHints":{"allow":["GET"]}}],"collection":[{"href":"https:\/\/chilimag.hu\/webshop\/wp-json\/wp\/v2\/product"}],"about":[{"href":"https:\/\/chilimag.hu\/webshop\/wp-json\/wp\/v2\/types\/product"}],"replies":[{"embeddable":true,"href":"https:\/\/chilimag.hu\/webshop\/wp-json\/wp\/v2\/comments?post=25417"}],"wp:featuredmedia":[{"embeddable":true,"href":"https:\/\/chilimag.hu\/webshop\/wp-json\/wp\/v2\/media\/25422"}],"wp:attachment":[{"href":"https:\/\/chilimag.hu\/webshop\/wp-json\/wp\/v2\/media?parent=25417"}],"wp:term":[{"taxonomy":"product_brand","embeddable":true,"href":"https:\/\/chilimag.hu\/webshop\/wp-json\/wp\/v2\/product_brand?post=25417"},{"taxonomy":"product_cat","embeddable":true,"href":"https:\/\/chilimag.hu\/webshop\/wp-json\/wp\/v2\/product_cat?post=25417"},{"taxonomy":"product_tag","embeddable":true,"href":"https:\/\/chilimag.hu\/webshop\/wp-json\/wp\/v2\/product_tag?post=25417"}],"curies":[{"name":"wp","href":"https:\/\/api.w.org\/{rel}","templated":true}]}}