{"id":25409,"date":"2023-09-08T18:10:37","date_gmt":"2023-09-08T18:10:37","guid":{"rendered":"https:\/\/chilimag.hu\/webshop\/?post_type=product&#038;p=25409"},"modified":"2026-04-09T11:10:23","modified_gmt":"2026-04-09T11:10:23","slug":"tozeg-afonyaknak-es-rododendronoknak-250-l","status":"publish","type":"product","link":"https:\/\/chilimag.hu\/webshop\/termek\/tozeg-afonyaknak-es-rododendronoknak-250-l\/","title":{"rendered":"T\u0151zeg \u00e1fony\u00e1knak \u00e9s rododendronoknak 250 L SL"},"content":{"rendered":"","protected":false},"excerpt":{"rendered":"<h2><strong><span style=\"color: #ff0000;\">Csak szem\u00e9lyes \u00e1tv\u00e9tel<\/span><\/strong><\/h2>\n<div>\n<p>T\u0150ZEG<br \/>\n\u00c1FONY\u00c1HOZ \u00c9S RODODENDRONOKHOZ<br \/>\nUniverz\u00e1lis t\u0151zegszubsztr\u00e1tum bio t\u0151zegb\u0151l, szakszer\u0171en elk\u00e9sz\u00edtve, speci\u00e1lis formul\u00e1val, \u00e1fonya, dekorat\u00edv t\u0171level\u0171ek, rododendronok \u00e9s m\u00e1s savkedvel\u0151 n\u00f6v\u00e9nyek \u00fcltet\u00e9s\u00e9re, termeszt\u00e9s\u00e9re \u00e9s gondoz\u00e1s\u00e1ra.<br \/>\nT\u00e9rfogat t\u00f6lt\u00e9skor 150 l<br \/>\nFelhaszn\u00e1l\u00e1s \u00c1fony\u00e1hoz, Rododendronhoz<\/p>\n<\/div>\n<div>\n<p>\u00d6sszet\u00e9tel: 100% term\u00e9szetes t\u0151zeg H4-H6, m\u0171tr\u00e1gya NPK 14-16-18 1kg\/m\u00b3<br \/>\nGy\u00e1rt\u00f3 S\u0116KLOS LT<br \/>\nKiszerel\u00e9s 250 L<\/p>\n<\/div>\n<div>\n<p>&nbsp;<\/p>\n<\/div>\n<div>\n<p>Rendeltet\u00e9s: univerz\u00e1lis t\u0151zeg szubsztr\u00e1tum bio t\u0151zeg professzion\u00e1lis-b\u00f3l, speci\u00e1lis formul\u00e1val elk\u00e9sz\u00edtve \u00e1fonya, dekorat\u00edv level\u0171 rododendron \u00e9s m\u00e1s savkedvel\u0151 n\u00f6v\u00e9nyek \u00fcltet\u00e9s\u00e9re, termeszt\u00e9s\u00e9re \u00e9s gondoz\u00e1s\u00e1ra. Az aljzat por\u00f3zus, felsz\u00edvja a vizet \u00e9s meg tartja a nedvess\u00e9get, mentes a betegs\u00e9g vektorokt\u00f3l. A m\u0171tr\u00e1gy\u00e1kat \u00e9s a term\u00e9szetes \u00e1sv\u00e1nyi anyagokat \u00fagy v\u00e1lasztj\u00e1k meg, hogy a n\u00f6v\u00e9nyek k\u00e9pesek legyenek azokat asszimil\u00e1lni.<\/p>\n<\/div>\n<div>\n<p>Talajjav\u00edt\u00f3 anyagok term\u00e9kcsoport: \u00edgy jav\u00edt\u00f3 anyagok kever\u00e9ke.<\/p>\n<\/div>\n<div>\n<p>F\u0151 \u00f6sszetev\u0151k: t\u0151zegl\u00e1p.<\/p>\n<\/div>\n<div>\n<p>\u00d6sszetev\u0151k: savass\u00e1g (pHKCI) 3,5-4,5, p\u00e1ratartalom 606, t\u0151zegfaktumok (mm) 6-20, elektromos vezet\u0151k\u00e9pess\u00e9g (EC mS\/cm) -0,8-1,4, Kalcium Ca) C %, Magn\u00e9zium (Mg) 0,04%.<\/p>\n<\/div>\n<div>\n<p>Tippek: haszn\u00e1lat el\u0151tt az aljzatot teljesen meg kell nedves\u00edteni. Ezt az \u00e1t\u00fcltet\u00e9s el\u0151tt este kell elv\u00e9gezni. \u00dcltet\u00e9skor vagy \u00fajra telep\u00edt\u00e9skor biohumuszt aj\u00e1nlunk. Ezzel az aljzattal keverve felhaszn\u00e1lt mennyis\u00e9gek: bogy\u00f3s cserj\u00e9k \u2013 21\/1 n\u00f6v\u00e9nyen-k\u00e9n (\u00fcltet\u00e9s, g\u00f6d\u00f6r) vagy 8 l\/d\u00edszn\u00f6v\u00e9nyenk\u00e9nt -500 ml\/1 n\u00f6v\u00e9nyenk\u00e9nt (\u00fcltet\u00e9si g\u00f6dr\u00f6n-k\u00e9nt) vagy 600 nl. talaj, vagy 1,1\/m. H\u0171v\u00f6s id\u0151ben \u00fcltess\u00fck \u00e1t a n\u00f6v\u00e9nyeket. A haszn\u00e1lt aljzat t\u00f6k\u00e9letes a kerti talaj aj szerkezethez \u00e9s a tr\u00e1gy\u00e1z\u00f3 hat\u00e1shoz.<\/p>\n<\/div>\n<div>\n<p>Biztons\u00e1g \u00e9s t\u00e1rol\u00e1s: sz\u00e1raz helyen, k\u00f6zvetlen napf\u00e9nyt\u0151l nedvess\u00e9gt\u0151l, potenci\u00e1lis szennyez\u0151d\u00e9st\u0151l \u00e9s mechanikai csomagol\u00e1si s\u00e9r\u00fcl\u00e9st\u0151l v\u00e9dve t\u00e1roland\u00f3. H\u0151forr\u00e1sokt\u00f3l \u00e9s gy\u00fal\u00e9kony anyagokt\u00f3l t\u00e1vol tartand\u00f3. +40\u00b0C-ot meg nem halad\u00f3 t\u00e1rol\u00e1si h\u0151m\u00e9rs\u00e9klet. Gy\u0171jtse \u00f6ssze haszn\u00e1lja rendeltet\u00e9s sz\u00e9r\u0171\u00e9n. Fizikai v\u00e1ltoz\u00e1sok eset\u00e9n az aljzat t\u00e1panyag-tulajdons\u00e1gai v\u00e1ltozatlanok k\u00f6zvetlen napf\u00e9nyt\u0151l v\u00e9dve t\u00e1roljuk, a lej\u00e1rati id\u0151 korl\u00e1tlan.<\/p>\n<\/div>\n<p>&nbsp;<\/p>\n","protected":false},"featured_media":25411,"comment_status":"closed","ping_status":"closed","template":"","meta":[],"product_brand":[],"product_cat":[371],"product_tag":[],"class_list":{"0":"post-25409","1":"product","2":"type-product","3":"status-publish","4":"has-post-thumbnail","6":"product_cat-seklos-lt-tozegek","7":"product_shipping_class-kizarolag-szemelyes-atvetel","9":"first","10":"instock","11":"taxable","12":"shipping-taxable","13":"purchasable","14":"product-type-simple"},"_links":{"self":[{"href":"https:\/\/chilimag.hu\/webshop\/wp-json\/wp\/v2\/product\/25409","targetHints":{"allow":["GET"]}}],"collection":[{"href":"https:\/\/chilimag.hu\/webshop\/wp-json\/wp\/v2\/product"}],"about":[{"href":"https:\/\/chilimag.hu\/webshop\/wp-json\/wp\/v2\/types\/product"}],"replies":[{"embeddable":true,"href":"https:\/\/chilimag.hu\/webshop\/wp-json\/wp\/v2\/comments?post=25409"}],"wp:featuredmedia":[{"embeddable":true,"href":"https:\/\/chilimag.hu\/webshop\/wp-json\/wp\/v2\/media\/25411"}],"wp:attachment":[{"href":"https:\/\/chilimag.hu\/webshop\/wp-json\/wp\/v2\/media?parent=25409"}],"wp:term":[{"taxonomy":"product_brand","embeddable":true,"href":"https:\/\/chilimag.hu\/webshop\/wp-json\/wp\/v2\/product_brand?post=25409"},{"taxonomy":"product_cat","embeddable":true,"href":"https:\/\/chilimag.hu\/webshop\/wp-json\/wp\/v2\/product_cat?post=25409"},{"taxonomy":"product_tag","embeddable":true,"href":"https:\/\/chilimag.hu\/webshop\/wp-json\/wp\/v2\/product_tag?post=25409"}],"curies":[{"name":"wp","href":"https:\/\/api.w.org\/{rel}","templated":true}]}}