{"id":25406,"date":"2023-09-08T18:00:02","date_gmt":"2023-09-08T18:00:02","guid":{"rendered":"https:\/\/chilimag.hu\/webshop\/?post_type=product&#038;p=25406"},"modified":"2026-04-18T04:20:36","modified_gmt":"2026-04-18T04:20:36","slug":"tozeg-rododendronoknak-orokzold-sziklakerti-novenyeknek-es-fenyokhoz-40l","status":"publish","type":"product","link":"https:\/\/chilimag.hu\/webshop\/termek\/tozeg-rododendronoknak-orokzold-sziklakerti-novenyeknek-es-fenyokhoz-40l\/","title":{"rendered":"T\u0151zeg rododendronoknak, \u00f6r\u00f6kz\u00f6ld, sziklakerti n\u00f6v\u00e9nyeknek, feny\u0151kh\u00f6z \u00e9s d\u00edszf\u00fcvekhez 40L"},"content":{"rendered":"","protected":false},"excerpt":{"rendered":"<p>T\u0170ZEG ALJZAT D\u00cdSZF\u00dcVEK, RODODENDRONOK, \u00d6R\u00d6GZ\u00d6LD \u00c9S SZIKLAKERTI N\u00d6V\u00c9NYEKHEZ<br \/>\nSokoldal\u00fa, professzion\u00e1lisan elk\u00e9sz\u00edtett, k\u00f6rnyezetbar\u00e1t t\u0151zegb\u0151l k\u00e9sz\u00fclt szubsztr\u00e1tum d\u00edszt\u0171level\u0171eknek, rododendronoknak \u00e9s a savany\u00fabb t\u00e1ptalajt kedvel\u0151 n\u00f6v\u00e9nyeknek, lombos \u00e9s \u00f6r\u00f6kz\u00f6ld d\u00edszn\u00f6v\u00e9nyeknek, sziklakerti n\u00f6v\u00e9nyeknek, sziklatelep\u00edt\u00e9snek, termeszt\u00e9snek \u00e9s karbantart\u00e1snak sz\u00e1nt, szakszer\u0171en elk\u00e9sz\u00edtett t\u0151zegszubsztr\u00e1tum. kerti n\u00f6v\u00e9nyek.<\/p>\n<p style=\"font-weight: 400;\">C\u00e9l: univerz\u00e1lis, szakszer\u0171en elk\u00e9sztett t\u0151zeg \u00f6kol\u00f3giailag tiszta t\u0151zegb\u0151l k\u00e9sz\u00fclt speci\u00e1lis recept\u00fara szerinti szubsztr\u00e1tum, dekorat\u00edv t\u0171level\u0171ek, rododendronok \u00e9s savany\u00fabb k\u00f6rnyezetet kedvel\u0151 n\u00f6v\u00e9nyek, dekorat\u00edv lombhullat\u00f3 \u00e9s \u00f6r\u00f6kz\u00f6ld n\u00f6v\u00e9nyek, sziklakerti n\u00f6v\u00e9nyek \u00fcltet\u00e9s\u00e9re, termeszt\u00e9s\u00e9re \u00e9s gondoz\u00e1s\u00e1ra. Az aljzat por\u00f3zus, j\u00f3l felsz\u00edvja a vizet, megtartja a nedvess\u00e9get, \u00e9s nem tartalmaz betegs\u00e9geket. A m\u0171tr\u00e1gy\u00e1kat \u00e9s a term\u00e9szetes \u00e1sv\u00e1nyi adal\u00e9kokat \u00fagy v\u00e1lasztj\u00e1k ki, hogy a n\u00f6v\u00e9nyek k\u00f6nnyen felsz\u00edvj\u00e1k azokat.<\/p>\n<p style=\"font-weight: 400;\">F\u0151bb \u00f6sszetev\u0151k: t\u0151zeg (H4-H6), m\u00e9szpor, \u00e1sv\u00e1nyi m\u0171tr\u00e1gy\u00e1k, felsz\u00edv\u00f3d\u00e1st jav\u00edt\u00f3 anyagok.<\/p>\n<p style=\"font-weight: 400;\">\u00d6sszet\u00e9tel: p\u00e1ratartalom: -legfeljebb 65%, reakci\u00f3 (pHKC) 4,5-5,0, elektromos vezet\u0151k\u00e9pess\u00e9g (EC mS\/cm)-1,0-1,2, k\u00e1lcium Ca) 0,7%, magn\u00e9zium (Mg)-0,07%, frakci\u00f3 0-20 mm.<\/p>\n<p style=\"font-weight: 400;\">Tippek: Az aljzat haszn\u00e1lata el\u0151tt j\u00f3l szell\u0151ztetni kell nedves\u00edteni. Az \u00e1t\u00fcltet\u00e9s ut\u00e1n legal\u00e1bb egy h\u00f3napig nem sz\u00fcks\u00e9ges m\u0171tr\u00e1gy\u00e1zni, elegend\u0151 \u00f6nt\u00f6z\u00e9ssel fenntartani a nedvess\u00e9get. Egy h\u00f3nap eltelt\u00e9vel kezdje el a kieg\u00e9sz\u00edt\u0151 m\u0171tr\u00e1gy\u00e1z\u00e1st \u00f6nt\u00f6z\u00e9ssel. H\u0171v\u00f6s id\u0151ben \u00fcltessen (\u00fcltesse \u00e1t a n\u00f6v\u00e9nyeket). A megl\u00e9v\u0151 kerti talajt 1:1 ar\u00e1nyban j\u00f3l keverje \u00f6ssze aljzattal. Az aljzat kiv\u00e1l\u00f3 eszk\u00f6z a mulcsoz\u00e1shoz is. \u00d6nmag\u00e1ban vagy k\u00e9reggel ( forg\u00e1cs) kever\u00e9ke alkalmazz\u00e1k. A felhaszn\u00e1lt aljzat kiv\u00e1l\u00f3an illeszkedik a kert vagy a vetem\u00e9nyes talaj\u00e1hoz, jav\u00edtja annak szerkezet\u00e9t \u00e9s term\u00e9kenys\u00e9g\u00e9t.<\/p>\n<p>T\u00e9rfogat t\u00f6lt\u00e9skor 40 l<br \/>\nC\u00e9l D\u00edszn\u00f6v\u00e9nyekhez<br \/>\nGy\u00e1rt\u00f3 S\u0116KLOS LT<br \/>\nKiszerel\u00e9s 40l<\/p>\n","protected":false},"featured_media":25407,"comment_status":"closed","ping_status":"closed","template":"","meta":[],"product_brand":[],"product_cat":[371],"product_tag":[],"class_list":{"0":"post-25406","1":"product","2":"type-product","3":"status-publish","4":"has-post-thumbnail","6":"product_cat-seklos-lt-tozegek","8":"first","9":"instock","10":"taxable","11":"shipping-taxable","12":"purchasable","13":"product-type-simple"},"_links":{"self":[{"href":"https:\/\/chilimag.hu\/webshop\/wp-json\/wp\/v2\/product\/25406","targetHints":{"allow":["GET"]}}],"collection":[{"href":"https:\/\/chilimag.hu\/webshop\/wp-json\/wp\/v2\/product"}],"about":[{"href":"https:\/\/chilimag.hu\/webshop\/wp-json\/wp\/v2\/types\/product"}],"replies":[{"embeddable":true,"href":"https:\/\/chilimag.hu\/webshop\/wp-json\/wp\/v2\/comments?post=25406"}],"wp:featuredmedia":[{"embeddable":true,"href":"https:\/\/chilimag.hu\/webshop\/wp-json\/wp\/v2\/media\/25407"}],"wp:attachment":[{"href":"https:\/\/chilimag.hu\/webshop\/wp-json\/wp\/v2\/media?parent=25406"}],"wp:term":[{"taxonomy":"product_brand","embeddable":true,"href":"https:\/\/chilimag.hu\/webshop\/wp-json\/wp\/v2\/product_brand?post=25406"},{"taxonomy":"product_cat","embeddable":true,"href":"https:\/\/chilimag.hu\/webshop\/wp-json\/wp\/v2\/product_cat?post=25406"},{"taxonomy":"product_tag","embeddable":true,"href":"https:\/\/chilimag.hu\/webshop\/wp-json\/wp\/v2\/product_tag?post=25406"}],"curies":[{"name":"wp","href":"https:\/\/api.w.org\/{rel}","templated":true}]}}