{"id":25377,"date":"2023-08-30T18:35:57","date_gmt":"2023-08-30T18:35:57","guid":{"rendered":"https:\/\/chilimag.hu\/webshop\/?post_type=product&#038;p=25377"},"modified":"2025-02-03T07:53:10","modified_gmt":"2025-02-03T07:53:10","slug":"kis-verfu-salad-burnet-ht-h","status":"publish","type":"product","link":"https:\/\/chilimag.hu\/webshop\/termek\/kis-verfu-salad-burnet-ht-h\/","title":{"rendered":"Kis v\u00e9rf\u0171 ( Salad burnet) Ht H"},"content":{"rendered":"","protected":false},"excerpt":{"rendered":"<p><img decoding=\"async\" class=\"img-responsive\" title=\"Horti Tops\" src=\"https:\/\/tuinplus.nl\/Documents\/Images\/Banners\/Horti_Tops_Roll_Over.jpg\" alt=\"Horti Tops\" \/><\/p>\n<p>Botanikai n\u00e9v:\u00a0Sanguisorba mino<\/p>\n<p>Sal\u00e1ta Burnet<br \/>\n\u00c1prilist\u00f3l j\u00faniusig a szabadban mag\u00e1gyban. Ritk\u00edtsuk \u00e9s \u00fcltess\u00fck ki \u00e1lland\u00f3 helyre. Levele petrezselyemk\u00e9nt haszn\u00e1lhat\u00f3: sal\u00e1t\u00e1k, h\u00fasok, sz\u00e1rnyasok, f\u0171szern\u00f6v\u00e9nyes sz\u00f3szok, halak \u00e9s levesek f\u0171szerez\u00e9s\u00e9re.<\/p>\n<p>&nbsp;<\/p>\n","protected":false},"featured_media":25378,"comment_status":"closed","ping_status":"closed","template":"","meta":[],"product_brand":[],"product_cat":[438],"product_tag":[],"class_list":{"0":"post-25377","1":"product","2":"type-product","3":"status-publish","4":"has-post-thumbnail","6":"product_cat-horti-tops","8":"first","9":"instock","10":"taxable","11":"shipping-taxable","12":"purchasable","13":"product-type-simple"},"_links":{"self":[{"href":"https:\/\/chilimag.hu\/webshop\/wp-json\/wp\/v2\/product\/25377","targetHints":{"allow":["GET"]}}],"collection":[{"href":"https:\/\/chilimag.hu\/webshop\/wp-json\/wp\/v2\/product"}],"about":[{"href":"https:\/\/chilimag.hu\/webshop\/wp-json\/wp\/v2\/types\/product"}],"replies":[{"embeddable":true,"href":"https:\/\/chilimag.hu\/webshop\/wp-json\/wp\/v2\/comments?post=25377"}],"wp:featuredmedia":[{"embeddable":true,"href":"https:\/\/chilimag.hu\/webshop\/wp-json\/wp\/v2\/media\/25378"}],"wp:attachment":[{"href":"https:\/\/chilimag.hu\/webshop\/wp-json\/wp\/v2\/media?parent=25377"}],"wp:term":[{"taxonomy":"product_brand","embeddable":true,"href":"https:\/\/chilimag.hu\/webshop\/wp-json\/wp\/v2\/product_brand?post=25377"},{"taxonomy":"product_cat","embeddable":true,"href":"https:\/\/chilimag.hu\/webshop\/wp-json\/wp\/v2\/product_cat?post=25377"},{"taxonomy":"product_tag","embeddable":true,"href":"https:\/\/chilimag.hu\/webshop\/wp-json\/wp\/v2\/product_tag?post=25377"}],"curies":[{"name":"wp","href":"https:\/\/api.w.org\/{rel}","templated":true}]}}