{"id":25335,"date":"2023-08-18T06:45:56","date_gmt":"2023-08-18T06:45:56","guid":{"rendered":"https:\/\/chilimag.hu\/webshop\/?post_type=product&#038;p=25335"},"modified":"2023-09-08T18:29:39","modified_gmt":"2023-09-08T18:29:39","slug":"sorkihuzo-gt122","status":"publish","type":"product","link":"https:\/\/chilimag.hu\/webshop\/termek\/sorkihuzo-gt122\/","title":{"rendered":"Sorkih\u00faz\u00f3 GT122"},"content":{"rendered":"","protected":false},"excerpt":{"rendered":"<p>M\u00e9rete: sz\u00e9less\u00e9ge 12 cm, m\u00e9lys\u00e9ge 5,7 cm, magass\u00e1ga 27 cm.<\/p>\n","protected":false},"featured_media":25412,"comment_status":"closed","ping_status":"closed","template":"","meta":[],"product_brand":[],"product_cat":[342],"product_tag":[],"class_list":{"0":"post-25335","1":"product","2":"type-product","3":"status-publish","4":"has-post-thumbnail","6":"product_cat-egyeb-kerti-termekek","8":"first","9":"instock","10":"taxable","11":"shipping-taxable","12":"purchasable","13":"product-type-simple"},"_links":{"self":[{"href":"https:\/\/chilimag.hu\/webshop\/wp-json\/wp\/v2\/product\/25335","targetHints":{"allow":["GET"]}}],"collection":[{"href":"https:\/\/chilimag.hu\/webshop\/wp-json\/wp\/v2\/product"}],"about":[{"href":"https:\/\/chilimag.hu\/webshop\/wp-json\/wp\/v2\/types\/product"}],"replies":[{"embeddable":true,"href":"https:\/\/chilimag.hu\/webshop\/wp-json\/wp\/v2\/comments?post=25335"}],"wp:featuredmedia":[{"embeddable":true,"href":"https:\/\/chilimag.hu\/webshop\/wp-json\/wp\/v2\/media\/25412"}],"wp:attachment":[{"href":"https:\/\/chilimag.hu\/webshop\/wp-json\/wp\/v2\/media?parent=25335"}],"wp:term":[{"taxonomy":"product_brand","embeddable":true,"href":"https:\/\/chilimag.hu\/webshop\/wp-json\/wp\/v2\/product_brand?post=25335"},{"taxonomy":"product_cat","embeddable":true,"href":"https:\/\/chilimag.hu\/webshop\/wp-json\/wp\/v2\/product_cat?post=25335"},{"taxonomy":"product_tag","embeddable":true,"href":"https:\/\/chilimag.hu\/webshop\/wp-json\/wp\/v2\/product_tag?post=25335"}],"curies":[{"name":"wp","href":"https:\/\/api.w.org\/{rel}","templated":true}]}}