{"id":25319,"date":"2023-08-10T18:19:45","date_gmt":"2023-08-10T18:19:45","guid":{"rendered":"https:\/\/chilimag.hu\/webshop\/?post_type=product&#038;p=25319"},"modified":"2026-03-21T08:24:11","modified_gmt":"2026-03-21T08:24:11","slug":"librel-fe-dp-1-kg","status":"publish","type":"product","link":"https:\/\/chilimag.hu\/webshop\/termek\/librel-fe-dp-1-kg\/","title":{"rendered":"Librel Fe-DP 1 kg"},"content":{"rendered":"","protected":false},"excerpt":{"rendered":"<p>Valamennyi sz\u00e1nt\u00f3f\u00f6ldi, kert\u00e9szeti n\u00f6v\u00e9nyek \u00e9s gy\u00fcm\u00f6lcsf\u00e9l\u00e9k vashi\u00e1ny\u00e1nak kezel\u00e9s\u00e9re.<\/p>\n<p>pH 7,5 alatti talajokon aj\u00e1nlott.<\/p>\n<p>K\u0151zetgyapot \u00e9s m\u00e1s hidrop\u00f3ni\u00e1s termeszt\u0151 k\u00f6zeg vasforr\u00e1s\u00e1nak is aj\u00e1nlott.<\/p>\n<p>T\u00e1poldatba keverten 7,0 pH alatt haszn\u00e1ljuk. 1. Talajkezel\u00e9s \u00f6nt\u00f6z\u00e9ssel (0,01 kg\/1000 l v\u00edz t\u00f6m\u00e9nys\u00e9gben) kijuttatva, majd bedolgozva:<\/p>\n<p>\u2022 Sz\u00e1nt\u00f3f\u00f6ldi n\u00f6v\u00e9nyek 1,0-5,0 kg\/ha<\/p>\n<p>\u2022 Gy\u00fcm\u00f6lcsf\u00e9l\u00e9k, d\u00edszf\u00e1k 20-100 g\/fa<\/p>\n<p>\u2022 F\u00e1k 20-100 g\/fa<\/p>\n<p>\u2022 Bogy\u00f3s gy\u00fcm\u00f6lcsf\u00e9l\u00e9kben, d\u00edszcserj\u00e9kn\u00e9l 5-25 g \/ bokor<\/p>\n<p>2. Hidroponi\u00e1s, k\u0151zetgyapotos termeszt\u00e9sben 160 g\/m3 t\u00f6m\u00e9nys\u00e9gben<\/p>\n<p>3. T\u00e1poldatoz\u00e1sra cserepes n\u00f6v\u00e9nyekn\u00e9l 0,5 %-os t\u00f6m\u00e9nys\u00e9gben. DTPA kel\u00e1t 7% vasat tartalmaz.<\/p>\n","protected":false},"featured_media":25320,"comment_status":"closed","ping_status":"closed","template":"","meta":[],"product_brand":[],"product_cat":[347],"product_tag":[],"class_list":{"0":"post-25319","1":"product","2":"type-product","3":"status-publish","4":"has-post-thumbnail","6":"product_cat-347","8":"first","9":"instock","10":"taxable","11":"shipping-taxable","12":"purchasable","13":"product-type-simple"},"_links":{"self":[{"href":"https:\/\/chilimag.hu\/webshop\/wp-json\/wp\/v2\/product\/25319","targetHints":{"allow":["GET"]}}],"collection":[{"href":"https:\/\/chilimag.hu\/webshop\/wp-json\/wp\/v2\/product"}],"about":[{"href":"https:\/\/chilimag.hu\/webshop\/wp-json\/wp\/v2\/types\/product"}],"replies":[{"embeddable":true,"href":"https:\/\/chilimag.hu\/webshop\/wp-json\/wp\/v2\/comments?post=25319"}],"wp:featuredmedia":[{"embeddable":true,"href":"https:\/\/chilimag.hu\/webshop\/wp-json\/wp\/v2\/media\/25320"}],"wp:attachment":[{"href":"https:\/\/chilimag.hu\/webshop\/wp-json\/wp\/v2\/media?parent=25319"}],"wp:term":[{"taxonomy":"product_brand","embeddable":true,"href":"https:\/\/chilimag.hu\/webshop\/wp-json\/wp\/v2\/product_brand?post=25319"},{"taxonomy":"product_cat","embeddable":true,"href":"https:\/\/chilimag.hu\/webshop\/wp-json\/wp\/v2\/product_cat?post=25319"},{"taxonomy":"product_tag","embeddable":true,"href":"https:\/\/chilimag.hu\/webshop\/wp-json\/wp\/v2\/product_tag?post=25319"}],"curies":[{"name":"wp","href":"https:\/\/api.w.org\/{rel}","templated":true}]}}