{"id":25316,"date":"2023-08-10T15:57:27","date_gmt":"2023-08-10T15:57:27","guid":{"rendered":"https:\/\/chilimag.hu\/webshop\/?post_type=product&#038;p=25316"},"modified":"2025-12-11T07:37:53","modified_gmt":"2025-12-11T07:37:53","slug":"vitaflora-orokzold-es-rododendron-tapoldat-1-l","status":"publish","type":"product","link":"https:\/\/chilimag.hu\/webshop\/termek\/vitaflora-orokzold-es-rododendron-tapoldat-1-l\/","title":{"rendered":"Vitafl\u00f3ra \u00d6r\u00f6kz\u00f6ld \u00e9s Rododendron t\u00e1poldat 1 l"},"content":{"rendered":"","protected":false},"excerpt":{"rendered":"<p>Biztos\u00edtja a n\u00f6v\u00e9ny er\u0151teljes, eg\u00e9szs\u00e9ges fejl\u0151d\u00e9s\u00e9hez sz\u00fcks\u00e9ges t\u00e1panyagokat. A kiemelten magas magn\u00e9ziumtartalom seg\u00edt meg\u0151rizni a lombozat fajt\u00e1ra jellemz\u0151 sz\u00edn\u00e9t a teljes \u00e9v folyam\u00e1n. A t\u00e1poldat savas k\u00e9mhat\u00e1s\u00fa \u00e9s alacsony s\u00f3tartalm\u00fa, ami az \u00f6r\u00f6kz\u00f6ldek savany\u00fa talaj ir\u00e1nti ig\u00e9ny\u00e9t el\u00e9g\u00edti ki. Felhaszn\u00e1l\u00e1s: feny\u0151f\u00e9l\u00e9khez, tuj\u00e1khoz, bor\u00f3kaf\u00e9l\u00e9khez, tiszaf\u00e1khoz, k\u00fcl\u00f6nf\u00e9le fagyalokhoz \u00e9s rododendronf\u00e9l\u00e9khez, az\u00e1le\u00e1khoz.\u00d6sszet\u00e9tel: NPK 10,9-3,7-4,7<\/p>\n","protected":false},"featured_media":25317,"comment_status":"closed","ping_status":"closed","template":"","meta":[],"product_brand":[],"product_cat":[391],"product_tag":[],"class_list":{"0":"post-25316","1":"product","2":"type-product","3":"status-publish","4":"has-post-thumbnail","6":"product_cat-egyeb-tapoldatok","8":"first","9":"outofstock","10":"taxable","11":"shipping-taxable","12":"purchasable","13":"product-type-simple"},"_links":{"self":[{"href":"https:\/\/chilimag.hu\/webshop\/wp-json\/wp\/v2\/product\/25316","targetHints":{"allow":["GET"]}}],"collection":[{"href":"https:\/\/chilimag.hu\/webshop\/wp-json\/wp\/v2\/product"}],"about":[{"href":"https:\/\/chilimag.hu\/webshop\/wp-json\/wp\/v2\/types\/product"}],"replies":[{"embeddable":true,"href":"https:\/\/chilimag.hu\/webshop\/wp-json\/wp\/v2\/comments?post=25316"}],"wp:featuredmedia":[{"embeddable":true,"href":"https:\/\/chilimag.hu\/webshop\/wp-json\/wp\/v2\/media\/25317"}],"wp:attachment":[{"href":"https:\/\/chilimag.hu\/webshop\/wp-json\/wp\/v2\/media?parent=25316"}],"wp:term":[{"taxonomy":"product_brand","embeddable":true,"href":"https:\/\/chilimag.hu\/webshop\/wp-json\/wp\/v2\/product_brand?post=25316"},{"taxonomy":"product_cat","embeddable":true,"href":"https:\/\/chilimag.hu\/webshop\/wp-json\/wp\/v2\/product_cat?post=25316"},{"taxonomy":"product_tag","embeddable":true,"href":"https:\/\/chilimag.hu\/webshop\/wp-json\/wp\/v2\/product_tag?post=25316"}],"curies":[{"name":"wp","href":"https:\/\/api.w.org\/{rel}","templated":true}]}}