{"id":25314,"date":"2023-08-10T15:54:07","date_gmt":"2023-08-10T15:54:07","guid":{"rendered":"https:\/\/chilimag.hu\/webshop\/?post_type=product&#038;p=25314"},"modified":"2026-03-14T14:50:09","modified_gmt":"2026-03-14T14:50:09","slug":"substral-mutragya-fenyofelk-szamara-350-gr","status":"publish","type":"product","link":"https:\/\/chilimag.hu\/webshop\/termek\/substral-mutragya-fenyofelk-szamara-350-gr\/","title":{"rendered":"Substral m\u0171tr\u00e1gya kerti n\u00f6v\u00e9nyek sz\u00e1m\u00e1ra 300 gr"},"content":{"rendered":"","protected":false},"excerpt":{"rendered":"<p>EK m\u0171tr\u00e1gya.NPK 30-10-10, mikroelemekben gazdag plusz vassal \u00e9s magn\u00e9ziummal. K\u00e9sz t\u00e1panyag a n\u00f6v\u00e9nyek sz\u00e1m\u00e1ra, v\u00edzben t\u00f6k\u00e9letesen old\u00f3dik. Rendk\u00edv\u00fcl gazdas\u00e1gos, 175 liter t\u00e1poldat lesz bel\u0151le. Haszn\u00e1lat\u00e1val megel\u0151zhet\u0151 a lev\u00e9lbarnul\u00e1s. Aj\u00e1nlott tuj\u00e1khoz \u00e9s feny\u0151f\u00e9l\u00e9khez, azale\u00e1hoz, hortenzi\u00e1hoz, erika f\u00e9l\u00e9khez. Alkalmazhat\u00f3 \u00e1prilist\u00f3l okt\u00f3berig.<\/p>\n","protected":false},"featured_media":0,"comment_status":"closed","ping_status":"closed","template":"","meta":[],"product_brand":[],"product_cat":[391],"product_tag":[],"class_list":{"0":"post-25314","1":"product","2":"type-product","3":"status-publish","5":"product_cat-egyeb-tapoldatok","7":"first","8":"instock","9":"taxable","10":"shipping-taxable","11":"purchasable","12":"product-type-simple"},"_links":{"self":[{"href":"https:\/\/chilimag.hu\/webshop\/wp-json\/wp\/v2\/product\/25314","targetHints":{"allow":["GET"]}}],"collection":[{"href":"https:\/\/chilimag.hu\/webshop\/wp-json\/wp\/v2\/product"}],"about":[{"href":"https:\/\/chilimag.hu\/webshop\/wp-json\/wp\/v2\/types\/product"}],"replies":[{"embeddable":true,"href":"https:\/\/chilimag.hu\/webshop\/wp-json\/wp\/v2\/comments?post=25314"}],"wp:attachment":[{"href":"https:\/\/chilimag.hu\/webshop\/wp-json\/wp\/v2\/media?parent=25314"}],"wp:term":[{"taxonomy":"product_brand","embeddable":true,"href":"https:\/\/chilimag.hu\/webshop\/wp-json\/wp\/v2\/product_brand?post=25314"},{"taxonomy":"product_cat","embeddable":true,"href":"https:\/\/chilimag.hu\/webshop\/wp-json\/wp\/v2\/product_cat?post=25314"},{"taxonomy":"product_tag","embeddable":true,"href":"https:\/\/chilimag.hu\/webshop\/wp-json\/wp\/v2\/product_tag?post=25314"}],"curies":[{"name":"wp","href":"https:\/\/api.w.org\/{rel}","templated":true}]}}