{"id":25228,"date":"2023-07-27T18:07:42","date_gmt":"2023-07-27T18:07:42","guid":{"rendered":"https:\/\/chilimag.hu\/webshop\/?post_type=product&#038;p=25228"},"modified":"2025-11-15T08:56:25","modified_gmt":"2025-11-15T08:56:25","slug":"fitohorm-vaskelat-fitofer-t-e-1-l","status":"publish","type":"product","link":"https:\/\/chilimag.hu\/webshop\/termek\/fitohorm-vaskelat-fitofer-t-e-1-l\/","title":{"rendered":"Fitohorm Vaskel\u00e1t Fitofer T-e 1 L"},"content":{"rendered":"","protected":false},"excerpt":{"rendered":"<div class=\"row\">\n<div class=\"col-lg-12\">\n<p>A FitoFerr T-3 vasm\u0171tr\u00e1gya oldat kel\u00e1tk\u00e9pz\u0151vel, mely felhaszn\u00e1lhat\u00f3 vashi\u00e1ny megel\u0151z\u00e9s\u00e9re \u00e9s gy\u00f3gy\u00edt\u00e1s\u00e1ra sz\u00e1nt\u00f3f\u00f6ldi \u00e9s kert\u00e9szeti kult\u00far\u00e1kban, l\u00fagos, meszes talajokon, els\u0151sorban talajkezel\u00e9s form\u00e1j\u00e1ban.EK-m\u0171tr\u00e1gya<br \/>\nKel\u00e1tk\u00e9pz\u0151: EDDHSA<\/p>\n<p>Felhaszn\u00e1l\u00e1si javaslat<br \/>\nSz\u0151l\u0151ben:<br \/>\nTelep\u00edt\u00e9skor 10-15 ml\/t\u0151ke<br \/>\nTerm\u0151 sz\u0151l\u0151ben: 50-120 ml\/t\u0151ke<\/p>\n<p>Gy\u00fcm\u00f6lcs\u00f6sben:<br \/>\nTelep\u00edt\u00e9skor: 25-40 ml\/fa<br \/>\nTerm\u0151 \u00fcltetv\u00e9nyben: 75-400 ml\/fa<br \/>\nBogy\u00f3s gy\u00fcm\u00f6lcs\u00f6kben:<br \/>\n25-100 ml\/t\u0151ke<\/p>\n<p>D\u00edszn\u00f6v\u00e9nyekn\u00e9l:<br \/>\nD\u00edszcserj\u00e9k: 5-25 ml\/t\u0151<br \/>\nD\u00edszf\u00e1k: 120-250 ml\/t\u0151<br \/>\nR\u00f3zsa: 10-25 ml\/t\u0151<\/p>\n<p>F\u00f3li\u00e1s termeszt\u00e9sben t\u00e1poldatoz\u00e1sra: 0,5-1 l\/m3\u00a0v\u00edz<br \/>\nA kezel\u00e9seket a t\u00e1panyaghi\u00e1ny m\u00e9rt\u00e9k\u00e9nek megfelel\u0151en 2-6 alkalommal ism\u00e9telni lehet a teny\u00e9szid\u0151szak folyam\u00e1n.<br \/>\n\u00d6sszet\u00e9tel:<br \/>\nFe: 3 %<\/p>\n<p>D\u00f3zis:\u00a050-100 ml\/t\u0151ke<\/p>\n<p>Eltarthat\u00f3s\u00e1g:<br \/>\neredeti, z\u00e1rt csomagol\u00e1sban, \u00e9telt\u0151l, italt\u00f3l, takarm\u00e1nyt\u00f3l elk\u00fcl\u00f6n\u00edtve, sz\u00e1raz, fedett, h\u0171v\u00f6s \u2013 de fagymentes \u2013 helyen korl\u00e1tlan ideig eltarthat\u00f3.<\/p>\n<\/div>\n<\/div>\n<div class=\"row\"><\/div>\n","protected":false},"featured_media":25229,"comment_status":"closed","ping_status":"closed","template":"","meta":[],"product_brand":[],"product_cat":[389],"product_tag":[],"class_list":{"0":"post-25228","1":"product","2":"type-product","3":"status-publish","4":"has-post-thumbnail","6":"product_cat-fitohorm","8":"first","9":"instock","10":"taxable","11":"shipping-taxable","12":"purchasable","13":"product-type-simple"},"_links":{"self":[{"href":"https:\/\/chilimag.hu\/webshop\/wp-json\/wp\/v2\/product\/25228","targetHints":{"allow":["GET"]}}],"collection":[{"href":"https:\/\/chilimag.hu\/webshop\/wp-json\/wp\/v2\/product"}],"about":[{"href":"https:\/\/chilimag.hu\/webshop\/wp-json\/wp\/v2\/types\/product"}],"replies":[{"embeddable":true,"href":"https:\/\/chilimag.hu\/webshop\/wp-json\/wp\/v2\/comments?post=25228"}],"wp:featuredmedia":[{"embeddable":true,"href":"https:\/\/chilimag.hu\/webshop\/wp-json\/wp\/v2\/media\/25229"}],"wp:attachment":[{"href":"https:\/\/chilimag.hu\/webshop\/wp-json\/wp\/v2\/media?parent=25228"}],"wp:term":[{"taxonomy":"product_brand","embeddable":true,"href":"https:\/\/chilimag.hu\/webshop\/wp-json\/wp\/v2\/product_brand?post=25228"},{"taxonomy":"product_cat","embeddable":true,"href":"https:\/\/chilimag.hu\/webshop\/wp-json\/wp\/v2\/product_cat?post=25228"},{"taxonomy":"product_tag","embeddable":true,"href":"https:\/\/chilimag.hu\/webshop\/wp-json\/wp\/v2\/product_tag?post=25228"}],"curies":[{"name":"wp","href":"https:\/\/api.w.org\/{rel}","templated":true}]}}