{"id":25223,"date":"2023-07-27T17:57:13","date_gmt":"2023-07-27T17:57:13","guid":{"rendered":"https:\/\/chilimag.hu\/webshop\/?post_type=product&#038;p=25223"},"modified":"2026-03-25T11:40:29","modified_gmt":"2026-03-25T11:40:29","slug":"fitohorm-turbo-kalium-1-l","status":"publish","type":"product","link":"https:\/\/chilimag.hu\/webshop\/termek\/fitohorm-turbo-kalium-1-l\/","title":{"rendered":"Fitohorm Turbo K\u00e1lium 1 L"},"content":{"rendered":"<h5>Felhaszn\u00e1l\u00e1si javaslat:<\/h5>\n<ul class=\"fa-ul\">\n<li>lev\u00e9ltr\u00e1gy\u00e1z\u00e1sra: 4 -6 l\/ha\/alkalom, h\u00e1zikertben 1-2 %-os t\u00f6m\u00e9nys\u00e9gben (1-2 dl\/10 l v\u00edz)<\/li>\n<li>t\u00e1poldatoz\u00e1sra: max. 0,5-1,0 %-os t\u00f6m\u00e9nys\u00e9gben (5 &#8211; 10 l \/1000 l v\u00edz).<\/li>\n<li>A kezel\u00e9seket a t\u00e1panyaghi\u00e1ny m\u00e9rt\u00e9k\u00e9nek megfelel\u0151en 2-6 alkalommal ism\u00e9telni lehet a teny\u00e9szid\u0151szak folyam\u00e1n.<\/li>\n<\/ul>\n","protected":false},"excerpt":{"rendered":"<p>Minderre kiv\u00e1l\u00f3 megold\u00e1st ny\u00fajt a FitoHorm Turbo K\u00e1lium foly\u00e9kony oldatm\u0171tr\u00e1gya, amely lombon kereszt\u00fcl gyorsan \u00e9s hat\u00e9konyan hasznosul.<br \/>\nA k\u00e1lium szab\u00e1lyozza a feh\u00e9rjeszint\u00e9zist, a sz\u00e9nhidr\u00e1tok \u00e9s az enzimek m\u0171k\u00f6d\u00e9s\u00e9t, tov\u00e1bb\u00e1 fontos szerepe van a l\u00e9gz\u00e9sben \u00e9s a v\u00edzh\u00e1ztart\u00e1s szab\u00e1lyoz\u00e1s\u00e1ban. Fokozza a term\u00e9sek min\u0151s\u00e9g\u00e9t, sz\u00ednez\u0151d\u00e9s\u00e9t \u00e9s cukortartalm\u00e1t, jav\u00edtja a n\u00f6v\u00e9nyek betegs\u00e9ggel, hideg \u00e9s sz\u00e1razs\u00e1ggal szembeni ellen\u00e1ll\u00f3 k\u00e9pess\u00e9g\u00e9t. K\u00f6nnyen mobiliz\u00e1l\u00f3d\u00f3 elem, hi\u00e1nya az als\u00f3 leveleken jelentkezik. Leg\u00e1ltal\u00e1nosabb hi\u00e1nyt\u00fcnete, hogy a n\u00f6v\u00e9ny turgorszab\u00e1lyoz\u00e1s\u00e1ban zavar keletkezik. A n\u00f6v\u00e9ny n\u00f6veked\u00e9se g\u00e1tolt (rozett\u00e1s n\u00f6v\u00e9ny), k\u00f3kadt lev\u00e9lzet fejl\u0151dik. Gyakori a lev\u00e9l sz\u00e9l\u00e9t\u0151l befel\u00e9 terjed\u0151 nekr\u00f3zis, a lev\u00e9lcs\u00facs \u00e9s a lev\u00e9lsz\u00e9l ment\u00e9n vil\u00e1gosbarna sz\u00ednez\u0151d\u00e9s.<\/p>\n<p>Term\u00e9k \u00f6sszet\u00e9tele (m\/v %):<br \/>\nN:4<br \/>\nK<sub>2<\/sub>O:36<br \/>\nSO<sub>3<\/sub>:57<\/p>\n<p>Kiszerel\u00e9s: 1l<\/p>\n","protected":false},"featured_media":25225,"comment_status":"closed","ping_status":"closed","template":"","meta":[],"product_brand":[],"product_cat":[389],"product_tag":[],"class_list":{"0":"post-25223","1":"product","2":"type-product","3":"status-publish","4":"has-post-thumbnail","6":"product_cat-fitohorm","8":"first","9":"instock","10":"taxable","11":"shipping-taxable","12":"purchasable","13":"product-type-simple"},"_links":{"self":[{"href":"https:\/\/chilimag.hu\/webshop\/wp-json\/wp\/v2\/product\/25223","targetHints":{"allow":["GET"]}}],"collection":[{"href":"https:\/\/chilimag.hu\/webshop\/wp-json\/wp\/v2\/product"}],"about":[{"href":"https:\/\/chilimag.hu\/webshop\/wp-json\/wp\/v2\/types\/product"}],"replies":[{"embeddable":true,"href":"https:\/\/chilimag.hu\/webshop\/wp-json\/wp\/v2\/comments?post=25223"}],"wp:featuredmedia":[{"embeddable":true,"href":"https:\/\/chilimag.hu\/webshop\/wp-json\/wp\/v2\/media\/25225"}],"wp:attachment":[{"href":"https:\/\/chilimag.hu\/webshop\/wp-json\/wp\/v2\/media?parent=25223"}],"wp:term":[{"taxonomy":"product_brand","embeddable":true,"href":"https:\/\/chilimag.hu\/webshop\/wp-json\/wp\/v2\/product_brand?post=25223"},{"taxonomy":"product_cat","embeddable":true,"href":"https:\/\/chilimag.hu\/webshop\/wp-json\/wp\/v2\/product_cat?post=25223"},{"taxonomy":"product_tag","embeddable":true,"href":"https:\/\/chilimag.hu\/webshop\/wp-json\/wp\/v2\/product_tag?post=25223"}],"curies":[{"name":"wp","href":"https:\/\/api.w.org\/{rel}","templated":true}]}}