{"id":25221,"date":"2023-07-27T17:52:01","date_gmt":"2023-07-27T17:52:01","guid":{"rendered":"https:\/\/chilimag.hu\/webshop\/?post_type=product&#038;p=25221"},"modified":"2025-07-13T11:28:50","modified_gmt":"2025-07-13T11:28:50","slug":"fitohorm-turbo-kalcium-1-l","status":"publish","type":"product","link":"https:\/\/chilimag.hu\/webshop\/termek\/fitohorm-turbo-kalcium-1-l\/","title":{"rendered":"Fitohorm Turbo K\u00e1lcium 1 L"},"content":{"rendered":"<h5>Felhaszn\u00e1l\u00e1si javaslat:<\/h5>\n<ul class=\"fa-ul\">\n<li>S\u00e1rgar\u00e9pa, petrezselyem, hagyma: 100 ml\/100 liter; 0,5\u20131,0 liter\/ha; a kezdeti fejl\u0151d\u00e9si id\u0151szakban1 \u2013 2 alkalommal<\/li>\n<li>S\u00e1rgadinnye, g\u00f6r\u00f6gdinnye: 100 ml\/100 liter; 0,5\u20131,0 liter\/ha; vir\u00e1gz\u00e1s el\u0151tt, vir\u00e1gz\u00e1s ut\u00e1n 10 naponk\u00e9nt a teljes teny\u00e9szid\u0151szakban<\/li>\n<li>Uborka: 250\u2013275 ml\/100 liter; 1,5\u20132,0 liter\/ha; vir\u00e1gz\u00e1s el\u0151tt, vir\u00e1gz\u00e1s ut\u00e1n 10 naponk\u00e9nt a teljes teny\u00e9szid\u0151szakban<\/li>\n<li>Cukkini, sp\u00e1rgat\u00f6k, patisszon: 200 \u2013 250 ml\/100 liter; 1,5\u20132,0 liter\/ha; 9 naponk\u00e9nt vir\u00e1gz\u00e1s kezdetekor, k\u00e9s\u0151bb minden 11. napon<\/li>\n<li>Paprika, paradicsom: 150 ml\/100 liter; 1,0 \u2013 1,5 liter\/ha; 9 naponk\u00e9nt vir\u00e1gz\u00e1s kezdetekor, k\u00e9s\u0151bb minden 11. napon<\/li>\n<li>Szam\u00f3ca, zeller, \u00e9desk\u00f6m\u00e9ny: 200 \u2013 250 ml\/100 liter; 1,05\u20132,0 liter\/ha; a teljes teny\u00e9szid\u0151szakban 9 naponk\u00e9nt<\/li>\n<li>P\u00e1zsit: 150\u2013200 ml\/100 liter; 1,5 \u2013 2,0 liter\/ha; sz\u00e1raz id\u0151j\u00e1r\u00e1s eset\u00e9n \u00f6nt\u00f6zz\u00fck be a talajba<\/li>\n<li>Sz\u0151l\u0151: 200\u2013250 ml\/100 liter; 1,5 \u2013 2,5 liter\/ha; vir\u00e1gz\u00e1st\u00f3l zend\u00fcl\u00e9sig 11 naponk\u00e9nt<\/li>\n<li>Csonth\u00e9jasok: 200\u2013250 ml\/100 liter; 1,5 \u2013 2,5 liter\/ha; vir\u00e1gz\u00e1s v\u00e9g\u00e9t\u0151l sz\u00ednesed\u00e9sig 11 naponk\u00e9nt<\/li>\n<li>Almaterm\u00e9s\u0171ek: 200\u2013250 ml\/100 liter; 2,0 \u2013 3,5 liter\/ha; els\u0151 gy\u00fcm\u00f6lcshull\u00e1st\u00f3l sz\u00ednesed\u00e9sig 11 naponk\u00e9nt<\/li>\n<li>K\u00e1posztaf\u00e9l\u00e9k :200\u2013250 ml\/100 liter; 2,0 \u2013 3,5 liter\/ha; a fejek kialakul\u00e1sa idej\u00e9n 3 \u2013 5 alkalommal 10 naponk\u00e9nt<\/li>\n<li>Sal\u00e1ta: 200\u2013250 ml\/100 liter; 1,0 \u2013 2,0 liter\/ha; ki\u00fcltet\u00e9st k\u00f6vet\u0151en 2. h\u00e9tt\u0151l 2 \u2013 3 alkalommal<\/li>\n<\/ul>\n","protected":false},"excerpt":{"rendered":"<h5>A k\u00e9sz\u00edtm\u00e9ny haszn\u00e1lat\u00e1nak hat\u00e1sa:<\/h5>\n<ul class=\"fa-ul\">\n<li>cs\u00f6kkenti, ill. megsz\u00fcnteti a kalciumhi\u00e1ny kialakul\u00e1s\u00e1t,<\/li>\n<li>er\u0151s\u00f6dik a sejtfal szerkezete, ennek k\u00f6sz\u00f6nhet\u0151en ellen\u00e1ll\u00f3bb\u00e1 v\u00e1lnak a n\u00f6v\u00e9nyek<\/li>\n<li>javul a gy\u00f6k\u00e9rsz\u0151r\u00f6k k\u00e9pz\u0151d\u00e9se \u00e9s a t\u00e1panyagfelv\u00e9tel<\/li>\n<li>n\u00f6vekszik a fotoszint\u00e9zis aktivit\u00e1sa<\/li>\n<li>lehet\u0151v\u00e9 teszi a t\u00e1panyag gyors \u00e9s hat\u00e9kony be\u00e9p\u00fcl\u00e9s\u00e9t<\/li>\n<li>alapvet\u0151en jav\u00edtja a term\u00e9s min\u0151s\u00e9g\u00e9t.<\/li>\n<\/ul>\n<p>Az el\u00e9rhet\u0151 kalcium k\u00e9sz\u00edtm\u00e9nyek k\u00f6z\u00fcl kiemelkedik a hat\u00e9konys\u00e1ga. K\u00fcl\u00f6nlegess\u00e9ge az egyed\u00fcl\u00e1ll\u00f3 kation \u00f6sszet\u00e9tel\u00e9ben rejlik.<\/p>\n<p>A FitoHorm Turbo Kalcium a kalciumot, a magn\u00e9ziumot \u00e9s a k\u00e1liumot a n\u00f6v\u00e9nyek sz\u00e1m\u00e1ra a legkedvez\u0151bb ar\u00e1nyban tartalmazza. A k\u00e9sz\u00edtm\u00e9ny nitr\u00e1t tartalma pedig a kationok n\u00f6v\u00e9nybe val\u00f3 gyorsabb be\u00e9p\u00fcl\u00e9s\u00e9t stimul\u00e1lja.<\/p>\n<p>Gyakori hiba a fent eml\u00edtett elemek egyoldal\u00fa, nagyadag\u00fa p\u00f3tl\u00e1sa, amely g\u00e1tolja a t\u00f6bbi t\u00e1p-elem felv\u00e9tel\u00e9t, illetve be\u00e9p\u00fcl\u00e9s\u00e9t. Ez k\u00fcl\u00f6n\u00f6sk\u00e9ppen igaz a kalciumra. A FitoHorm Turbo Kalcium \u00f6sszet\u00e9tele \u00e9s a benne lev\u0151 t\u00e1pelemek ar\u00e1nya teszi lehet\u0151v\u00e9 a kalcium leghat\u00e9konyabb be\u00e9p\u00fcl\u00e9s\u00e9t.<\/p>\n<h5>Hat\u00f3anyag tartalom:<\/h5>\n<ul class=\"fa-ul\">\n<li>13,5% N<\/li>\n<li>9% K2O<\/li>\n<li>3% MgO<\/li>\n<li>15% CaO<\/li>\n<li>EK-m\u0171tr\u00e1gya<\/li>\n<li>Kel\u00e1tk\u00e9pz\u0151: EDDHSA<\/li>\n<\/ul>\n","protected":false},"featured_media":25222,"comment_status":"closed","ping_status":"closed","template":"","meta":[],"product_brand":[],"product_cat":[389],"product_tag":[],"class_list":{"0":"post-25221","1":"product","2":"type-product","3":"status-publish","4":"has-post-thumbnail","6":"product_cat-fitohorm","8":"first","9":"instock","10":"taxable","11":"shipping-taxable","12":"purchasable","13":"product-type-simple"},"_links":{"self":[{"href":"https:\/\/chilimag.hu\/webshop\/wp-json\/wp\/v2\/product\/25221","targetHints":{"allow":["GET"]}}],"collection":[{"href":"https:\/\/chilimag.hu\/webshop\/wp-json\/wp\/v2\/product"}],"about":[{"href":"https:\/\/chilimag.hu\/webshop\/wp-json\/wp\/v2\/types\/product"}],"replies":[{"embeddable":true,"href":"https:\/\/chilimag.hu\/webshop\/wp-json\/wp\/v2\/comments?post=25221"}],"wp:featuredmedia":[{"embeddable":true,"href":"https:\/\/chilimag.hu\/webshop\/wp-json\/wp\/v2\/media\/25222"}],"wp:attachment":[{"href":"https:\/\/chilimag.hu\/webshop\/wp-json\/wp\/v2\/media?parent=25221"}],"wp:term":[{"taxonomy":"product_brand","embeddable":true,"href":"https:\/\/chilimag.hu\/webshop\/wp-json\/wp\/v2\/product_brand?post=25221"},{"taxonomy":"product_cat","embeddable":true,"href":"https:\/\/chilimag.hu\/webshop\/wp-json\/wp\/v2\/product_cat?post=25221"},{"taxonomy":"product_tag","embeddable":true,"href":"https:\/\/chilimag.hu\/webshop\/wp-json\/wp\/v2\/product_tag?post=25221"}],"curies":[{"name":"wp","href":"https:\/\/api.w.org\/{rel}","templated":true}]}}