{"id":25219,"date":"2023-07-27T17:43:47","date_gmt":"2023-07-27T17:43:47","guid":{"rendered":"https:\/\/chilimag.hu\/webshop\/?post_type=product&#038;p=25219"},"modified":"2024-03-10T21:29:07","modified_gmt":"2024-03-10T21:29:07","slug":"fitohorm-turbo-foszfor-1-l","status":"publish","type":"product","link":"https:\/\/chilimag.hu\/webshop\/termek\/fitohorm-turbo-foszfor-1-l\/","title":{"rendered":"Fitohorm Turbo Foszfor 1 L"},"content":{"rendered":"<h5>Felhaszn\u00e1l\u00e1si javaslat:<\/h5>\n<ul class=\"fa-ul\">\n<li>G\u00f6r\u00f6gdinnye \u00e9s s\u00e1rgadinnye: 1-1,5 l\/ha, ig\u00e9ny szerint t\u00f6bb alkalommal permetezve, 300-500 liter permetl\u00e9ben az eg\u00e9sz teny\u00e9szid\u0151 alatt (0,3 % oldattal).<\/li>\n<li>Koml\u00f3: 0,2 % oldatban (2 liter \/ 1000 liter v\u00edzben) a v\u00e9gs\u0151 felfuttat\u00e1si szakaszt\u00f3l, 2 hetenk\u00e9nt megism\u00e9telve a betakar\u00edt\u00e1st megel\u0151z\u0151 m\u00e1sodik h\u00e9ttel bez\u00e1r\u00f3lag. A felhaszn\u00e1lt permetl\u00e9 mennyis\u00e9g f\u00fcgg a fejl\u0151d\u00e9si szakaszt\u00f3l: az id\u0151szak kezdet\u00e9n alkalmazott 200 l\/ha-t\u00f3l a v\u00e9g\u00e9n alkalmazott 1500 l\/ha-ig terjed.)<\/li>\n<li>Fejes sal\u00e1ta, j\u00e9gsal\u00e1ta: 14 nappal a pal\u00e1nt\u00e1z\u00e1s ut\u00e1n permetezve, 2 l\/ha, 400-600 liter v\u00edzben, 10-14 nap m\u00falva egyszer meg lehet ism\u00e9telni.<\/li>\n<li>K\u00e1posztaf\u00e9l\u00e9k \u00e9s lev\u00e9lz\u00f6lds\u00e9gek: 2-3 l\/ha d\u00f3zisban, 2-3 h\u00e9ttel a pal\u00e1nt\u00e1z\u00e1s ut\u00e1n, 4 alkalommal egyhetes id\u0151szakonk\u00e9nt kipermetezve.<\/li>\n<li>Sz\u0151l\u0151: 2-3 l\/ha, <a href=\"tel:400-1000\">400-1000<\/a> liter\/ha permetl\u00e9-mennyis\u00e9ggel, a vir\u00e1gz\u00e1st megel\u0151z\u0151 id\u0151szakt\u00f3l kezdve permetez\u00e9senk\u00e9nt, m\u00e1s gomba\u00f6l\u0151 szerekkel egy\u00fctt kell alkalmazni.<\/li>\n<li>Bogy\u00f3sok: 2-3 l\/ha, <a href=\"tel:400-1000\">400-1000<\/a> liter\/ha permetl\u00e9-mennyis\u00e9ggel, a vir\u00e1gz\u00e1st megel\u0151z\u0151 id\u0151szakt\u00f3l kezdve havonta alkalmazzuk.<\/li>\n<li>D\u00edszn\u00f6v\u00e9nyek, facsemet\u00e9k: 2-3 l\/ha d\u00f3zissal vagy 0,25%-os permetl\u00e9vel (250 ml\/ 100 liter v\u00edz) sz\u00fcks\u00e9g szerint. T\u00e1poldatoz\u00e1s: 5-10 ml\/m2.<\/li>\n<li>Paradicsom: 2,5-3 l\/ha, ig\u00e9ny szerint t\u00f6bb alkalommal permetezve, <a href=\"tel:400-1000\">400-1000<\/a> liter v\u00edzzel ke-verve, a sz\u00ednez\u0151d\u00e9s kezdet\u00e9ig.<\/li>\n<li>Paprika, burgonya, gy\u00fcm\u00f6lcsf\u00e1k: 2,5-3 l\/ha, ig\u00e9ny szerint t\u00f6bb alkalommal permetezve, <a href=\"tel:400-1000\">400-1000<\/a>liter v\u00edzzel keverve.<\/li>\n<li>Gy\u00fcm\u00f6lcsf\u00e1k: 2,5-3 l\/ha, <a href=\"tel:400-1000\">400-1000<\/a> liter v\u00edzzel keverve, a vir\u00e1gz\u00e1s v\u00e9g\u00e9t\u0151l kezdve havonta egyszer alkalmazzuk.<\/li>\n<li>Szam\u00f3ca:<br \/>\n&#8211; gy\u00f6k\u00e9r bem\u00e1rt\u00e1sa 0,3 %-os oldatba a ki\u00fcltet\u00e9s el\u0151tt<br \/>\n&#8211; csepegtetve 1 ml-t sz\u00e1moljunk 1 m\u00e9ter csepegtet\u0151szalagra<br \/>\n&#8211; \u0151szi kezel\u00e9s: 10-15 l\/ha, b\u0151 l\u00e9mennyis\u00e9ggel, a talajra permetezve<br \/>\n&#8211; lombtr\u00e1gyak\u00e9nt: 2,5-3 l\/ha, b\u0151 l\u00e9mennyis\u00e9ggel, 2-3-szor kipermetezve a szezon alatt a vir\u00e1gz\u00e1st megel\u0151z\u0151 id\u0151szakt\u00f3l kezdve.<\/li>\n<li>Uborka: pal\u00e1nt\u00e1z\u00e1s ut\u00e1n 5 l\/ha, 400-600 liter v\u00edzzel permetezve, ism\u00e9tl\u00e9s 14 naponk\u00e9nt 3-5 alkalommal, 3 l\/ha d\u00f3zisban.<\/li>\n<\/ul>\n","protected":false},"excerpt":{"rendered":"<p>A hat\u00f3anyag n\u00f6v\u00e9nybe jut\u00e1sa ut\u00e1n beind\u00edtja annak v\u00e9dekez\u0151 mechanizmus\u00e1t a gomb\u00e1s betegs\u00e9gekkel \u00e9s k\u00f6rnyezeti stresszekkel szemben.<\/p>\n<p>A FitoHorm Turbo Foszfor \/Starter\/ minden fejl\u0151d\u00e9si szakaszban seg\u00edti a n\u00f6v\u00e9nyek fejl\u0151d\u00e9s\u00e9t, fokozza a kem\u00e9ny\u00edt\u0151k, zs\u00edrok \u00e9s a cukor sz\u00e1ll\u00edt\u00e1s\u00e1t a term\u00e9s fel\u00e9. Ezzel jav\u00edtja a term\u00e9sek beltartalmi \u00e9rt\u00e9k\u00e9t, \u00e9s a sz\u00ednez\u0151d\u00e9st. Seg\u00edti a jobb min\u0151s\u00e9g\u0171, \u00edzletesebb, zamatosabb, k\u00f6nnyen sz\u00e1ll\u00edthat\u00f3 \u00e9s tov\u00e1bb pulton tarthat\u00f3, j\u00f3l t\u00e1rolhat\u00f3 term\u00e9sek kialakul\u00e1s\u00e1t.<br \/>\nA foszfor olyan egyed\u00fcl\u00e1ll\u00f3 form\u00e1j\u00e1t tartalmazza, amely gyorsan felsz\u00edv\u00f3dik \u00e9s sz\u00e1ll\u00edt\u00f3dik a n\u00f6v\u00e9nyben.<\/p>\n<h5>Hat\u00f3anyag tartalom:<\/h5>\n<p>N (\u00f6sszesen 4%)<\/p>\n<ul class=\"fa-ul\">\n<li>0% Amm\u00f3nium<\/li>\n<li>0% Nitr\u00e1t<\/li>\n<li>4% Karbamid<\/li>\n<li>28% P2O5<\/li>\n<li>26% K2O<\/li>\n<li>EK-m\u0171tr\u00e1gya<\/li>\n<li>Kel\u00e1tk\u00e9pz\u0151: EDDHSA<\/li>\n<\/ul>\n","protected":false},"featured_media":25220,"comment_status":"closed","ping_status":"closed","template":"","meta":[],"product_brand":[],"product_cat":[389],"product_tag":[],"class_list":{"0":"post-25219","1":"product","2":"type-product","3":"status-publish","4":"has-post-thumbnail","6":"product_cat-fitohorm","8":"first","9":"outofstock","10":"taxable","11":"shipping-taxable","12":"purchasable","13":"product-type-simple"},"_links":{"self":[{"href":"https:\/\/chilimag.hu\/webshop\/wp-json\/wp\/v2\/product\/25219","targetHints":{"allow":["GET"]}}],"collection":[{"href":"https:\/\/chilimag.hu\/webshop\/wp-json\/wp\/v2\/product"}],"about":[{"href":"https:\/\/chilimag.hu\/webshop\/wp-json\/wp\/v2\/types\/product"}],"replies":[{"embeddable":true,"href":"https:\/\/chilimag.hu\/webshop\/wp-json\/wp\/v2\/comments?post=25219"}],"wp:featuredmedia":[{"embeddable":true,"href":"https:\/\/chilimag.hu\/webshop\/wp-json\/wp\/v2\/media\/25220"}],"wp:attachment":[{"href":"https:\/\/chilimag.hu\/webshop\/wp-json\/wp\/v2\/media?parent=25219"}],"wp:term":[{"taxonomy":"product_brand","embeddable":true,"href":"https:\/\/chilimag.hu\/webshop\/wp-json\/wp\/v2\/product_brand?post=25219"},{"taxonomy":"product_cat","embeddable":true,"href":"https:\/\/chilimag.hu\/webshop\/wp-json\/wp\/v2\/product_cat?post=25219"},{"taxonomy":"product_tag","embeddable":true,"href":"https:\/\/chilimag.hu\/webshop\/wp-json\/wp\/v2\/product_tag?post=25219"}],"curies":[{"name":"wp","href":"https:\/\/api.w.org\/{rel}","templated":true}]}}