{"id":25217,"date":"2023-07-27T17:38:52","date_gmt":"2023-07-27T17:38:52","guid":{"rendered":"https:\/\/chilimag.hu\/webshop\/?post_type=product&#038;p=25217"},"modified":"2023-07-27T17:38:54","modified_gmt":"2023-07-27T17:38:54","slug":"fitohorm-szolo-gyumolcs-1l","status":"publish","type":"product","link":"https:\/\/chilimag.hu\/webshop\/termek\/fitohorm-szolo-gyumolcs-1l\/","title":{"rendered":"Fitohorm Sz\u0151l\u0151-Gy\u00fcm\u00f6lcs 1L"},"content":{"rendered":"<ul>\n<li>\n<div id=\"page_artdet_long_desc\" class=\"text_normal\">\n<p>Term\u00e9k \u00f6sszet\u00e9tele (m\/v %):<\/p>\n<p>Fe: 3,2<\/p>\n<p>Mn:0,32<\/p>\n<p>Cu: 0,15<\/p>\n<p>Zn: 0,15<\/p>\n<p>B: 0,31<\/p>\n<p>Mo: 0,03<\/p>\n<p>&nbsp;<\/p>\n<p>Felhaszn\u00e1l\u00e1si javaslat:<\/p>\n<p>Sz\u0151l\u0151: 4-5 l\/ha; Maxim\u00e1lis koncentr\u00e1ci\u00f3 t\u00e1poldatoz\u00e1sn\u00e1l: 0,2%<br \/>\nAlma, k\u00f6rte: 4-5 l\/ha; Maxim\u00e1lis koncentr\u00e1ci\u00f3 t\u00e1poldatoz\u00e1sn\u00e1l: 0,15-0,2%<br \/>\nCsonth\u00e9jasok: 4-5 l\/ha; Maxim\u00e1lis koncentr\u00e1ci\u00f3 t\u00e1poldatoz\u00e1sn\u00e1l: 0,15%<br \/>\nBogy\u00f3sok: 3-4 l\/ha; Maxim\u00e1lis koncentr\u00e1ci\u00f3 t\u00e1poldatoz\u00e1sn\u00e1l: 0,15%<br \/>\nSzam\u00f3ca: 3-4 l\/ha; Maxim\u00e1lis koncentr\u00e1ci\u00f3 t\u00e1poldatoz\u00e1sn\u00e1l: 0,15%<br \/>\nSz\u0151l\u0151ben: az intenz\u00edv hajt\u00e1sn\u00f6veked\u00e9s id\u0151szak\u00e1ban 1-2 %-os t\u00f6m\u00e9nys\u00e9gben a lombozatra permetezve, 2-3 hetente ism\u00e9telve a n\u00f6v\u00e9nyv\u00e9delmi munk\u00e1kkal egymenetben.<br \/>\nAlm\u00e1ban: vir\u00e1gz\u00e1s ut\u00e1n z\u00f6ld\u00e9r\u00e9sig 1-2 %-os t\u00f6m\u00e9nys\u00e9gben a lombozatra permetezve 2-3 hetente ism\u00e9telve a n\u00f6v\u00e9nyv\u00e9delmi munk\u00e1kkal egymenetben.<br \/>\nEgy\u00e9b gy\u00fcm\u00f6lcs\u00f6s\u00f6kben: mint a sz\u0151l\u0151ben.<\/p>\n<\/div>\n<\/li>\n<\/ul>\n","protected":false},"excerpt":{"rendered":"<p>Ide\u00e1lis \u00f6sszet\u00e9telben \u00e9s ar\u00e1nyban tartalmazza a mikroelemeket sz\u0151l\u0151 \u00e9s gy\u00fcm\u00f6lcsf\u00e9l\u00e9khez. Leggyakrabban kialakul\u00f3 mikroelem hi\u00e1nybetegs\u00e9gek orvosolhat\u00f3k vagy el\u0151zhet\u0151k meg a k\u00e9sz\u00edtm\u00e9nnyel. A FitoHorm Sz\u0151l\u0151 &#8211; Gy\u00fcm\u00f6lcs komplex mikroelem \u00f6sszet\u00e9tel\u0171 lombtr\u00e1gya seg\u00edti a fiatal telep\u00edt\u00e9s\u0171 \u00fcltetv\u00e9nyek fejl\u0151d\u00e9s\u00e9t, intenz\u00edv hajt\u00e1sn\u00f6veked\u00e9s\u00e9t.<\/p>\n<p>Magas b\u00f3rtartalm\u00e1nak k\u00f6sz\u00f6nhet\u0151en jav\u00edtja a vir\u00e1gok megterm\u00e9keny\u00fcl\u00e9s\u00e9t, a k\u00f6t\u0151d\u00e9st, valamint cs\u00f6kkenti a vir\u00e1gelr\u00fag\u00e1s gyakoris\u00e1g\u00e1t. A k\u00e9sz\u00edtm\u00e9nyben lev\u0151 vas a n\u00f6v\u00e9nyek sz\u00e1m\u00e1ra ide\u00e1lis form\u00e1ban van jelen, mivel a vas kelatiz\u00e1lt form\u00e1ban a leggyorsabban \u00e9s legnagyobb mennyis\u00e9gben felvehet\u0151 a n\u00f6v\u00e9nysz\u00e1m\u00e1ra.<\/p>\n","protected":false},"featured_media":25218,"comment_status":"closed","ping_status":"closed","template":"","meta":[],"product_brand":[],"product_cat":[389],"product_tag":[],"class_list":{"0":"post-25217","1":"product","2":"type-product","3":"status-publish","4":"has-post-thumbnail","6":"product_cat-fitohorm","8":"first","9":"instock","10":"taxable","11":"shipping-taxable","12":"purchasable","13":"product-type-simple"},"_links":{"self":[{"href":"https:\/\/chilimag.hu\/webshop\/wp-json\/wp\/v2\/product\/25217","targetHints":{"allow":["GET"]}}],"collection":[{"href":"https:\/\/chilimag.hu\/webshop\/wp-json\/wp\/v2\/product"}],"about":[{"href":"https:\/\/chilimag.hu\/webshop\/wp-json\/wp\/v2\/types\/product"}],"replies":[{"embeddable":true,"href":"https:\/\/chilimag.hu\/webshop\/wp-json\/wp\/v2\/comments?post=25217"}],"wp:featuredmedia":[{"embeddable":true,"href":"https:\/\/chilimag.hu\/webshop\/wp-json\/wp\/v2\/media\/25218"}],"wp:attachment":[{"href":"https:\/\/chilimag.hu\/webshop\/wp-json\/wp\/v2\/media?parent=25217"}],"wp:term":[{"taxonomy":"product_brand","embeddable":true,"href":"https:\/\/chilimag.hu\/webshop\/wp-json\/wp\/v2\/product_brand?post=25217"},{"taxonomy":"product_cat","embeddable":true,"href":"https:\/\/chilimag.hu\/webshop\/wp-json\/wp\/v2\/product_cat?post=25217"},{"taxonomy":"product_tag","embeddable":true,"href":"https:\/\/chilimag.hu\/webshop\/wp-json\/wp\/v2\/product_tag?post=25217"}],"curies":[{"name":"wp","href":"https:\/\/api.w.org\/{rel}","templated":true}]}}