{"id":25204,"date":"2023-07-25T16:40:48","date_gmt":"2023-07-25T16:40:48","guid":{"rendered":"https:\/\/chilimag.hu\/webshop\/?post_type=product&#038;p=25204"},"modified":"2026-03-08T03:29:30","modified_gmt":"2026-03-08T03:29:30","slug":"edeskomeny-florian-bg","status":"publish","type":"product","link":"https:\/\/chilimag.hu\/webshop\/termek\/edeskomeny-florian-bg\/","title":{"rendered":"\u00c9desk\u00f6m\u00e9ny Florian Bg"},"content":{"rendered":"","protected":false},"excerpt":{"rendered":"<p><img decoding=\"async\" class=\"img-inline\" src=\"https:\/\/brcci.eu\/cache\/thumbnails\/12ecd0e6e419f1b9b1484ef02ad361979dd8e054\/1a6c5e1406ad462ca86d17b2800862d7f837862c-829875ad0a268b741b7edd818ffce098.png\" alt=\"FLORIAN OOD\" \/><\/p>\n<p>K\u00e9s\u0151i sz\u00fcretre alkalmas, n\u00e9pszer\u0171 \u00e9desk\u00f6m\u00e9ny 0,5-1 kg t\u00f6meg\u0171, nagy hagym\u00e1kat form\u00e1z. A n\u00f6v\u00e9ny minden r\u00e9sz\u00e9t felhaszn\u00e1lj\u00e1k. A magvakat \u00e9s a z\u00f6ld r\u00e9szt kolb\u00e1szhoz haszn\u00e1lj\u00e1k, a fej\u00e9t nyersen, mint a zeller, v\u00e1gva fogyasztj\u00e1k kemenc\u00e9ben s\u00fclt vagy f\u0151tt sal\u00e1t\u00e1kba Nagyon alkalmas hal\u00e9telekhez.<\/p>\n<p>Az \u00e9desk\u00f6m\u00e9ny \u00a0j\u00faliust\u00f3l augusztusig k\u00f6zvetlen\u00fcl, vagy j\u00faniust\u00f3l j\u00faliusig pal\u00e1nt\u00e1kkal vetik. A n\u00f6v\u00e9nyeket j\u00faliust\u00f3l szeptemberig \u00fcltetik egym\u00e1st\u00f3l 15 cm t\u00e1vols\u00e1gra. \u00c1prilist\u00f3l szeptemberig sz\u00fcretelik, a veget\u00e1ci\u00f3s id\u0151szak 140-175 nap.<\/p>\n<p>A csomag 3 gr magot tartalmaz<\/p>\n","protected":false},"featured_media":25205,"comment_status":"closed","ping_status":"closed","template":"","meta":[],"product_brand":[],"product_cat":[386],"product_tag":[],"class_list":{"0":"post-25204","1":"product","2":"type-product","3":"status-publish","4":"has-post-thumbnail","6":"product_cat-zoldseg-vetomagok-bolgar-florian-vetomagok","8":"first","9":"instock","10":"taxable","11":"shipping-taxable","12":"purchasable","13":"product-type-simple"},"_links":{"self":[{"href":"https:\/\/chilimag.hu\/webshop\/wp-json\/wp\/v2\/product\/25204","targetHints":{"allow":["GET"]}}],"collection":[{"href":"https:\/\/chilimag.hu\/webshop\/wp-json\/wp\/v2\/product"}],"about":[{"href":"https:\/\/chilimag.hu\/webshop\/wp-json\/wp\/v2\/types\/product"}],"replies":[{"embeddable":true,"href":"https:\/\/chilimag.hu\/webshop\/wp-json\/wp\/v2\/comments?post=25204"}],"wp:featuredmedia":[{"embeddable":true,"href":"https:\/\/chilimag.hu\/webshop\/wp-json\/wp\/v2\/media\/25205"}],"wp:attachment":[{"href":"https:\/\/chilimag.hu\/webshop\/wp-json\/wp\/v2\/media?parent=25204"}],"wp:term":[{"taxonomy":"product_brand","embeddable":true,"href":"https:\/\/chilimag.hu\/webshop\/wp-json\/wp\/v2\/product_brand?post=25204"},{"taxonomy":"product_cat","embeddable":true,"href":"https:\/\/chilimag.hu\/webshop\/wp-json\/wp\/v2\/product_cat?post=25204"},{"taxonomy":"product_tag","embeddable":true,"href":"https:\/\/chilimag.hu\/webshop\/wp-json\/wp\/v2\/product_tag?post=25204"}],"curies":[{"name":"wp","href":"https:\/\/api.w.org\/{rel}","templated":true}]}}