{"id":25123,"date":"2023-07-19T16:35:17","date_gmt":"2023-07-19T16:35:17","guid":{"rendered":"https:\/\/chilimag.hu\/webshop\/?post_type=product&#038;p=25123"},"modified":"2026-03-28T17:25:21","modified_gmt":"2026-03-28T17:25:21","slug":"kellbimbo-brussels-florian-bg","status":"publish","type":"product","link":"https:\/\/chilimag.hu\/webshop\/termek\/kellbimbo-brussels-florian-bg\/","title":{"rendered":"Kelbimb\u00f3 Brussels Florian Bg"},"content":{"rendered":"","protected":false},"excerpt":{"rendered":"<p><img decoding=\"async\" class=\"img-inline\" src=\"https:\/\/brcci.eu\/cache\/thumbnails\/12ecd0e6e419f1b9b1484ef02ad361979dd8e054\/1a6c5e1406ad462ca86d17b2800862d7f837862c-829875ad0a268b741b7edd818ffce098.png\" alt=\"FLORIAN OOD\" \/><\/p>\n<p>Hideg\u00e1ll\u00f3 k\u00e9t\u00e9ves n\u00f6v\u00e9ny. Az els\u0151 \u00e9vben ak\u00e1r 60 cm magas sz\u00e1rat alkot. A levelek bels\u0151 r\u00e9sz\u00e9n kis z\u00f6ldek k\u00e9pz\u0151dnek, amelyek el\u00e9rik a 2,5-5 cm-t, sz\u00e1muk egy n\u00f6v\u00e9nyben el\u00e9ri a 90-et. Finom, zsenge, kiv\u00e1l\u00f3 \u00edz\u0171. Nagyon magas C-vitamin-, s\u00f3k-, vitamin-, karotin- \u00e9s nyersfeh\u00e9rje-tartalma van. T\u00e9len is tarthat\u00f3 Veget\u00e1ci\u00f3s id\u0151szak 150-165 nap.<\/p>\n<p>Vet\u00e9si id\u0151szak: janu\u00e1r 20 eleje &#8211; febru\u00e1r 10., f\u00e9lkora \u00e1prilis 25-m\u00e1jus 10., j\u00fanius v\u00e9ge 5-15.<\/p>\n<p>A magok mennyis\u00e9ge zs\u00e1konk\u00e9nt: 3 gramm<\/p>\n","protected":false},"featured_media":30988,"comment_status":"closed","ping_status":"closed","template":"","meta":[],"product_brand":[],"product_cat":[378],"product_tag":[],"class_list":{"0":"post-25123","1":"product","2":"type-product","3":"status-publish","4":"has-post-thumbnail","6":"product_cat-kaposzta-es-karfiol-vetomagok","8":"first","9":"instock","10":"taxable","11":"shipping-taxable","12":"purchasable","13":"product-type-simple"},"_links":{"self":[{"href":"https:\/\/chilimag.hu\/webshop\/wp-json\/wp\/v2\/product\/25123","targetHints":{"allow":["GET"]}}],"collection":[{"href":"https:\/\/chilimag.hu\/webshop\/wp-json\/wp\/v2\/product"}],"about":[{"href":"https:\/\/chilimag.hu\/webshop\/wp-json\/wp\/v2\/types\/product"}],"replies":[{"embeddable":true,"href":"https:\/\/chilimag.hu\/webshop\/wp-json\/wp\/v2\/comments?post=25123"}],"wp:featuredmedia":[{"embeddable":true,"href":"https:\/\/chilimag.hu\/webshop\/wp-json\/wp\/v2\/media\/30988"}],"wp:attachment":[{"href":"https:\/\/chilimag.hu\/webshop\/wp-json\/wp\/v2\/media?parent=25123"}],"wp:term":[{"taxonomy":"product_brand","embeddable":true,"href":"https:\/\/chilimag.hu\/webshop\/wp-json\/wp\/v2\/product_brand?post=25123"},{"taxonomy":"product_cat","embeddable":true,"href":"https:\/\/chilimag.hu\/webshop\/wp-json\/wp\/v2\/product_cat?post=25123"},{"taxonomy":"product_tag","embeddable":true,"href":"https:\/\/chilimag.hu\/webshop\/wp-json\/wp\/v2\/product_tag?post=25123"}],"curies":[{"name":"wp","href":"https:\/\/api.w.org\/{rel}","templated":true}]}}