{"id":25055,"date":"2023-07-13T15:39:58","date_gmt":"2023-07-13T15:39:58","guid":{"rendered":"https:\/\/chilimag.hu\/webshop\/?post_type=product&#038;p=25055"},"modified":"2025-11-09T07:04:16","modified_gmt":"2025-11-09T07:04:16","slug":"rukkola-wild-vadrukkola-florian-bg","status":"publish","type":"product","link":"https:\/\/chilimag.hu\/webshop\/termek\/rukkola-wild-vadrukkola-florian-bg\/","title":{"rendered":"Rukkola Wild ( Vadrukkola) Florian Bg"},"content":{"rendered":"","protected":false},"excerpt":{"rendered":"<p><img decoding=\"async\" class=\"img-inline\" src=\"https:\/\/brcci.eu\/cache\/thumbnails\/12ecd0e6e419f1b9b1484ef02ad361979dd8e054\/1a6c5e1406ad462ca86d17b2800862d7f837862c-829875ad0a268b741b7edd818ffce098.png\" alt=\"FLORIAN OOD\" \/><\/p>\n<p>A vadon term\u0151 rukkola levelei s\u00f6t\u00e9tz\u00f6ldek \u00e9s nagyon csipk\u00e9sek, arom\u00e1juk er\u0151sebb, mint a kerti rukkol\u00e1\u00e9.Egy\u00e9ves n\u00f6v\u00e9ny, ak\u00e1r 60 cm magas. Levelei h\u00fasosak, saj\u00e1tos arom\u00e1j\u00faak, magas C-vitamin- \u00e9s k\u00e1liumtartalommal. Sal\u00e1t\u00e1k \u00e9s sz\u00f3szok k\u00e9sz\u00edt\u00e9s\u00e9re haszn\u00e1lj\u00e1k, mindazon\u00e1ltal keser\u0171ek \u00e9s f\u0171szeresek, a mogyor\u00f3hoz hasonl\u00f3 olajos \u00edz\u0171ek. Min\u00e9l fiatalabbak, ann\u00e1l gyeng\u00e9bb a keser\u0171 \u00e9s f\u0171szeres \u00edz. A talajt az id\u0151szak alatt nedvesen kell tartani. Vir\u00e1gcser\u00e9pben is termeszthet\u0151 Veget\u00e1ci\u00f3s id\u0151szak t\u00e9len 5-6 h\u00e9t, ny\u00e1ron 4 h\u00e9t.<\/p>\n<p>Vet\u00e9s: m\u00e1rcius-szeptember, 1 cm m\u00e9lys\u00e9gben \u00e9s 10 cm t\u00e1vols\u00e1gra.<\/p>\n<p>Magok mennyis\u00e9ge zs\u00e1konk\u00e9nt: 1 gramm.<\/p>\n<p>A csomag 1 gr magot tartalmaz<\/p>\n","protected":false},"featured_media":25056,"comment_status":"closed","ping_status":"closed","template":"","meta":[],"product_brand":[],"product_cat":[382],"product_tag":[],"class_list":{"0":"post-25055","1":"product","2":"type-product","3":"status-publish","4":"has-post-thumbnail","6":"product_cat-salata-es-retek-vetomagok","8":"first","9":"instock","10":"taxable","11":"shipping-taxable","12":"purchasable","13":"product-type-simple"},"_links":{"self":[{"href":"https:\/\/chilimag.hu\/webshop\/wp-json\/wp\/v2\/product\/25055","targetHints":{"allow":["GET"]}}],"collection":[{"href":"https:\/\/chilimag.hu\/webshop\/wp-json\/wp\/v2\/product"}],"about":[{"href":"https:\/\/chilimag.hu\/webshop\/wp-json\/wp\/v2\/types\/product"}],"replies":[{"embeddable":true,"href":"https:\/\/chilimag.hu\/webshop\/wp-json\/wp\/v2\/comments?post=25055"}],"wp:featuredmedia":[{"embeddable":true,"href":"https:\/\/chilimag.hu\/webshop\/wp-json\/wp\/v2\/media\/25056"}],"wp:attachment":[{"href":"https:\/\/chilimag.hu\/webshop\/wp-json\/wp\/v2\/media?parent=25055"}],"wp:term":[{"taxonomy":"product_brand","embeddable":true,"href":"https:\/\/chilimag.hu\/webshop\/wp-json\/wp\/v2\/product_brand?post=25055"},{"taxonomy":"product_cat","embeddable":true,"href":"https:\/\/chilimag.hu\/webshop\/wp-json\/wp\/v2\/product_cat?post=25055"},{"taxonomy":"product_tag","embeddable":true,"href":"https:\/\/chilimag.hu\/webshop\/wp-json\/wp\/v2\/product_tag?post=25055"}],"curies":[{"name":"wp","href":"https:\/\/api.w.org\/{rel}","templated":true}]}}