{"id":24984,"date":"2023-07-05T19:38:23","date_gmt":"2023-07-05T19:38:23","guid":{"rendered":"https:\/\/chilimag.hu\/webshop\/?post_type=product&#038;p=24984"},"modified":"2025-10-05T10:29:35","modified_gmt":"2025-10-05T10:29:35","slug":"fitohorm-fitoaktiv-keserusomgs-1-l","status":"publish","type":"product","link":"https:\/\/chilimag.hu\/webshop\/termek\/fitohorm-fitoaktiv-keserusomgs-1-l\/","title":{"rendered":"Fitohorm FitoAktiv (Keser\u0171s\u00f3:Mg,S) 1 L"},"content":{"rendered":"","protected":false},"excerpt":{"rendered":"<h1><strong>FitoHorm FitoAkt\u00edv lombtr\u00e1gya (1 liter)<\/strong><\/h1>\n<p>FitoHorm FitoAkt\u00edv &#8211; Modern keser\u0171s\u00f3 oldat, biostimul\u00e1tor, amely felhaszn\u00e1lat\u00f3s\u00e1g\u00e1t \u00e9s hat\u00e9konys\u00e1g\u00e1t tekintve verhetetlen a k\u00e9n \u00e9s a magn\u00e9zium p\u00f3tl\u00e1s piac\u00e1n.<\/p>\n<p>&nbsp;<\/p>\n<p><strong>\u00d6sszet\u00e9tel:<\/strong><\/p>\n<table border=\"1\">\n<tbody>\n<tr>\n<td><strong>MgO<\/strong><\/td>\n<td><strong>66g\/l<\/strong><\/td>\n<\/tr>\n<tr>\n<td><strong>Mg<\/strong><\/td>\n<td><strong>40g\/l<\/strong><\/td>\n<\/tr>\n<tr>\n<td><strong>SO<sub>3<\/sub><\/strong><\/td>\n<td><strong>120g\/l<\/strong><\/td>\n<\/tr>\n<tr>\n<td><strong>S<\/strong><\/td>\n<td><strong>47g\/l<\/strong><\/td>\n<\/tr>\n<tr>\n<td><strong>\u00d6sszes hat\u00f3anyag<\/strong><\/td>\n<td><strong>273g\/l<\/strong><\/td>\n<\/tr>\n<\/tbody>\n<\/table>\n<p>&nbsp;<\/p>\n<p>Magn\u00e9zium-szulf\u00e1t oldat kel\u00e1tk\u00e9pz\u0151vel, mely lombtr\u00e1gyak\u00e9nt \u00e9s t\u00e1poldatk\u00e9nt minden n\u00f6v\u00e9nyi kult\u00far\u00e1ban t\u00e1panyag ut\u00e1np\u00f3tl\u00e1sra vagy hi\u00e1nybetegs\u00e9gek megel\u0151z\u00e9s\u00e9re, gy\u00f3gy\u00edt\u00e1s\u00e1ra haszn\u00e1lhat\u00f3.<\/p>\n<p>Az el\u0151\u00e1ll\u00edt\u00e1sa sor\u00e1n felhaszn\u00e1lt EDDHSA kel\u00e1tk\u00e9pz\u0151 nagys\u00e1grendekkel jav\u00edtja a magn\u00e9zium felvehet\u0151s\u00e9g\u00e9t, valamint az oldat fizikai \u00e9s k\u00e9miai tulajdons\u00e1gait. Rendszeres haszn\u00e1lat\u00e1val n\u00f6vekszik a levelek fotoszint\u00e9zis aktivit\u00e1sa, n\u0151 a nitrog\u00e9nfelv\u00e9tel \u00e9s be\u00e9p\u00fcl\u00e9s, valamit jav\u00edtja a kezelt kult\u00far\u00e1k kond\u00edci\u00f3j\u00e1t \u00e9s bel tartalmi \u00e9rt\u00e9keit. Hat\u00e9konyan orvosolja a k\u00e9n \u00e9s magn\u00e9ziumhi\u00e1ny t\u00fcneteit. Kiv\u00e1l\u00f3an keverhet\u0151 n\u00f6v\u00e9nyv\u00e9d\u0151szerekkel \u00e9s m\u00e1s lev\u00e9ltr\u00e1gy\u00e1kkal egyar\u00e1nt.<\/p>\n<p>&nbsp;<\/p>\n<p><strong>Alkalmaz\u00e1s\u00e1nak el\u0151nyei<\/strong><\/p>\n<ul>\n<li>A z\u00f6ld\u00edt\u0151 er\u0151, n\u00f6veli a fotoszint\u00e9zis aktivit\u00e1s\u00e1t,<\/li>\n<li>er\u0151s\u00edti a gy\u00f6keresed\u00e9st \u00e9s a vir\u00e1gszervek k\u00e9pz\u0151d\u00e9s\u00e9t, valamint a magon bel\u00fcl a cs\u00edra eg\u00e9szs\u00e9ges fejl\u0151d\u00e9s\u00e9t,<\/li>\n<li>n\u00f6veli a n\u00f6v\u00e9nyek sz\u00e1razanyag-tartalm\u00e1t, \u00e9s m\u00e9rs\u00e9keli az asz\u00e1lyk\u00e1rt.<\/li>\n<\/ul>\n<p>&nbsp;<\/p>\n<p><strong>Felhaszn\u00e1l\u00e1si javaslat:<\/strong><\/p>\n<p>Sz\u00e1nt\u00f3f\u00f6ldi:<\/p>\n<ul>\n<li>lev\u00e9ltr\u00e1gy\u00e1z\u00e1sra: 5-10 l\/ha\/alkalom.<\/li>\n<\/ul>\n<p>Kert\u00e9szeti, h\u00e1zikerti:<\/p>\n<ul>\n<li>1-2 %-os t\u00f6m\u00e9nys\u00e9gben (1-2 dl\/10 l v\u00edz).<\/li>\n<\/ul>\n<p>A kezel\u00e9seket a t\u00e1panyaghi\u00e1ny m\u00e9rt\u00e9k\u00e9nek megfelel\u0151en 2-6 alkalommal ism\u00e9telni lehet a teny\u00e9szid\u0151szak folyam\u00e1n.\u00a0N\u00f6v\u00e9nyv\u00e9d\u0151szerekkel egy\u00fctt is alkalmazhat\u00f3, de a keverhet\u0151s\u00e9get el\u0151z\u0151leg javasoljuk megvizsg\u00e1lni.<\/p>\n","protected":false},"featured_media":24985,"comment_status":"closed","ping_status":"closed","template":"","meta":[],"product_brand":[],"product_cat":[389],"product_tag":[],"class_list":{"0":"post-24984","1":"product","2":"type-product","3":"status-publish","4":"has-post-thumbnail","6":"product_cat-fitohorm","8":"first","9":"instock","10":"taxable","11":"shipping-taxable","12":"purchasable","13":"product-type-simple"},"_links":{"self":[{"href":"https:\/\/chilimag.hu\/webshop\/wp-json\/wp\/v2\/product\/24984","targetHints":{"allow":["GET"]}}],"collection":[{"href":"https:\/\/chilimag.hu\/webshop\/wp-json\/wp\/v2\/product"}],"about":[{"href":"https:\/\/chilimag.hu\/webshop\/wp-json\/wp\/v2\/types\/product"}],"replies":[{"embeddable":true,"href":"https:\/\/chilimag.hu\/webshop\/wp-json\/wp\/v2\/comments?post=24984"}],"wp:featuredmedia":[{"embeddable":true,"href":"https:\/\/chilimag.hu\/webshop\/wp-json\/wp\/v2\/media\/24985"}],"wp:attachment":[{"href":"https:\/\/chilimag.hu\/webshop\/wp-json\/wp\/v2\/media?parent=24984"}],"wp:term":[{"taxonomy":"product_brand","embeddable":true,"href":"https:\/\/chilimag.hu\/webshop\/wp-json\/wp\/v2\/product_brand?post=24984"},{"taxonomy":"product_cat","embeddable":true,"href":"https:\/\/chilimag.hu\/webshop\/wp-json\/wp\/v2\/product_cat?post=24984"},{"taxonomy":"product_tag","embeddable":true,"href":"https:\/\/chilimag.hu\/webshop\/wp-json\/wp\/v2\/product_tag?post=24984"}],"curies":[{"name":"wp","href":"https:\/\/api.w.org\/{rel}","templated":true}]}}