{"id":24852,"date":"2023-05-23T18:33:13","date_gmt":"2023-05-23T18:33:13","guid":{"rendered":"https:\/\/chilimag.hu\/webshop\/?post_type=product&#038;p=24852"},"modified":"2026-03-10T03:49:11","modified_gmt":"2026-03-10T03:49:11","slug":"zsalya-szinkeverek-florian-bg","status":"publish","type":"product","link":"https:\/\/chilimag.hu\/webshop\/termek\/zsalya-szinkeverek-florian-bg\/","title":{"rendered":"Zs\u00e1lya sz\u00ednkever\u00e9k Florian Bg"},"content":{"rendered":"","protected":false},"excerpt":{"rendered":"<p><img decoding=\"async\" class=\"img-inline\" src=\"https:\/\/brcci.eu\/cache\/thumbnails\/12ecd0e6e419f1b9b1484ef02ad361979dd8e054\/1a6c5e1406ad462ca86d17b2800862d7f837862c-829875ad0a268b741b7edd818ffce098.png\" alt=\"FLORIAN OOD\" \/><\/p>\n<p>Az egy\u00e9ves n\u00f6v\u00e9ny, amely lil\u00e1s-r\u00f3zsasz\u00edn, k\u00e9k \u00e9s kr\u00e9mfeh\u00e9r vir\u00e1gok \u00e9l\u00e9nk kever\u00e9k\u00e9t k\u00edn\u00e1lja. Alkalmas tavaszi termeszt\u00e9sre \u00fcvegh\u00e1zakban \u00e9s kertekben, hosszan tart\u00f3 n\u00f6veked\u00e9ssel eg\u00e9sz ny\u00e1ron. A n\u00f6v\u00e9ny ak\u00e1r 60 cm magasra is megn\u0151, \u00e9s jobban szereti a napf\u00e9nyt.<\/p>\n","protected":false},"featured_media":24853,"comment_status":"closed","ping_status":"closed","template":"","meta":[],"product_brand":[],"product_cat":[384],"product_tag":[],"class_list":{"0":"post-24852","1":"product","2":"type-product","3":"status-publish","4":"has-post-thumbnail","6":"product_cat-virag-vetomagok-bolgar-florian-vetomagok","8":"first","9":"instock","10":"taxable","11":"shipping-taxable","12":"purchasable","13":"product-type-simple"},"_links":{"self":[{"href":"https:\/\/chilimag.hu\/webshop\/wp-json\/wp\/v2\/product\/24852","targetHints":{"allow":["GET"]}}],"collection":[{"href":"https:\/\/chilimag.hu\/webshop\/wp-json\/wp\/v2\/product"}],"about":[{"href":"https:\/\/chilimag.hu\/webshop\/wp-json\/wp\/v2\/types\/product"}],"replies":[{"embeddable":true,"href":"https:\/\/chilimag.hu\/webshop\/wp-json\/wp\/v2\/comments?post=24852"}],"wp:featuredmedia":[{"embeddable":true,"href":"https:\/\/chilimag.hu\/webshop\/wp-json\/wp\/v2\/media\/24853"}],"wp:attachment":[{"href":"https:\/\/chilimag.hu\/webshop\/wp-json\/wp\/v2\/media?parent=24852"}],"wp:term":[{"taxonomy":"product_brand","embeddable":true,"href":"https:\/\/chilimag.hu\/webshop\/wp-json\/wp\/v2\/product_brand?post=24852"},{"taxonomy":"product_cat","embeddable":true,"href":"https:\/\/chilimag.hu\/webshop\/wp-json\/wp\/v2\/product_cat?post=24852"},{"taxonomy":"product_tag","embeddable":true,"href":"https:\/\/chilimag.hu\/webshop\/wp-json\/wp\/v2\/product_tag?post=24852"}],"curies":[{"name":"wp","href":"https:\/\/api.w.org\/{rel}","templated":true}]}}