{"id":24848,"date":"2023-05-23T18:27:16","date_gmt":"2023-05-23T18:27:16","guid":{"rendered":"https:\/\/chilimag.hu\/webshop\/?post_type=product&#038;p=24848"},"modified":"2025-08-14T09:56:30","modified_gmt":"2025-08-14T09:56:30","slug":"celosia-tarajos-florian-bg","status":"publish","type":"product","link":"https:\/\/chilimag.hu\/webshop\/termek\/celosia-tarajos-florian-bg\/","title":{"rendered":"Celosia tarajos ( Kakastar\u00e9j) Florian Bg"},"content":{"rendered":"","protected":false},"excerpt":{"rendered":"<p><img decoding=\"async\" class=\"img-inline\" src=\"https:\/\/brcci.eu\/cache\/thumbnails\/12ecd0e6e419f1b9b1484ef02ad361979dd8e054\/1a6c5e1406ad462ca86d17b2800862d7f837862c-829875ad0a268b741b7edd818ffce098.png\" alt=\"FLORIAN OOD\" \/><\/p>\n<p>Egyny\u00e1ri vir\u00e1g, napos \u00e9s meleg helyen, k\u00f6nny\u0171 talajokon n\u0151. Pal\u00e1nt\u00e1n nevelj\u00fck, a magokat febru\u00e1r-m\u00e1rciusban vetj\u00fck, egyenletesen kiter\u00edtj\u00fck, felverj\u00fck, de nem takarjuk be f\u00f6lddel.Optim\u00e1lis 20 fokos h\u0151m\u00e9rs\u00e9kleten 7-14 nap alatt kin\u0151. a n\u00f6v\u00e9nyeket j\u00fanius elej\u00e9n \u00fcltetik \u00e1t. J\u00faliust\u00f3l okt\u00f3berig vir\u00e1gzik.<\/p>\n<p>A magok sz\u00e1ma zs\u00e1konk\u00e9nt &#8211; 500<\/p>\n<p>M\u0171szaki adatok:<\/p>\n<p>Vet\u00e9s febru\u00e1rt\u00f3l kezd\u0151d\u0151en<br \/>\nA magvakb\u00f3l, pal\u00e1nt\u00e1kb\u00f3l t\u00f6rt\u00e9n\u0151 el\u0151\u00e1ll\u00edt\u00e1s fajt\u00e1i<br \/>\n\u00c1ltal\u00e1noss\u00e1gok:<\/p>\n<p>1100 magot tartalmaz grammonk\u00e9nt<br \/>\nbor\u00edt\u00e9k s\u00falya<br \/>\n\u00dcltet\u00e9s febru\u00e1r-j\u00fanius<br \/>\nSz\u00fcret j\u00falius-okt\u00f3ber<br \/>\nVeget\u00e1ci\u00f3 150 nap<\/p>\n","protected":false},"featured_media":24849,"comment_status":"closed","ping_status":"closed","template":"","meta":[],"product_brand":[],"product_cat":[384],"product_tag":[],"class_list":{"0":"post-24848","1":"product","2":"type-product","3":"status-publish","4":"has-post-thumbnail","6":"product_cat-virag-vetomagok-bolgar-florian-vetomagok","8":"first","9":"outofstock","10":"taxable","11":"shipping-taxable","12":"purchasable","13":"product-type-simple"},"_links":{"self":[{"href":"https:\/\/chilimag.hu\/webshop\/wp-json\/wp\/v2\/product\/24848","targetHints":{"allow":["GET"]}}],"collection":[{"href":"https:\/\/chilimag.hu\/webshop\/wp-json\/wp\/v2\/product"}],"about":[{"href":"https:\/\/chilimag.hu\/webshop\/wp-json\/wp\/v2\/types\/product"}],"replies":[{"embeddable":true,"href":"https:\/\/chilimag.hu\/webshop\/wp-json\/wp\/v2\/comments?post=24848"}],"wp:featuredmedia":[{"embeddable":true,"href":"https:\/\/chilimag.hu\/webshop\/wp-json\/wp\/v2\/media\/24849"}],"wp:attachment":[{"href":"https:\/\/chilimag.hu\/webshop\/wp-json\/wp\/v2\/media?parent=24848"}],"wp:term":[{"taxonomy":"product_brand","embeddable":true,"href":"https:\/\/chilimag.hu\/webshop\/wp-json\/wp\/v2\/product_brand?post=24848"},{"taxonomy":"product_cat","embeddable":true,"href":"https:\/\/chilimag.hu\/webshop\/wp-json\/wp\/v2\/product_cat?post=24848"},{"taxonomy":"product_tag","embeddable":true,"href":"https:\/\/chilimag.hu\/webshop\/wp-json\/wp\/v2\/product_tag?post=24848"}],"curies":[{"name":"wp","href":"https:\/\/api.w.org\/{rel}","templated":true}]}}