{"id":24840,"date":"2023-05-23T18:15:11","date_gmt":"2023-05-23T18:15:11","guid":{"rendered":"https:\/\/chilimag.hu\/webshop\/?post_type=product&#038;p=24840"},"modified":"2026-03-29T09:32:07","modified_gmt":"2026-03-29T09:32:07","slug":"bazsalikom-lemon-florian-bg","status":"publish","type":"product","link":"https:\/\/chilimag.hu\/webshop\/termek\/bazsalikom-lemon-florian-bg\/","title":{"rendered":"Bazsalikom Lemon Florian Bg"},"content":{"rendered":"","protected":false},"excerpt":{"rendered":"<p><img decoding=\"async\" class=\"img-inline\" src=\"https:\/\/brcci.eu\/cache\/thumbnails\/12ecd0e6e419f1b9b1484ef02ad361979dd8e054\/1a6c5e1406ad462ca86d17b2800862d7f837862c-829875ad0a268b741b7edd818ffce098.png\" alt=\"FLORIAN OOD\" \/><\/p>\n<p>Egyny\u00e1ri n\u00f6v\u00e9ny, amely el\u00e9ri a 30 cm magass\u00e1got, kis vil\u00e1gosz\u00f6ld levelekkel \u00e9s feh\u00e9r-r\u00f3zsasz\u00edn vir\u00e1gokkal. \u00cdze szinte megegyezik a t\u00f6bbi bazsalikomfajt\u00e1val, de er\u0151s citrom\u00edz\u0171. Sok napf\u00e9nyt \u00e9s v\u00e9dett helyet ig\u00e9nyel.Szabadf\u00f6ld\u00f6n, vir\u00e1gcser\u00e9pben is termeszthet\u0151. Nem toler\u00e1lja az alacsony h\u0151m\u00e9rs\u00e9kletet. Rendszeresen szedje le a leveleket a teteje fel\u00e9. A n\u00f6v\u00e9nyt vir\u00e1gz\u00e1s el\u0151tt 10-15 cm-re lev\u00e1gjuk a talajt\u00f3l, hogy serkents\u00fck az ism\u00e9telt n\u00f6veked\u00e9st.<\/p>\n<p>Vet\u00e9s: febru\u00e1r-m\u00e1rcius.<\/p>\n<p>\u00c1t\u00fcltet\u00e9s: \u00e1prilis-m\u00e1jus.<\/p>\n<p>Sz\u00fcret: j\u00fanius-okt\u00f3ber.<\/p>\n<p>Magok mennyis\u00e9ge zs\u00e1konk\u00e9nt: 1 gramm<\/p>\n<p>M\u0171szaki adatok:<\/p>\n<p>Magr\u00f3l, pal\u00e1nt\u00e1r\u00f3l termeszt\u00e9s t\u00edpusai<br \/>\n\u00c1ltal\u00e1noss\u00e1gok:<\/p>\n<p>Tartalom 1 gramm\/zs\u00e1k<br \/>\n\u00dcltet\u00e9s \u00e1prilis-m\u00e1jus<br \/>\nBetakar\u00edt\u00e1s j\u00faniust\u00f3l okt\u00f3berig<br \/>\nVeget\u00e1ci\u00f3 120 nap<\/p>\n","protected":false},"featured_media":24841,"comment_status":"closed","ping_status":"closed","template":"","meta":[],"product_brand":[],"product_cat":[374],"product_tag":[],"class_list":{"0":"post-24840","1":"product","2":"type-product","3":"status-publish","4":"has-post-thumbnail","6":"product_cat-fuszer-es-gyogynoveny-vetomagok-bolgar-florian-vetomagok","8":"first","9":"instock","10":"taxable","11":"shipping-taxable","12":"purchasable","13":"product-type-simple"},"_links":{"self":[{"href":"https:\/\/chilimag.hu\/webshop\/wp-json\/wp\/v2\/product\/24840","targetHints":{"allow":["GET"]}}],"collection":[{"href":"https:\/\/chilimag.hu\/webshop\/wp-json\/wp\/v2\/product"}],"about":[{"href":"https:\/\/chilimag.hu\/webshop\/wp-json\/wp\/v2\/types\/product"}],"replies":[{"embeddable":true,"href":"https:\/\/chilimag.hu\/webshop\/wp-json\/wp\/v2\/comments?post=24840"}],"wp:featuredmedia":[{"embeddable":true,"href":"https:\/\/chilimag.hu\/webshop\/wp-json\/wp\/v2\/media\/24841"}],"wp:attachment":[{"href":"https:\/\/chilimag.hu\/webshop\/wp-json\/wp\/v2\/media?parent=24840"}],"wp:term":[{"taxonomy":"product_brand","embeddable":true,"href":"https:\/\/chilimag.hu\/webshop\/wp-json\/wp\/v2\/product_brand?post=24840"},{"taxonomy":"product_cat","embeddable":true,"href":"https:\/\/chilimag.hu\/webshop\/wp-json\/wp\/v2\/product_cat?post=24840"},{"taxonomy":"product_tag","embeddable":true,"href":"https:\/\/chilimag.hu\/webshop\/wp-json\/wp\/v2\/product_tag?post=24840"}],"curies":[{"name":"wp","href":"https:\/\/api.w.org\/{rel}","templated":true}]}}