{"id":24835,"date":"2023-05-23T18:05:02","date_gmt":"2023-05-23T18:05:02","guid":{"rendered":"https:\/\/chilimag.hu\/webshop\/?post_type=product&#038;p=24835"},"modified":"2026-03-17T15:53:33","modified_gmt":"2026-03-17T15:53:33","slug":"peppino-dinnye-florian-bg","status":"publish","type":"product","link":"https:\/\/chilimag.hu\/webshop\/termek\/peppino-dinnye-florian-bg\/","title":{"rendered":"Pepino dinnye Melon Tree Florian Bg"},"content":{"rendered":"","protected":false},"excerpt":{"rendered":"<p><img decoding=\"async\" class=\"img-inline\" src=\"https:\/\/brcci.eu\/cache\/thumbnails\/12ecd0e6e419f1b9b1484ef02ad361979dd8e054\/1a6c5e1406ad462ca86d17b2800862d7f837862c-829875ad0a268b741b7edd818ffce098.png\" alt=\"FLORIAN OOD\" \/><\/p>\n<p>Nagyon vonz\u00f3 fajta, alkalmas k\u00fclt\u00e9ri termeszt\u00e9sre \u00e9s \u00fcvegh\u00e1zakra. A n\u00f6v\u00e9ny egy \u00e9vig \u00e9l, \u00e9s arom\u00e1s, vonz\u00f3 vir\u00e1gokat \u00e9s dekorat\u00edv, de ehet\u0151 gy\u00fcm\u00f6lcs\u00f6ket k\u00e9pez. S\u00falyuk 100-300 gramm. A mag l\u00e9d\u00fas, l\u00e1gy, arom\u00e1s, dinnye vagy mang\u00f3 \u00edz\u0171. A gy\u00fcm\u00f6lcs\u00f6k C-vitaminban \u00e9s j\u00f3dban gazdagok. K\u00fcl\u00f6nf\u00e9le form\u00e1ban f\u0151zhet\u0151k: lekv\u00e1rok, sz\u00e1r\u00edtott, tart\u00f3s\u00edtott, frissen.<\/p>\n<p>Vet\u00e9s: febru\u00e1r-m\u00e1jus, egy h\u00f3nap eltelt\u00e9vel az \u00e1t\u00fcltet\u00e9sre k\u00e9sz n\u00f6v\u00e9nyeket 40 cm t\u00e1vols\u00e1gra \u00fcltetik a n\u00f6v\u00e9nyek k\u00f6z\u00e9.<\/p>\n<p>M\u00e9lys\u00e9ge: 1-1,5 cm.<\/p>\n<p>Magok mennyis\u00e9ge zs\u00e1konk\u00e9nt: 8 mag<\/p>\n<p>M\u0171szaki adatok<br \/>\nM\u00e9lys\u00e9ge 1-1,5 cm<br \/>\nVet\u00e9s febru\u00e1rt\u00f3l kezd\u0151d\u0151en<br \/>\nA magvakb\u00f3l, pal\u00e1nt\u00e1kb\u00f3l t\u00f6rt\u00e9n\u0151 el\u0151\u00e1ll\u00edt\u00e1s fajt\u00e1i<br \/>\n\u00c1ttekint\u00e9s<br \/>\n800-1000 magot tartalmaz grammonk\u00e9nt<br \/>\nS\u00falya 0,01 gramm<br \/>\n\u00dcltet\u00e9s febru\u00e1r-m\u00e1rcius<br \/>\nSz\u00fcret szeptember-okt\u00f3ber<br \/>\nVeget\u00e1ci\u00f3ja 200-210 nap<\/p>\n","protected":false},"featured_media":25099,"comment_status":"closed","ping_status":"closed","template":"","meta":[],"product_brand":[],"product_cat":[375],"product_tag":[],"class_list":{"0":"post-24835","1":"product","2":"type-product","3":"status-publish","4":"has-post-thumbnail","6":"product_cat-gyumolcs-vetomagok-bolgar-florian-vetomagok","8":"first","9":"outofstock","10":"taxable","11":"shipping-taxable","12":"purchasable","13":"product-type-simple"},"_links":{"self":[{"href":"https:\/\/chilimag.hu\/webshop\/wp-json\/wp\/v2\/product\/24835","targetHints":{"allow":["GET"]}}],"collection":[{"href":"https:\/\/chilimag.hu\/webshop\/wp-json\/wp\/v2\/product"}],"about":[{"href":"https:\/\/chilimag.hu\/webshop\/wp-json\/wp\/v2\/types\/product"}],"replies":[{"embeddable":true,"href":"https:\/\/chilimag.hu\/webshop\/wp-json\/wp\/v2\/comments?post=24835"}],"wp:featuredmedia":[{"embeddable":true,"href":"https:\/\/chilimag.hu\/webshop\/wp-json\/wp\/v2\/media\/25099"}],"wp:attachment":[{"href":"https:\/\/chilimag.hu\/webshop\/wp-json\/wp\/v2\/media?parent=24835"}],"wp:term":[{"taxonomy":"product_brand","embeddable":true,"href":"https:\/\/chilimag.hu\/webshop\/wp-json\/wp\/v2\/product_brand?post=24835"},{"taxonomy":"product_cat","embeddable":true,"href":"https:\/\/chilimag.hu\/webshop\/wp-json\/wp\/v2\/product_cat?post=24835"},{"taxonomy":"product_tag","embeddable":true,"href":"https:\/\/chilimag.hu\/webshop\/wp-json\/wp\/v2\/product_tag?post=24835"}],"curies":[{"name":"wp","href":"https:\/\/api.w.org\/{rel}","templated":true}]}}