{"id":24832,"date":"2023-05-23T17:59:24","date_gmt":"2023-05-23T17:59:24","guid":{"rendered":"https:\/\/chilimag.hu\/webshop\/?post_type=product&#038;p=24832"},"modified":"2025-08-24T08:14:14","modified_gmt":"2025-08-24T08:14:14","slug":"tok-mamut-gold-florian-bg","status":"publish","type":"product","link":"https:\/\/chilimag.hu\/webshop\/termek\/tok-mamut-gold-florian-bg\/","title":{"rendered":"S\u00fct\u0151t\u00f6k Mamut gold Florian Bg"},"content":{"rendered":"","protected":false},"excerpt":{"rendered":"<p><img decoding=\"async\" class=\"img-inline\" src=\"https:\/\/brcci.eu\/cache\/thumbnails\/12ecd0e6e419f1b9b1484ef02ad361979dd8e054\/1a6c5e1406ad462ca86d17b2800862d7f837862c-829875ad0a268b741b7edd818ffce098.png\" alt=\"FLORIAN OOD\" \/><\/p>\n<p>GOLDEN MAMUT s\u00fct\u0151t\u00f6k &#8211; 3 gr-os kiszerel\u00e9s. A magvakat \u00e1prilis 10-25. A vet\u00e9st 200\/200 cm t\u00e1vols\u00e1gra f\u00e9szkekben v\u00e9gezz\u00fck, f\u00e9szkenk\u00e9nt 4-5 magot helyezve, \u00e1lland\u00f3 12 fokos talajh\u0151m\u00e9rs\u00e9klet ut\u00e1n.<\/p>\n<p>Vet\u00e9sm\u00e9lys\u00e9g: 6-7 cm.<\/p>\n<p>Magok mennyis\u00e9ge zs\u00e1konk\u00e9nt: 3 gramm.<\/p>\n<p>M\u0171szaki adatok<\/p>\n<p>M\u00e9lys\u00e9ge 6-7 cm<br \/>\n\u00c1prilis 10-25<br \/>\nVet\u00e9smennyis\u00e9g 0,350-0,600 Kg\/hekt\u00e1r<br \/>\nA vet\u0151magb\u00f3l t\u00f6rt\u00e9n\u0151 termel\u00e9s t\u00edpusai<br \/>\n\u00c1ttekint\u00e9s<\/p>\n<p>3-5 magot tartalmaz grammonk\u00e9nt<br \/>\nS\u00falya 3 gramm<br \/>\n\u00c1prilis \u00fcltet\u00e9s<br \/>\nSz\u00fcret augusztus-szeptember<br \/>\nVeget\u00e1ci\u00f3ja 120-130 nap<\/p>\n","protected":false},"featured_media":24833,"comment_status":"closed","ping_status":"closed","template":"","meta":[],"product_brand":[],"product_cat":[373],"product_tag":[],"class_list":{"0":"post-24832","1":"product","2":"type-product","3":"status-publish","4":"has-post-thumbnail","6":"product_cat-dinnye-es-tok-vetomagok-bolgar-florian-vetomagok","8":"first","9":"instock","10":"taxable","11":"shipping-taxable","12":"purchasable","13":"product-type-simple"},"_links":{"self":[{"href":"https:\/\/chilimag.hu\/webshop\/wp-json\/wp\/v2\/product\/24832","targetHints":{"allow":["GET"]}}],"collection":[{"href":"https:\/\/chilimag.hu\/webshop\/wp-json\/wp\/v2\/product"}],"about":[{"href":"https:\/\/chilimag.hu\/webshop\/wp-json\/wp\/v2\/types\/product"}],"replies":[{"embeddable":true,"href":"https:\/\/chilimag.hu\/webshop\/wp-json\/wp\/v2\/comments?post=24832"}],"wp:featuredmedia":[{"embeddable":true,"href":"https:\/\/chilimag.hu\/webshop\/wp-json\/wp\/v2\/media\/24833"}],"wp:attachment":[{"href":"https:\/\/chilimag.hu\/webshop\/wp-json\/wp\/v2\/media?parent=24832"}],"wp:term":[{"taxonomy":"product_brand","embeddable":true,"href":"https:\/\/chilimag.hu\/webshop\/wp-json\/wp\/v2\/product_brand?post=24832"},{"taxonomy":"product_cat","embeddable":true,"href":"https:\/\/chilimag.hu\/webshop\/wp-json\/wp\/v2\/product_cat?post=24832"},{"taxonomy":"product_tag","embeddable":true,"href":"https:\/\/chilimag.hu\/webshop\/wp-json\/wp\/v2\/product_tag?post=24832"}],"curies":[{"name":"wp","href":"https:\/\/api.w.org\/{rel}","templated":true}]}}