{"id":24828,"date":"2023-05-23T17:52:41","date_gmt":"2023-05-23T17:52:41","guid":{"rendered":"https:\/\/chilimag.hu\/webshop\/?post_type=product&#038;p=24828"},"modified":"2026-03-03T13:04:22","modified_gmt":"2026-03-03T13:04:22","slug":"okra-klemson-florian-bg","status":"publish","type":"product","link":"https:\/\/chilimag.hu\/webshop\/termek\/okra-klemson-florian-bg\/","title":{"rendered":"Okra Clemson  Florian Bg"},"content":{"rendered":"","protected":false},"excerpt":{"rendered":"<p><img decoding=\"async\" class=\"img-inline\" src=\"https:\/\/brcci.eu\/cache\/thumbnails\/12ecd0e6e419f1b9b1484ef02ad361979dd8e054\/1a6c5e1406ad462ca86d17b2800862d7f837862c-829875ad0a268b741b7edd818ffce098.png\" alt=\"FLORIAN OOD\" \/><\/p>\n<p>F\u0151z\u00e9sre, tart\u00f3s\u00edt\u00e1sra \u00e9s sz\u00e1r\u00edt\u00e1sra alkalmas korai fajta. Term\u00e9sei 6-7 cm hossz\u00faak, finomak, nagyon l\u00e1gyak, egyenesek, 1 cm vastagok, pelyhesek. A vir\u00e1gok elsz\u00e1rad\u00e1sa ut\u00e1n 5-6 nappal sz\u00fcretelj\u00fck, miel\u0151tt magot hozn\u00e1nak.A betakar\u00edt\u00e1s 1-2 napos id\u0151k\u00f6z\u00f6nk\u00e9nt t\u00f6rt\u00e9nik.A magvakat egy \u00e9jszak\u00e1n \u00e1t \u00e1ztatni a jobb cs\u00edr\u00e1z\u00e1s \u00e9rdek\u00e9ben Veget\u00e1ci\u00f3s id\u0151szak 55-60 nap. M\u00e1jus 20-30 k\u00f6z\u00f6tt vetik, amikor a talaj h\u0151m\u00e9rs\u00e9klete el\u00e9ri a 16 Celsius fokot.<br \/>\nMagok mennyis\u00e9ge zs\u00e1konk\u00e9nt: 5 gramm (75-100 mag)<\/p>\n","protected":false},"featured_media":25206,"comment_status":"closed","ping_status":"closed","template":"","meta":[],"product_brand":[],"product_cat":[386],"product_tag":[],"class_list":{"0":"post-24828","1":"product","2":"type-product","3":"status-publish","4":"has-post-thumbnail","6":"product_cat-zoldseg-vetomagok-bolgar-florian-vetomagok","8":"first","9":"instock","10":"taxable","11":"shipping-taxable","12":"purchasable","13":"product-type-simple"},"_links":{"self":[{"href":"https:\/\/chilimag.hu\/webshop\/wp-json\/wp\/v2\/product\/24828","targetHints":{"allow":["GET"]}}],"collection":[{"href":"https:\/\/chilimag.hu\/webshop\/wp-json\/wp\/v2\/product"}],"about":[{"href":"https:\/\/chilimag.hu\/webshop\/wp-json\/wp\/v2\/types\/product"}],"replies":[{"embeddable":true,"href":"https:\/\/chilimag.hu\/webshop\/wp-json\/wp\/v2\/comments?post=24828"}],"wp:featuredmedia":[{"embeddable":true,"href":"https:\/\/chilimag.hu\/webshop\/wp-json\/wp\/v2\/media\/25206"}],"wp:attachment":[{"href":"https:\/\/chilimag.hu\/webshop\/wp-json\/wp\/v2\/media?parent=24828"}],"wp:term":[{"taxonomy":"product_brand","embeddable":true,"href":"https:\/\/chilimag.hu\/webshop\/wp-json\/wp\/v2\/product_brand?post=24828"},{"taxonomy":"product_cat","embeddable":true,"href":"https:\/\/chilimag.hu\/webshop\/wp-json\/wp\/v2\/product_cat?post=24828"},{"taxonomy":"product_tag","embeddable":true,"href":"https:\/\/chilimag.hu\/webshop\/wp-json\/wp\/v2\/product_tag?post=24828"}],"curies":[{"name":"wp","href":"https:\/\/api.w.org\/{rel}","templated":true}]}}