{"id":24825,"date":"2023-05-23T17:34:54","date_gmt":"2023-05-23T17:34:54","guid":{"rendered":"https:\/\/chilimag.hu\/webshop\/?post_type=product&#038;p=24825"},"modified":"2026-03-08T16:19:23","modified_gmt":"2026-03-08T16:19:23","slug":"cekla-golden-florian-bg","status":"publish","type":"product","link":"https:\/\/chilimag.hu\/webshop\/termek\/cekla-golden-florian-bg\/","title":{"rendered":"C\u00e9kla Burpee Golden Florian Bg"},"content":{"rendered":"","protected":false},"excerpt":{"rendered":"<p><img decoding=\"async\" class=\"img-inline\" src=\"https:\/\/brcci.eu\/cache\/thumbnails\/12ecd0e6e419f1b9b1484ef02ad361979dd8e054\/1a6c5e1406ad462ca86d17b2800862d7f837862c-829875ad0a268b741b7edd818ffce098.png\" alt=\"FLORIAN OOD\" \/><\/p>\n<p>A Burpee&#8217;s Golden c\u00e9kla egy \u00f6r\u00f6k\u00f6lt fajta.<br \/>\nA Burpee&#8217;s Golden c\u00e9kla nagyon vonz\u00f3 \u00e9s nagyra \u00e9rt\u00e9kelt c\u00e9kla r\u00e9pa.<br \/>\nA h\u00e9ja narancss\u00e1rga, a p\u00e9p s\u00e1rga, koncentrikus k\u00f6r\u00f6kkel, amely a c\u00e9kl\u00e1ra jellemz\u0151.<br \/>\nA Burpee&#8217;s Golden c\u00e9kla nem rendelkezik er\u0151s r\u00e9pa pigmenttel, \u00e9s nem fest semmit, kellemes, \u00e9des \u00e9s finom \u00edz\u0171.<br \/>\nA Burpee&#8217;s Golden c\u00e9kla frissen \u00e9s konzervk\u00e9nt is haszn\u00e1lhat\u00f3. Nem vesz\u00edti el sz\u00edn\u00e9t tart\u00f3s\u00edt\u00e1s vagy f\u0151z\u00e9s sor\u00e1n, de el\u0151fordulhat n\u00e9mi elsz\u00ednez\u0151d\u00e9s a f\u0151z\u00e9s t\u00edpus\u00e1t\u00f3l f\u00fcgg\u0151en.<br \/>\nA Burpee&#8217;s Golden c\u00e9kla termeszthet\u0151 a sz\u00e1nt\u00f3f\u00f6ld\u00f6n pal\u00e1nt\u00e1val, ny\u00e1ron, vagy eg\u00e9sz \u00e9vben \u00fcvegh\u00e1zban vagy szol\u00e1riumban.<br \/>\nA n\u00f6v\u00e9ny 50-60 nap alatt \u00e9ri el az \u00e9retts\u00e9get, \u00e9s j\u00f3 term\u0151k\u00e9pess\u00e9g\u0171.<br \/>\nA n\u00f6v\u00e9ny magass\u00e1ga 30-40 cm.<\/p>\n<p>A csomag 1 gr magot tartalmaz<\/p>\n","protected":false},"featured_media":25198,"comment_status":"closed","ping_status":"closed","template":"","meta":[],"product_brand":[],"product_cat":[385],"product_tag":[],"class_list":{"0":"post-24825","1":"product","2":"type-product","3":"status-publish","4":"has-post-thumbnail","6":"product_cat-zeller-karalabe-cekla-vetomagok-bolgar-florian-vetomagok","8":"first","9":"instock","10":"taxable","11":"shipping-taxable","12":"purchasable","13":"product-type-simple"},"_links":{"self":[{"href":"https:\/\/chilimag.hu\/webshop\/wp-json\/wp\/v2\/product\/24825","targetHints":{"allow":["GET"]}}],"collection":[{"href":"https:\/\/chilimag.hu\/webshop\/wp-json\/wp\/v2\/product"}],"about":[{"href":"https:\/\/chilimag.hu\/webshop\/wp-json\/wp\/v2\/types\/product"}],"replies":[{"embeddable":true,"href":"https:\/\/chilimag.hu\/webshop\/wp-json\/wp\/v2\/comments?post=24825"}],"wp:featuredmedia":[{"embeddable":true,"href":"https:\/\/chilimag.hu\/webshop\/wp-json\/wp\/v2\/media\/25198"}],"wp:attachment":[{"href":"https:\/\/chilimag.hu\/webshop\/wp-json\/wp\/v2\/media?parent=24825"}],"wp:term":[{"taxonomy":"product_brand","embeddable":true,"href":"https:\/\/chilimag.hu\/webshop\/wp-json\/wp\/v2\/product_brand?post=24825"},{"taxonomy":"product_cat","embeddable":true,"href":"https:\/\/chilimag.hu\/webshop\/wp-json\/wp\/v2\/product_cat?post=24825"},{"taxonomy":"product_tag","embeddable":true,"href":"https:\/\/chilimag.hu\/webshop\/wp-json\/wp\/v2\/product_tag?post=24825"}],"curies":[{"name":"wp","href":"https:\/\/api.w.org\/{rel}","templated":true}]}}