{"id":24819,"date":"2023-05-22T18:38:05","date_gmt":"2023-05-22T18:38:05","guid":{"rendered":"https:\/\/chilimag.hu\/webshop\/?post_type=product&#038;p=24819"},"modified":"2026-02-07T17:14:24","modified_gmt":"2026-02-07T17:14:24","slug":"cekla-bordeaux-florian-bg","status":"publish","type":"product","link":"https:\/\/chilimag.hu\/webshop\/termek\/cekla-bordeaux-florian-bg\/","title":{"rendered":"C\u00e9kla Bordeaux Florian Bg"},"content":{"rendered":"","protected":false},"excerpt":{"rendered":"<p><img decoding=\"async\" class=\"img-inline\" src=\"https:\/\/brcci.eu\/cache\/thumbnails\/12ecd0e6e419f1b9b1484ef02ad361979dd8e054\/1a6c5e1406ad462ca86d17b2800862d7f837862c-829875ad0a268b741b7edd818ffce098.png\" alt=\"FLORIAN OOD\" \/><\/p>\n<p>Nagyon term\u0151, rendk\u00edv\u00fcl korai fajta, s\u00f6t\u00e9tv\u00f6r\u00f6s gy\u00f6kerekkel \u00e9s kiv\u00e1l\u00f3 \u00edzzel. A mag v\u00f6r\u00f6s cs\u00edkokkal rendelkezik. Friss fogyaszt\u00e1sra, tart\u00f3s\u00edt\u00e1sra, tart\u00f3s\u00edt\u00e1sra alkalmas Veget\u00e1ci\u00f3s peri\u00f3dus 105-115 nap Korai termeszt\u00e9sn\u00e9l a vet\u00e9s m\u00e1rcius 15. \u00e9s \u00e1prilis 15. k\u00f6z\u00f6tt, k\u00e9s\u0151i termeszt\u00e9sn\u00e9l m\u00e1jus 1. \u00e9s 30. k\u00f6z\u00f6tt t\u00f6rt\u00e9nik.<\/p>\n<p>Magok sz\u00e1ma zs\u00e1konk\u00e9nt: 240 mag (3 gr)<\/p>\n<p>M\u0171szaki adatok:<\/p>\n<p>M\u00e9lys\u00e9ge 2,5-3,5 cm<br \/>\nM\u00e1rcius 15-t\u0151l \u00e1prilis 15-ig vetve, m\u00e1jus 1-30-ig<br \/>\nVet\u0151mennyis\u00e9g 2-2,5 Kg\/hekt\u00e1r<br \/>\nA vet\u0151magb\u00f3l t\u00f6rt\u00e9n\u0151 termel\u00e9s t\u00edpusai<br \/>\n\u00c1ltal\u00e1noss\u00e1gok:<\/p>\n<p>70-80 magot tartalmaz grammonk\u00e9nt<br \/>\nS\u00falya 3 gramm<br \/>\n\u00dcltet\u00e9s m\u00e1rcius-m\u00e1jus<br \/>\nSz\u00fcret j\u00falius-szeptember<br \/>\nVeget\u00e1ci\u00f3ja 105-115 nap<\/p>\n","protected":false},"featured_media":25197,"comment_status":"closed","ping_status":"closed","template":"","meta":[],"product_brand":[],"product_cat":[385],"product_tag":[],"class_list":{"0":"post-24819","1":"product","2":"type-product","3":"status-publish","4":"has-post-thumbnail","6":"product_cat-zeller-karalabe-cekla-vetomagok-bolgar-florian-vetomagok","8":"first","9":"instock","10":"taxable","11":"shipping-taxable","12":"purchasable","13":"product-type-simple"},"_links":{"self":[{"href":"https:\/\/chilimag.hu\/webshop\/wp-json\/wp\/v2\/product\/24819","targetHints":{"allow":["GET"]}}],"collection":[{"href":"https:\/\/chilimag.hu\/webshop\/wp-json\/wp\/v2\/product"}],"about":[{"href":"https:\/\/chilimag.hu\/webshop\/wp-json\/wp\/v2\/types\/product"}],"replies":[{"embeddable":true,"href":"https:\/\/chilimag.hu\/webshop\/wp-json\/wp\/v2\/comments?post=24819"}],"wp:featuredmedia":[{"embeddable":true,"href":"https:\/\/chilimag.hu\/webshop\/wp-json\/wp\/v2\/media\/25197"}],"wp:attachment":[{"href":"https:\/\/chilimag.hu\/webshop\/wp-json\/wp\/v2\/media?parent=24819"}],"wp:term":[{"taxonomy":"product_brand","embeddable":true,"href":"https:\/\/chilimag.hu\/webshop\/wp-json\/wp\/v2\/product_brand?post=24819"},{"taxonomy":"product_cat","embeddable":true,"href":"https:\/\/chilimag.hu\/webshop\/wp-json\/wp\/v2\/product_cat?post=24819"},{"taxonomy":"product_tag","embeddable":true,"href":"https:\/\/chilimag.hu\/webshop\/wp-json\/wp\/v2\/product_tag?post=24819"}],"curies":[{"name":"wp","href":"https:\/\/api.w.org\/{rel}","templated":true}]}}