{"id":24811,"date":"2023-05-22T18:23:50","date_gmt":"2023-05-22T18:23:50","guid":{"rendered":"https:\/\/chilimag.hu\/webshop\/?post_type=product&#038;p=24811"},"modified":"2025-08-12T20:53:08","modified_gmt":"2025-08-12T20:53:08","slug":"hagyma-volska-florian-bg","status":"publish","type":"product","link":"https:\/\/chilimag.hu\/webshop\/termek\/hagyma-volska-florian-bg\/","title":{"rendered":"Hagyma Volska Florian Bg"},"content":{"rendered":"","protected":false},"excerpt":{"rendered":"<p><img decoding=\"async\" class=\"img-inline\" src=\"https:\/\/brcci.eu\/cache\/thumbnails\/12ecd0e6e419f1b9b1484ef02ad361979dd8e054\/1a6c5e1406ad462ca86d17b2800862d7f837862c-829875ad0a268b741b7edd818ffce098.png\" alt=\"FLORIAN OOD\" \/><\/p>\n<p>K\u00e9s\u0151i fajta STUTTGART hagyma kerek form\u00e1j\u00fa, nagy fej\u0171, \u00e1tlagosan 0,100-0,160 kg t\u00f6meg\u0171, s\u00f6t\u00e9ts\u00e1rga h\u00e9j\u00fa, feh\u00e9r maggal. Friss fogyaszt\u00e1sra nagyon alkalmas. Legeltet\u00e9sre alkalmas. A veget\u00e1ci\u00f3s id\u0151szak 135-145 nap.<\/p>\n<p>Magok sz\u00e1ma zs\u00e1konk\u00e9nt: 600 mag (2 gr)<\/p>\n<p>Gy\u00e1rt\u00e1si t\u00edpusok:<br \/>\n&#8211; magr\u00f3l \u00e9s pal\u00e1nt\u00e1r\u00f3l &#8211; febru\u00e1r 25-m\u00e1rcius 5<br \/>\n&#8211; z\u00f6ld &#8211; szeptember 1-10.<\/p>\n<p>M\u0171szaki adatok<br \/>\nM\u0170SZAKI ADATOK<br \/>\nM\u00e9lys\u00e9ge 2,5 &#8211; 3 cm<br \/>\nVet\u00e9s 25.02 \u2013 05.03<br \/>\nVet\u0151mennyis\u00e9g 0,600 Kg\/hekt\u00e1r<br \/>\nA vet\u0151magb\u00f3l t\u00f6rt\u00e9n\u0151 termel\u00e9s t\u00edpusai<br \/>\n\u00c1TTEKINT\u00c9S<br \/>\n250-300 magot tartalmaz grammonk\u00e9nt<br \/>\nS\u00falya 2 gramm<br \/>\n\u00dcltet\u00e9s febru\u00e1r-szeptember<br \/>\nSz\u00fcret j\u00fanius-j\u00falius<br \/>\nVeget\u00e1ci\u00f3ja 135-145 nap<\/p>\n","protected":false},"featured_media":24812,"comment_status":"closed","ping_status":"closed","template":"","meta":[],"product_brand":[],"product_cat":[376],"product_tag":[],"class_list":{"0":"post-24811","1":"product","2":"type-product","3":"status-publish","4":"has-post-thumbnail","6":"product_cat-hagyma-vetomagok","8":"first","9":"outofstock","10":"taxable","11":"shipping-taxable","12":"purchasable","13":"product-type-simple"},"_links":{"self":[{"href":"https:\/\/chilimag.hu\/webshop\/wp-json\/wp\/v2\/product\/24811","targetHints":{"allow":["GET"]}}],"collection":[{"href":"https:\/\/chilimag.hu\/webshop\/wp-json\/wp\/v2\/product"}],"about":[{"href":"https:\/\/chilimag.hu\/webshop\/wp-json\/wp\/v2\/types\/product"}],"replies":[{"embeddable":true,"href":"https:\/\/chilimag.hu\/webshop\/wp-json\/wp\/v2\/comments?post=24811"}],"wp:featuredmedia":[{"embeddable":true,"href":"https:\/\/chilimag.hu\/webshop\/wp-json\/wp\/v2\/media\/24812"}],"wp:attachment":[{"href":"https:\/\/chilimag.hu\/webshop\/wp-json\/wp\/v2\/media?parent=24811"}],"wp:term":[{"taxonomy":"product_brand","embeddable":true,"href":"https:\/\/chilimag.hu\/webshop\/wp-json\/wp\/v2\/product_brand?post=24811"},{"taxonomy":"product_cat","embeddable":true,"href":"https:\/\/chilimag.hu\/webshop\/wp-json\/wp\/v2\/product_cat?post=24811"},{"taxonomy":"product_tag","embeddable":true,"href":"https:\/\/chilimag.hu\/webshop\/wp-json\/wp\/v2\/product_tag?post=24811"}],"curies":[{"name":"wp","href":"https:\/\/api.w.org\/{rel}","templated":true}]}}