{"id":24809,"date":"2023-05-22T18:21:01","date_gmt":"2023-05-22T18:21:01","guid":{"rendered":"https:\/\/chilimag.hu\/webshop\/?post_type=product&#038;p=24809"},"modified":"2025-08-12T20:52:16","modified_gmt":"2025-08-12T20:52:16","slug":"hagyma-stuttgarter-riesen-florian-bg","status":"publish","type":"product","link":"https:\/\/chilimag.hu\/webshop\/termek\/hagyma-stuttgarter-riesen-florian-bg\/","title":{"rendered":"Hagyma Stuttgarter Riesen Florian Bg"},"content":{"rendered":"","protected":false},"excerpt":{"rendered":"<p><img decoding=\"async\" class=\"img-inline\" src=\"https:\/\/brcci.eu\/cache\/thumbnails\/12ecd0e6e419f1b9b1484ef02ad361979dd8e054\/1a6c5e1406ad462ca86d17b2800862d7f837862c-829875ad0a268b741b7edd818ffce098.png\" alt=\"FLORIAN OOD\" \/><\/p>\n<p>Nagyon j\u00f3 term\u0151k\u00e9pess\u00e9g\u0171 hagymafajta. Tavasszal termeszt\u00e9sre, \u0151sszel met\u00e9l\u0151hagyma termeszt\u00e9s\u00e9re egyar\u00e1nt alkalmas. Vethet\u0151 magvakkal \u00e9s pal\u00e1nt\u00e1kkal, de snidlinggel is, a vet\u00e9si mennyis\u00e9g a specifik\u00e1ci\u00f3t\u00f3l f\u00fcgg\u0151en elt\u00e9r\u0151.<\/p>\n<p>K\u00f6zvetlen vet\u00e9sre nagyon term\u0151 f\u00e9lkorai f\u00e9lkorai fajta.\u00c1tlagos 100 g-os kalapokat, s\u00e1rg\u00e1s-arany h\u00e9jat k\u00e9pez.Hagyma tart\u00e1s\u00e1ra \u00e9s termeszt\u00e9s\u00e9re alkalmas \u00e9ves termeszt\u00e9ssel Veget\u00e1ci\u00f3s peri\u00f3dus 120 nap.<\/p>\n<p>Gy\u00e1rt\u00e1si t\u00edpusok:<\/p>\n<p>magr\u00f3l \u00e9s pal\u00e1nt\u00e1r\u00f3l &#8211; febru\u00e1r 25-m\u00e1rcius 5<br \/>\nz\u00f6ld &#8211; szeptember 1-10.<br \/>\nA magok mennyis\u00e9ge zs\u00e1konk\u00e9nt: 100 gramm.<br \/>\nM\u0171szaki adatok:<\/p>\n<p>M\u00e9lys\u00e9ge 2 cm<br \/>\nVet\u00e9s febru\u00e1rt\u00f3l kezd\u0151d\u0151en<br \/>\nTerm\u00e9keny\u00edt\u00e9si ar\u00e1ny<br \/>\nA magvakb\u00f3l, pal\u00e1nt\u00e1kb\u00f3l t\u00f6rt\u00e9n\u0151 el\u0151\u00e1ll\u00edt\u00e1s fajt\u00e1i<br \/>\n\u00c1ltal\u00e1noss\u00e1gok:<\/p>\n<p>250-300 magot tartalmaz grammonk\u00e9nt<br \/>\nS\u00faly 100 gramm<br \/>\n\u00dcltet\u00e9s febru\u00e1r-m\u00e1rcius, szeptember-november<br \/>\nSz\u00fcret j\u00fanius-j\u00falius<br \/>\nVeget\u00e1ci\u00f3 120 nap<\/p>\n","protected":false},"featured_media":24810,"comment_status":"closed","ping_status":"closed","template":"","meta":[],"product_brand":[],"product_cat":[376],"product_tag":[],"class_list":{"0":"post-24809","1":"product","2":"type-product","3":"status-publish","4":"has-post-thumbnail","6":"product_cat-hagyma-vetomagok","8":"first","9":"outofstock","10":"taxable","11":"shipping-taxable","12":"purchasable","13":"product-type-simple"},"_links":{"self":[{"href":"https:\/\/chilimag.hu\/webshop\/wp-json\/wp\/v2\/product\/24809","targetHints":{"allow":["GET"]}}],"collection":[{"href":"https:\/\/chilimag.hu\/webshop\/wp-json\/wp\/v2\/product"}],"about":[{"href":"https:\/\/chilimag.hu\/webshop\/wp-json\/wp\/v2\/types\/product"}],"replies":[{"embeddable":true,"href":"https:\/\/chilimag.hu\/webshop\/wp-json\/wp\/v2\/comments?post=24809"}],"wp:featuredmedia":[{"embeddable":true,"href":"https:\/\/chilimag.hu\/webshop\/wp-json\/wp\/v2\/media\/24810"}],"wp:attachment":[{"href":"https:\/\/chilimag.hu\/webshop\/wp-json\/wp\/v2\/media?parent=24809"}],"wp:term":[{"taxonomy":"product_brand","embeddable":true,"href":"https:\/\/chilimag.hu\/webshop\/wp-json\/wp\/v2\/product_brand?post=24809"},{"taxonomy":"product_cat","embeddable":true,"href":"https:\/\/chilimag.hu\/webshop\/wp-json\/wp\/v2\/product_cat?post=24809"},{"taxonomy":"product_tag","embeddable":true,"href":"https:\/\/chilimag.hu\/webshop\/wp-json\/wp\/v2\/product_tag?post=24809"}],"curies":[{"name":"wp","href":"https:\/\/api.w.org\/{rel}","templated":true}]}}