{"id":24807,"date":"2023-05-22T18:16:40","date_gmt":"2023-05-22T18:16:40","guid":{"rendered":"https:\/\/chilimag.hu\/webshop\/?post_type=product&#038;p=24807"},"modified":"2025-08-12T20:48:20","modified_gmt":"2025-08-12T20:48:20","slug":"hagyma-brunswick-florian-bg","status":"publish","type":"product","link":"https:\/\/chilimag.hu\/webshop\/termek\/hagyma-brunswick-florian-bg\/","title":{"rendered":"Hagyma Brunswick Florian Bg"},"content":{"rendered":"","protected":false},"excerpt":{"rendered":"<p><img decoding=\"async\" class=\"img-inline\" src=\"https:\/\/brcci.eu\/cache\/thumbnails\/12ecd0e6e419f1b9b1484ef02ad361979dd8e054\/1a6c5e1406ad462ca86d17b2800862d7f837862c-829875ad0a268b741b7edd818ffce098.png\" alt=\"FLORIAN OOD\" \/><\/p>\n<p>A Brunswick egy f\u00e9lkorai hagymafajta, a Fl\u00f3ri\u00e1nb\u00f3l, direkt vet\u00e9ssel termesztik, nagyon magas v\u00e9delmi potenci\u00e1llal.<\/p>\n<p>K\u00f6zvetlen vet\u00e9ssel termesztett, nagyon magas term\u0151k\u00e9pess\u00e9g\u0171 f\u00e9lkorai fajta.<br \/>\nA g\u00f6mb\u00f6ly\u0171 lap\u00edtott s\u00f6t\u00e9tv\u00f6r\u00f6s hagyma nagyon arom\u00e1s \u00e9s \u00edzletes. Friss fogyaszt\u00e1sra \u00e9s t\u00e1rol\u00e1sra egyar\u00e1nt alkalmas.<\/p>\n<p>A csomag 2 gramm magot tartalmaz<\/p>\n","protected":false},"featured_media":24808,"comment_status":"closed","ping_status":"closed","template":"","meta":[],"product_brand":[],"product_cat":[376],"product_tag":[],"class_list":{"0":"post-24807","1":"product","2":"type-product","3":"status-publish","4":"has-post-thumbnail","6":"product_cat-hagyma-vetomagok","8":"first","9":"outofstock","10":"taxable","11":"shipping-taxable","12":"purchasable","13":"product-type-simple"},"_links":{"self":[{"href":"https:\/\/chilimag.hu\/webshop\/wp-json\/wp\/v2\/product\/24807","targetHints":{"allow":["GET"]}}],"collection":[{"href":"https:\/\/chilimag.hu\/webshop\/wp-json\/wp\/v2\/product"}],"about":[{"href":"https:\/\/chilimag.hu\/webshop\/wp-json\/wp\/v2\/types\/product"}],"replies":[{"embeddable":true,"href":"https:\/\/chilimag.hu\/webshop\/wp-json\/wp\/v2\/comments?post=24807"}],"wp:featuredmedia":[{"embeddable":true,"href":"https:\/\/chilimag.hu\/webshop\/wp-json\/wp\/v2\/media\/24808"}],"wp:attachment":[{"href":"https:\/\/chilimag.hu\/webshop\/wp-json\/wp\/v2\/media?parent=24807"}],"wp:term":[{"taxonomy":"product_brand","embeddable":true,"href":"https:\/\/chilimag.hu\/webshop\/wp-json\/wp\/v2\/product_brand?post=24807"},{"taxonomy":"product_cat","embeddable":true,"href":"https:\/\/chilimag.hu\/webshop\/wp-json\/wp\/v2\/product_cat?post=24807"},{"taxonomy":"product_tag","embeddable":true,"href":"https:\/\/chilimag.hu\/webshop\/wp-json\/wp\/v2\/product_tag?post=24807"}],"curies":[{"name":"wp","href":"https:\/\/api.w.org\/{rel}","templated":true}]}}