{"id":24805,"date":"2023-05-22T18:12:28","date_gmt":"2023-05-22T18:12:28","guid":{"rendered":"https:\/\/chilimag.hu\/webshop\/?post_type=product&#038;p=24805"},"modified":"2026-02-22T07:26:10","modified_gmt":"2026-02-22T07:26:10","slug":"hagyma-carmen-florian-bg","status":"publish","type":"product","link":"https:\/\/chilimag.hu\/webshop\/termek\/hagyma-carmen-florian-bg\/","title":{"rendered":"Hagyma Karmen Florian Bg"},"content":{"rendered":"","protected":false},"excerpt":{"rendered":"<p><img decoding=\"async\" class=\"img-inline\" src=\"https:\/\/brcci.eu\/cache\/thumbnails\/12ecd0e6e419f1b9b1484ef02ad361979dd8e054\/1a6c5e1406ad462ca86d17b2800862d7f837862c-829875ad0a268b741b7edd818ffce098.png\" alt=\"FLORIAN OOD\" \/><\/p>\n<p>K\u00f6z\u00e9pkorai fajta, \u00e9des Kaba t\u00edpus\u00fa hagymafajta, enyh\u00e9n lap\u00edtott lila sz\u00f3sz sz\u00edn\u0171 kalapokkal. A mag nagyon finom, a k\u00fcl\u00f6nb\u00f6z\u0151 h\u00e9jak k\u00f6z\u00f6tt s\u00f6t\u00e9tv\u00f6r\u00f6s sz\u00edn\u0171, \u00e9s rendk\u00edv\u00fcl f\u0171szeres \u00edz\u0171. F\u0151leg sal\u00e1t\u00e1hoz \u00e9s nyers fogyaszt\u00e1sra alkalmas. Nagyon j\u00f3 min\u0151s\u00e9g\u0171 tart\u00e1s. A veget\u00e1ci\u00f3s id\u0151szak 60-70 nap.<\/p>\n<p>Gy\u00e1rt\u00e1si t\u00edpusok:<\/p>\n<p>magr\u00f3l \u00e9s pal\u00e1nt\u00e1r\u00f3l &#8211; febru\u00e1r 25-m\u00e1rcius 5<br \/>\nz\u00f6ld &#8211; szeptember 1-10.<br \/>\nMagok mennyis\u00e9ge zs\u00e1konk\u00e9nt: 2 gramm (500-600 db).<br \/>\nM\u0171szaki adatok:<\/p>\n<p>M\u00e9lys\u00e9ge 2,5 &#8211; 3 cm<br \/>\nVet\u00e9s 25.02 \u2013 05.03<br \/>\nVet\u0151mennyis\u00e9g 0,600 Kg\/hekt\u00e1r<br \/>\nA vet\u0151magb\u00f3l t\u00f6rt\u00e9n\u0151 termel\u00e9s t\u00edpusai<br \/>\n\u00c1ltal\u00e1noss\u00e1gok:<\/p>\n<p>250-300 magot tartalmaz grammonk\u00e9nt<br \/>\nS\u00falya 2 gramm<br \/>\n\u00dcltet\u00e9s febru\u00e1r-m\u00e1rcius\/szeptember<br \/>\nSz\u00fcret m\u00e1jus\/j\u00fanius\/j\u00falius<br \/>\nVeget\u00e1ci\u00f3ja 60-70 nap<\/p>\n","protected":false},"featured_media":24806,"comment_status":"closed","ping_status":"closed","template":"","meta":[],"product_brand":[],"product_cat":[376],"product_tag":[],"class_list":{"0":"post-24805","1":"product","2":"type-product","3":"status-publish","4":"has-post-thumbnail","6":"product_cat-hagyma-vetomagok","8":"first","9":"instock","10":"taxable","11":"shipping-taxable","12":"purchasable","13":"product-type-simple"},"_links":{"self":[{"href":"https:\/\/chilimag.hu\/webshop\/wp-json\/wp\/v2\/product\/24805","targetHints":{"allow":["GET"]}}],"collection":[{"href":"https:\/\/chilimag.hu\/webshop\/wp-json\/wp\/v2\/product"}],"about":[{"href":"https:\/\/chilimag.hu\/webshop\/wp-json\/wp\/v2\/types\/product"}],"replies":[{"embeddable":true,"href":"https:\/\/chilimag.hu\/webshop\/wp-json\/wp\/v2\/comments?post=24805"}],"wp:featuredmedia":[{"embeddable":true,"href":"https:\/\/chilimag.hu\/webshop\/wp-json\/wp\/v2\/media\/24806"}],"wp:attachment":[{"href":"https:\/\/chilimag.hu\/webshop\/wp-json\/wp\/v2\/media?parent=24805"}],"wp:term":[{"taxonomy":"product_brand","embeddable":true,"href":"https:\/\/chilimag.hu\/webshop\/wp-json\/wp\/v2\/product_brand?post=24805"},{"taxonomy":"product_cat","embeddable":true,"href":"https:\/\/chilimag.hu\/webshop\/wp-json\/wp\/v2\/product_cat?post=24805"},{"taxonomy":"product_tag","embeddable":true,"href":"https:\/\/chilimag.hu\/webshop\/wp-json\/wp\/v2\/product_tag?post=24805"}],"curies":[{"name":"wp","href":"https:\/\/api.w.org\/{rel}","templated":true}]}}