{"id":24801,"date":"2023-05-22T17:28:12","date_gmt":"2023-05-22T17:28:12","guid":{"rendered":"https:\/\/chilimag.hu\/webshop\/?post_type=product&#038;p=24801"},"modified":"2026-02-11T12:30:18","modified_gmt":"2026-02-11T12:30:18","slug":"hagyma-gold-of-bologna-florian-bg","status":"publish","type":"product","link":"https:\/\/chilimag.hu\/webshop\/termek\/hagyma-gold-of-bologna-florian-bg\/","title":{"rendered":"Hagyma Gold Of Bologna Florian Bg"},"content":{"rendered":"","protected":false},"excerpt":{"rendered":"<p><img decoding=\"async\" class=\"img-inline\" src=\"https:\/\/brcci.eu\/cache\/thumbnails\/12ecd0e6e419f1b9b1484ef02ad361979dd8e054\/1a6c5e1406ad462ca86d17b2800862d7f837862c-829875ad0a268b741b7edd818ffce098.png\" alt=\"FLORIAN OOD\" \/><\/p>\n<p>K\u00f6z\u00e9pkorai hagymafajta. \u00a0K\u00f6zepes m\u00e9ret\u0171, kerek, aranys\u00e1rga sz\u00edn\u0171, kellemes \u00edz\u0171 \u00e9s arom\u00e1j\u00fa. Hossz\u00fa t\u00e1v\u00fa t\u00e1rol\u00e1sra alkalmas. A veget\u00e1ci\u00f3s id\u0151szak 150-160 nap.<\/p>\n<p>Kiszerel\u00e9s: 600 mag (2 gramm)<\/p>\n<p>Gy\u00e1rt\u00e1si t\u00edpusok:<\/p>\n<p>magr\u00f3l \u00e9s pal\u00e1nt\u00e1r\u00f3l &#8211; febru\u00e1r 25-m\u00e1rcius 5<br \/>\nz\u00f6ld &#8211; szeptember 1-10.<br \/>\nMagok mennyis\u00e9ge zs\u00e1konk\u00e9nt: 2 gramm (500-600 db).<br \/>\nM\u0171szaki adatok:<\/p>\n<p>M\u00e9lys\u00e9ge 2,5 &#8211; 3 cm<br \/>\nVet\u00e9s febru\u00e1r 25-m\u00e1rcius 5., szeptember 1-10<br \/>\nVet\u0151mennyis\u00e9g 0,600 Kg\/hekt\u00e1r<br \/>\nA vet\u0151magb\u00f3l t\u00f6rt\u00e9n\u0151 termel\u00e9s t\u00edpusai<br \/>\n\u00c1ltal\u00e1noss\u00e1gok:<\/p>\n<p>300 magot tartalmaz grammonk\u00e9nt<br \/>\nS\u00falya 2 gramm<br \/>\n\u00dcltet\u00e9s febru\u00e1r-m\u00e1rcius\/szeptember<br \/>\nSz\u00fcret m\u00e1jus-j\u00fanius<br \/>\nVeget\u00e1ci\u00f3ja 150-160 nap<\/p>\n","protected":false},"featured_media":25101,"comment_status":"closed","ping_status":"closed","template":"","meta":[],"product_brand":[],"product_cat":[376],"product_tag":[],"class_list":{"0":"post-24801","1":"product","2":"type-product","3":"status-publish","4":"has-post-thumbnail","6":"product_cat-hagyma-vetomagok","8":"first","9":"instock","10":"taxable","11":"shipping-taxable","12":"purchasable","13":"product-type-simple"},"_links":{"self":[{"href":"https:\/\/chilimag.hu\/webshop\/wp-json\/wp\/v2\/product\/24801","targetHints":{"allow":["GET"]}}],"collection":[{"href":"https:\/\/chilimag.hu\/webshop\/wp-json\/wp\/v2\/product"}],"about":[{"href":"https:\/\/chilimag.hu\/webshop\/wp-json\/wp\/v2\/types\/product"}],"replies":[{"embeddable":true,"href":"https:\/\/chilimag.hu\/webshop\/wp-json\/wp\/v2\/comments?post=24801"}],"wp:featuredmedia":[{"embeddable":true,"href":"https:\/\/chilimag.hu\/webshop\/wp-json\/wp\/v2\/media\/25101"}],"wp:attachment":[{"href":"https:\/\/chilimag.hu\/webshop\/wp-json\/wp\/v2\/media?parent=24801"}],"wp:term":[{"taxonomy":"product_brand","embeddable":true,"href":"https:\/\/chilimag.hu\/webshop\/wp-json\/wp\/v2\/product_brand?post=24801"},{"taxonomy":"product_cat","embeddable":true,"href":"https:\/\/chilimag.hu\/webshop\/wp-json\/wp\/v2\/product_cat?post=24801"},{"taxonomy":"product_tag","embeddable":true,"href":"https:\/\/chilimag.hu\/webshop\/wp-json\/wp\/v2\/product_tag?post=24801"}],"curies":[{"name":"wp","href":"https:\/\/api.w.org\/{rel}","templated":true}]}}