{"id":24795,"date":"2023-05-22T17:16:32","date_gmt":"2023-05-22T17:16:32","guid":{"rendered":"https:\/\/chilimag.hu\/webshop\/?post_type=product&#038;p=24795"},"modified":"2025-08-12T20:17:18","modified_gmt":"2025-08-12T20:17:18","slug":"metelo-fokhagyma-florian-bg","status":"publish","type":"product","link":"https:\/\/chilimag.hu\/webshop\/termek\/metelo-fokhagyma-florian-bg\/","title":{"rendered":"Met\u00e9l\u0151fokhagyma Florian Bg"},"content":{"rendered":"","protected":false},"excerpt":{"rendered":"<p><img decoding=\"async\" class=\"img-inline\" src=\"https:\/\/brcci.eu\/cache\/thumbnails\/12ecd0e6e419f1b9b1484ef02ad361979dd8e054\/1a6c5e1406ad462ca86d17b2800862d7f837862c-829875ad0a268b741b7edd818ffce098.png\" alt=\"FLORIAN OOD\" \/><\/p>\n<p>A hagymaf\u00e9l\u00e9k csal\u00e1dj\u00e1ba tartoz\u00f3 \u00e9vel\u0151 n\u00f6v\u00e9ny, vir\u00e1gcser\u00e9pben \u00e9s szabadf\u00f6ld\u00f6n is eg\u00e9sz \u00e9vben termeszthet\u0151, 20-30 cm magass\u00e1got is el\u00e9r, levelei bel\u00fcl \u00fcregesek, cs\u00f6vesek, \u00edze hasonl\u00f3 ahhoz, hagym\u00e1b\u00f3l, de finomabb \u00e9s finomabb.A- \u00e9s C-vitamin, kalcium \u00e9s vas tartalma gazdag.D\u00edszn\u00f6v\u00e9nyk\u00e9nt is haszn\u00e1lhat\u00f3, az \u00e1ltala termelt lila vir\u00e1goknak k\u00f6sz\u00f6nhet\u0151en.<\/p>\n<p>A talajt tekintve nem ig\u00e9nyes, a napot \u00e9s a p\u00e1ratartalmat kedveli, a sz\u00e1raz talajt rosszul viseli.A magvakat belt\u00e9rre m\u00e1rciusban, szabadba \u00e1prilisban vetj\u00fck, vet\u00e9s ut\u00e1n egy h\u00f3nappal 10 cm-es t\u00e1vols\u00e1gra \u00fcltess\u00fck \u00fajra. Kezdje el a levelek v\u00e1g\u00e1s\u00e1t k\u00edv\u00fclr\u0151l 5 cm-re a talajt\u00f3l. A n\u00f6veked\u00e9s \u00e9rdek\u00e9ben a vir\u00e1gokat folyamatosan elt\u00e1vol\u00edtj\u00e1k, kiz\u00e1r\u00f3lag friss \u00e1llapotban haszn\u00e1lj\u00e1k. Leggyakrabban sal\u00e1t\u00e1k, sz\u00f3szok, kemenc\u00e9ben k\u00e9sz\u00fclt \u00e9telek, hal, burgonya k\u00e9sz\u00edt\u00e9s\u00e9hez haszn\u00e1lj\u00e1k h\u0151kezel\u00e9s ut\u00e1n Veget\u00e1ci\u00f3s peri\u00f3dus 60-90 nap.<\/p>\n<p>A tavaszi n\u00f6v\u00e9nyekn\u00e9l a vet\u00e9s m\u00e1rcius 10. \u00e9s \u00e1prilis 10., a ny\u00e1ri n\u00f6v\u00e9nyekn\u00e9l m\u00e1jus 20. \u00e9s augusztus 10. k\u00f6z\u00f6tt t\u00f6rt\u00e9nik.<\/p>\n<p>Magok mennyis\u00e9ge zs\u00e1konk\u00e9nt: 1,5 gramm (300-375 db)<\/p>\n<p>M\u0171szaki adatok:<\/p>\n<p>M\u00e9lys\u00e9ge 2 cm<br \/>\nVet\u00e9s: m\u00e1rcius 10-\u00e1prilis 10, m\u00e1jus 20-augusztus 10<br \/>\nA vet\u0151magb\u00f3l t\u00f6rt\u00e9n\u0151 termel\u00e9s t\u00edpusai<br \/>\n\u00c1ltal\u00e1noss\u00e1gok:<\/p>\n<p>S\u00falya 1,5 gramm<br \/>\n\u00c1prilis \u00fcltet\u00e9s<br \/>\nAugusztusi betakar\u00edt\u00e1s<br \/>\nVeget\u00e1ci\u00f3ja 60-90 nap<\/p>\n","protected":false},"featured_media":24796,"comment_status":"closed","ping_status":"closed","template":"","meta":[],"product_brand":[],"product_cat":[374],"product_tag":[],"class_list":{"0":"post-24795","1":"product","2":"type-product","3":"status-publish","4":"has-post-thumbnail","6":"product_cat-fuszer-es-gyogynoveny-vetomagok-bolgar-florian-vetomagok","8":"first","9":"instock","10":"taxable","11":"shipping-taxable","12":"purchasable","13":"product-type-simple"},"_links":{"self":[{"href":"https:\/\/chilimag.hu\/webshop\/wp-json\/wp\/v2\/product\/24795","targetHints":{"allow":["GET"]}}],"collection":[{"href":"https:\/\/chilimag.hu\/webshop\/wp-json\/wp\/v2\/product"}],"about":[{"href":"https:\/\/chilimag.hu\/webshop\/wp-json\/wp\/v2\/types\/product"}],"replies":[{"embeddable":true,"href":"https:\/\/chilimag.hu\/webshop\/wp-json\/wp\/v2\/comments?post=24795"}],"wp:featuredmedia":[{"embeddable":true,"href":"https:\/\/chilimag.hu\/webshop\/wp-json\/wp\/v2\/media\/24796"}],"wp:attachment":[{"href":"https:\/\/chilimag.hu\/webshop\/wp-json\/wp\/v2\/media?parent=24795"}],"wp:term":[{"taxonomy":"product_brand","embeddable":true,"href":"https:\/\/chilimag.hu\/webshop\/wp-json\/wp\/v2\/product_brand?post=24795"},{"taxonomy":"product_cat","embeddable":true,"href":"https:\/\/chilimag.hu\/webshop\/wp-json\/wp\/v2\/product_cat?post=24795"},{"taxonomy":"product_tag","embeddable":true,"href":"https:\/\/chilimag.hu\/webshop\/wp-json\/wp\/v2\/product_tag?post=24795"}],"curies":[{"name":"wp","href":"https:\/\/api.w.org\/{rel}","templated":true}]}}