{"id":24791,"date":"2023-05-22T17:07:24","date_gmt":"2023-05-22T17:07:24","guid":{"rendered":"https:\/\/chilimag.hu\/webshop\/?post_type=product&#038;p=24791"},"modified":"2026-02-23T11:35:00","modified_gmt":"2026-02-23T11:35:00","slug":"zeller-giant-prague-florian-bg","status":"publish","type":"product","link":"https:\/\/chilimag.hu\/webshop\/termek\/zeller-giant-prague-florian-bg\/","title":{"rendered":"Zeller Head Florian Bg"},"content":{"rendered":"","protected":false},"excerpt":{"rendered":"<p><img decoding=\"async\" class=\"img-inline\" src=\"https:\/\/brcci.eu\/cache\/thumbnails\/12ecd0e6e419f1b9b1484ef02ad361979dd8e054\/1a6c5e1406ad462ca86d17b2800862d7f837862c-829875ad0a268b741b7edd818ffce098.png\" alt=\"FLORIAN OOD\" \/><\/p>\n<p>K\u00e9zzel sz\u00f3rva, vagy a vet\u0151g\u00e9ppel 5 cm t\u00e1vols\u00e1gra sorokban vetik. A pal\u00e1nt\u00e1t m\u00e1jus 25-t\u0151l j\u00fanius 5-ig \u00fcltetik.<\/p>\n<p>K\u00e9s\u0151i termeszt\u00e9sre alkalmas, kedvelt gy\u00f6k\u00e9rzellerfajta. Feje nagy, ov\u00e1lis, sima, feh\u00e9r-s\u00e1rga h\u00e9j\u00fa, f\u00e9nyes z\u00f6ld levelekkel A p\u00e9p feh\u00e9r, ropog\u00f3s, arom\u00e1s. Nyersen \u00e9s f\u0151zve egyar\u00e1nt fogyaszthat\u00f3. Hossz\u00fa, 4-6 h\u00f3napig eltarthat\u00f3 pinc\u00e9ben vagy h\u0171t\u0151ben 2-4 C fokos h\u0151m\u00e9rs\u00e9kleten. Veget\u00e1ci\u00f3s peri\u00f3dus 110-130 nap.<\/p>\n<p>M\u00e1rcius 1-15-ig vetj\u00fck 0,5-1 cm m\u00e9lys\u00e9gben.<\/p>\n<p>K\u00e9zzel sz\u00f3rva, vagy a vet\u0151g\u00e9ppel 5 cm t\u00e1vols\u00e1gra sorokban vetik. A pal\u00e1nt\u00e1t m\u00e1jus 25-t\u0151l j\u00fanius 5-ig \u00fcltetik.<\/p>\n<p>M\u0171szaki adatok:<\/p>\n<p>M\u00e9lys\u00e9ge 0,5-1 cm<br \/>\nM\u00e1rcius 1-15-ig vetik<br \/>\nVet\u00e9smennyis\u00e9g 20-30 gramm\/hekt\u00e1r<br \/>\nA magvakb\u00f3l, pal\u00e1nt\u00e1kb\u00f3l t\u00f6rt\u00e9n\u0151 el\u0151\u00e1ll\u00edt\u00e1s fajt\u00e1i<br \/>\n\u00c1ltal\u00e1noss\u00e1gok:<\/p>\n<p>2700 magot tartalmaz grammonk\u00e9nt<br \/>\nS\u00falya 2 gramm<br \/>\n\u00dcltet\u00e9s m\u00e1jus 25-j\u00fanius 5<br \/>\nSz\u00fcret szeptember-okt\u00f3ber<br \/>\nVeget\u00e1ci\u00f3 110 nap<\/p>\n","protected":false},"featured_media":25202,"comment_status":"closed","ping_status":"closed","template":"","meta":[],"product_brand":[],"product_cat":[385],"product_tag":[],"class_list":{"0":"post-24791","1":"product","2":"type-product","3":"status-publish","4":"has-post-thumbnail","6":"product_cat-zeller-karalabe-cekla-vetomagok-bolgar-florian-vetomagok","8":"first","9":"instock","10":"taxable","11":"shipping-taxable","12":"purchasable","13":"product-type-simple"},"_links":{"self":[{"href":"https:\/\/chilimag.hu\/webshop\/wp-json\/wp\/v2\/product\/24791","targetHints":{"allow":["GET"]}}],"collection":[{"href":"https:\/\/chilimag.hu\/webshop\/wp-json\/wp\/v2\/product"}],"about":[{"href":"https:\/\/chilimag.hu\/webshop\/wp-json\/wp\/v2\/types\/product"}],"replies":[{"embeddable":true,"href":"https:\/\/chilimag.hu\/webshop\/wp-json\/wp\/v2\/comments?post=24791"}],"wp:featuredmedia":[{"embeddable":true,"href":"https:\/\/chilimag.hu\/webshop\/wp-json\/wp\/v2\/media\/25202"}],"wp:attachment":[{"href":"https:\/\/chilimag.hu\/webshop\/wp-json\/wp\/v2\/media?parent=24791"}],"wp:term":[{"taxonomy":"product_brand","embeddable":true,"href":"https:\/\/chilimag.hu\/webshop\/wp-json\/wp\/v2\/product_brand?post=24791"},{"taxonomy":"product_cat","embeddable":true,"href":"https:\/\/chilimag.hu\/webshop\/wp-json\/wp\/v2\/product_cat?post=24791"},{"taxonomy":"product_tag","embeddable":true,"href":"https:\/\/chilimag.hu\/webshop\/wp-json\/wp\/v2\/product_tag?post=24791"}],"curies":[{"name":"wp","href":"https:\/\/api.w.org\/{rel}","templated":true}]}}