{"id":24789,"date":"2023-05-22T17:01:28","date_gmt":"2023-05-22T17:01:28","guid":{"rendered":"https:\/\/chilimag.hu\/webshop\/?post_type=product&#038;p=24789"},"modified":"2026-03-21T12:25:57","modified_gmt":"2026-03-21T12:25:57","slug":"kapor-nano-florian-bg","status":"publish","type":"product","link":"https:\/\/chilimag.hu\/webshop\/termek\/kapor-nano-florian-bg\/","title":{"rendered":"Kapor Nano Florian Bg"},"content":{"rendered":"","protected":false},"excerpt":{"rendered":"<p><img decoding=\"async\" class=\"img-inline\" src=\"https:\/\/brcci.eu\/cache\/thumbnails\/12ecd0e6e419f1b9b1484ef02ad361979dd8e054\/1a6c5e1406ad462ca86d17b2800862d7f837862c-829875ad0a268b741b7edd818ffce098.png\" alt=\"FLORIAN OOD\" \/><\/p>\n<p>Dill Nano (500 mag) kompakt level\u0171 kaporfajta eg\u00e9sz \u00e9vben termeszthet\u0151, Florian<\/p>\n<p>Kiszerel\u00e9s: 500 mag (1 gr)<\/p>\n<p>A Dill Nano egyny\u00e1ri l\u00e1gysz\u00e1r\u00fa n\u00f6v\u00e9ny, legfeljebb 30 cm magas, j\u00f3l levelezett. A n\u00f6v\u00e9ny rendk\u00edv\u00fcl kompakt, ez\u00e9rt eg\u00e9sz \u00e9vben termeszthet\u0151, cser\u00e9pben, erk\u00e9lyen, szabadf\u00f6ld\u00f6n vagy v\u00e9dett helyen, vagy z\u00e1rt t\u00e9rben, ablak mellett. Levele nagyon j\u00f3 \u00e9telek, sal\u00e1t\u00e1k f\u0171szerez\u00e9s\u00e9re, uborkakonzervekhez, savany\u00fas\u00e1gokhoz \u00e9s egyebekhez.<\/p>\n","protected":false},"featured_media":24790,"comment_status":"closed","ping_status":"closed","template":"","meta":[],"product_brand":[],"product_cat":[374],"product_tag":[],"class_list":{"0":"post-24789","1":"product","2":"type-product","3":"status-publish","4":"has-post-thumbnail","6":"product_cat-fuszer-es-gyogynoveny-vetomagok-bolgar-florian-vetomagok","8":"first","9":"instock","10":"taxable","11":"shipping-taxable","12":"purchasable","13":"product-type-simple"},"_links":{"self":[{"href":"https:\/\/chilimag.hu\/webshop\/wp-json\/wp\/v2\/product\/24789","targetHints":{"allow":["GET"]}}],"collection":[{"href":"https:\/\/chilimag.hu\/webshop\/wp-json\/wp\/v2\/product"}],"about":[{"href":"https:\/\/chilimag.hu\/webshop\/wp-json\/wp\/v2\/types\/product"}],"replies":[{"embeddable":true,"href":"https:\/\/chilimag.hu\/webshop\/wp-json\/wp\/v2\/comments?post=24789"}],"wp:featuredmedia":[{"embeddable":true,"href":"https:\/\/chilimag.hu\/webshop\/wp-json\/wp\/v2\/media\/24790"}],"wp:attachment":[{"href":"https:\/\/chilimag.hu\/webshop\/wp-json\/wp\/v2\/media?parent=24789"}],"wp:term":[{"taxonomy":"product_brand","embeddable":true,"href":"https:\/\/chilimag.hu\/webshop\/wp-json\/wp\/v2\/product_brand?post=24789"},{"taxonomy":"product_cat","embeddable":true,"href":"https:\/\/chilimag.hu\/webshop\/wp-json\/wp\/v2\/product_cat?post=24789"},{"taxonomy":"product_tag","embeddable":true,"href":"https:\/\/chilimag.hu\/webshop\/wp-json\/wp\/v2\/product_tag?post=24789"}],"curies":[{"name":"wp","href":"https:\/\/api.w.org\/{rel}","templated":true}]}}