{"id":24787,"date":"2023-05-22T16:57:09","date_gmt":"2023-05-22T16:57:09","guid":{"rendered":"https:\/\/chilimag.hu\/webshop\/?post_type=product&#038;p=24787"},"modified":"2026-03-02T11:11:26","modified_gmt":"2026-03-02T11:11:26","slug":"kapor-mammouth-florian-bg","status":"publish","type":"product","link":"https:\/\/chilimag.hu\/webshop\/termek\/kapor-mammouth-florian-bg\/","title":{"rendered":"Kapor Mammouth Florian Bg"},"content":{"rendered":"","protected":false},"excerpt":{"rendered":"<div class=\"elementor-element elementor-element-2bf5bbaa elementor-widget elementor-widget-woocommerce-product-short-description\" data-id=\"2bf5bbaa\" data-element_type=\"widget\" data-widget_type=\"woocommerce-product-short-description.default\">\n<div class=\"elementor-widget-container\">\n<div class=\"woocommerce-product-details__short-description\">\n<p><img decoding=\"async\" class=\"img-inline\" src=\"https:\/\/brcci.eu\/cache\/thumbnails\/12ecd0e6e419f1b9b1484ef02ad361979dd8e054\/1a6c5e1406ad462ca86d17b2800862d7f837862c-829875ad0a268b741b7edd818ffce098.png\" alt=\"FLORIAN OOD\" \/><\/p>\n<p>Hagyom\u00e1nyos d\u00e9l-eur\u00f3pai fajta, alkalmas k\u00f6zvetlen szabadf\u00f6ldi vet\u00e9sre. Magas, ak\u00e1r 1 m\u00e9teres n\u00f6v\u00e9nyek, arom\u00e1s, toll alak\u00fa levelek jellemzik. Sz\u00e1raz, friss, fagyasztott savany\u00fas\u00e1gok, levesek, sal\u00e1t\u00e1k, ecet, gy\u00f3gyn\u00f6v\u00e9nyek, stb. k\u00e9sz\u00edt\u00e9s\u00e9re haszn\u00e1lj\u00e1k. A fajta a teljes napsug\u00e1rz\u00e1st kedveli Veget\u00e1ci\u00f3s id\u0151szak 60 nap.<\/p>\n<p>M\u00e1rcius 5-15 k\u00f6z\u00f6tt vetik.<\/p>\n<p>Magok mennyis\u00e9ge zs\u00e1konk\u00e9nt: 5 gr<\/p>\n<p>M\u0171szaki adatok:<\/p>\n<p>M\u00e9lys\u00e9ge 1,5-2 cm<br \/>\nM\u00e1rciust\u00f3l kezd\u0151d\u0151en vetik<br \/>\nVet\u00e9smennyis\u00e9g 1,5-2,5 Kg\/hekt\u00e1r<br \/>\nA vet\u0151magb\u00f3l t\u00f6rt\u00e9n\u0151 termel\u00e9s t\u00edpusai<br \/>\n\u00c1ltal\u00e1noss\u00e1gok:<\/p>\n<p>500-550 magot tartalmaz grammonk\u00e9nt<br \/>\nS\u00falya 5 gramm<br \/>\nM\u00e1rciusi \u00fcltet\u00e9s<br \/>\nAugusztusi betakar\u00edt\u00e1s<br \/>\nVeget\u00e1ci\u00f3 60 nap<\/p>\n<\/div>\n<\/div>\n<\/div>\n<p>&nbsp;<\/p>\n","protected":false},"featured_media":24788,"comment_status":"closed","ping_status":"closed","template":"","meta":[],"product_brand":[],"product_cat":[374],"product_tag":[],"class_list":{"0":"post-24787","1":"product","2":"type-product","3":"status-publish","4":"has-post-thumbnail","6":"product_cat-fuszer-es-gyogynoveny-vetomagok-bolgar-florian-vetomagok","8":"first","9":"instock","10":"taxable","11":"shipping-taxable","12":"purchasable","13":"product-type-simple"},"_links":{"self":[{"href":"https:\/\/chilimag.hu\/webshop\/wp-json\/wp\/v2\/product\/24787","targetHints":{"allow":["GET"]}}],"collection":[{"href":"https:\/\/chilimag.hu\/webshop\/wp-json\/wp\/v2\/product"}],"about":[{"href":"https:\/\/chilimag.hu\/webshop\/wp-json\/wp\/v2\/types\/product"}],"replies":[{"embeddable":true,"href":"https:\/\/chilimag.hu\/webshop\/wp-json\/wp\/v2\/comments?post=24787"}],"wp:featuredmedia":[{"embeddable":true,"href":"https:\/\/chilimag.hu\/webshop\/wp-json\/wp\/v2\/media\/24788"}],"wp:attachment":[{"href":"https:\/\/chilimag.hu\/webshop\/wp-json\/wp\/v2\/media?parent=24787"}],"wp:term":[{"taxonomy":"product_brand","embeddable":true,"href":"https:\/\/chilimag.hu\/webshop\/wp-json\/wp\/v2\/product_brand?post=24787"},{"taxonomy":"product_cat","embeddable":true,"href":"https:\/\/chilimag.hu\/webshop\/wp-json\/wp\/v2\/product_cat?post=24787"},{"taxonomy":"product_tag","embeddable":true,"href":"https:\/\/chilimag.hu\/webshop\/wp-json\/wp\/v2\/product_tag?post=24787"}],"curies":[{"name":"wp","href":"https:\/\/api.w.org\/{rel}","templated":true}]}}