{"id":24778,"date":"2023-05-22T16:01:10","date_gmt":"2023-05-22T16:01:10","guid":{"rendered":"https:\/\/chilimag.hu\/webshop\/?post_type=product&#038;p=24778"},"modified":"2026-03-22T10:00:44","modified_gmt":"2026-03-22T10:00:44","slug":"retek-rodos-florian-bg","status":"publish","type":"product","link":"https:\/\/chilimag.hu\/webshop\/termek\/retek-rodos-florian-bg\/","title":{"rendered":"Retek Rodos Florian Bg"},"content":{"rendered":"","protected":false},"excerpt":{"rendered":"<p><img decoding=\"async\" class=\"img-inline\" src=\"https:\/\/brcci.eu\/cache\/thumbnails\/12ecd0e6e419f1b9b1484ef02ad361979dd8e054\/1a6c5e1406ad462ca86d17b2800862d7f837862c-829875ad0a268b741b7edd818ffce098.png\" alt=\"FLORIAN OOD\" \/><\/p>\n<p>Nagyon term\u0151, nagyon korai fajta, kerek \u00e9s egyforma fej\u0171 retek, tavaszi \u00e9s \u0151szi vet\u00e9sre alkalmas. Friss fogyaszt\u00e1sra az egyik legjobb min\u0151s\u00e9g\u0171 fajta a piacon Veget\u00e1ci\u00f3s peri\u00f3dus 23-28 nap.<\/p>\n<p>Tavaszi termeszt\u00e9sre febru\u00e1r-\u00e1prilisban, \u0151szi termeszt\u00e9sre szeptember-okt\u00f3berben vetik.<\/p>\n<p>Magok mennyis\u00e9ge zs\u00e1konk\u00e9nt: 750 mag (5 gramm)<\/p>\n<p>M\u0171szaki adatok:<\/p>\n<p>M\u00e9lys\u00e9ge 2-2,5 cm<br \/>\nFebru\u00e1r-\u00e1prilisban, szeptember-okt\u00f3berben vetik<br \/>\nVet\u00e9smennyis\u00e9g 2-3 Kg\/hekt\u00e1r<br \/>\nA vet\u0151magb\u00f3l t\u00f6rt\u00e9n\u0151 termel\u00e9s t\u00edpusai<br \/>\n\u00c1ltal\u00e1noss\u00e1gok:<\/p>\n<p>125-150 magot tartalmaz grammonk\u00e9nt<br \/>\nS\u00falya 5 gramm<br \/>\n\u00dcltet\u00e9s febru\u00e1r-okt\u00f3ber<br \/>\nSz\u00fcret m\u00e1rcius-november<br \/>\nVeget\u00e1ci\u00f3ja 23-28 nap<\/p>\n","protected":false},"featured_media":24779,"comment_status":"closed","ping_status":"closed","template":"","meta":[],"product_brand":[],"product_cat":[382],"product_tag":[],"class_list":{"0":"post-24778","1":"product","2":"type-product","3":"status-publish","4":"has-post-thumbnail","6":"product_cat-salata-es-retek-vetomagok","8":"first","9":"instock","10":"taxable","11":"shipping-taxable","12":"purchasable","13":"product-type-simple"},"_links":{"self":[{"href":"https:\/\/chilimag.hu\/webshop\/wp-json\/wp\/v2\/product\/24778","targetHints":{"allow":["GET"]}}],"collection":[{"href":"https:\/\/chilimag.hu\/webshop\/wp-json\/wp\/v2\/product"}],"about":[{"href":"https:\/\/chilimag.hu\/webshop\/wp-json\/wp\/v2\/types\/product"}],"replies":[{"embeddable":true,"href":"https:\/\/chilimag.hu\/webshop\/wp-json\/wp\/v2\/comments?post=24778"}],"wp:featuredmedia":[{"embeddable":true,"href":"https:\/\/chilimag.hu\/webshop\/wp-json\/wp\/v2\/media\/24779"}],"wp:attachment":[{"href":"https:\/\/chilimag.hu\/webshop\/wp-json\/wp\/v2\/media?parent=24778"}],"wp:term":[{"taxonomy":"product_brand","embeddable":true,"href":"https:\/\/chilimag.hu\/webshop\/wp-json\/wp\/v2\/product_brand?post=24778"},{"taxonomy":"product_cat","embeddable":true,"href":"https:\/\/chilimag.hu\/webshop\/wp-json\/wp\/v2\/product_cat?post=24778"},{"taxonomy":"product_tag","embeddable":true,"href":"https:\/\/chilimag.hu\/webshop\/wp-json\/wp\/v2\/product_tag?post=24778"}],"curies":[{"name":"wp","href":"https:\/\/api.w.org\/{rel}","templated":true}]}}