{"id":24775,"date":"2023-05-22T15:55:55","date_gmt":"2023-05-22T15:55:55","guid":{"rendered":"https:\/\/chilimag.hu\/webshop\/?post_type=product&#038;p=24775"},"modified":"2026-02-06T16:38:29","modified_gmt":"2026-02-06T16:38:29","slug":"retek-lyubimi-florian-bg","status":"publish","type":"product","link":"https:\/\/chilimag.hu\/webshop\/termek\/retek-lyubimi-florian-bg\/","title":{"rendered":"Retek Lyubimi Florian Bg"},"content":{"rendered":"","protected":false},"excerpt":{"rendered":"<p><img decoding=\"async\" class=\"img-inline\" src=\"https:\/\/brcci.eu\/cache\/thumbnails\/12ecd0e6e419f1b9b1484ef02ad361979dd8e054\/1a6c5e1406ad462ca86d17b2800862d7f837862c-829875ad0a268b741b7edd818ffce098.png\" alt=\"FLORIAN OOD\" \/><\/p>\n<p>Nagyon term\u0151 k\u00f6z\u00e9pkorai fajta, alkalmas k\u00f6zvetlen szabadf\u00f6ldi vet\u00e9sre. Gy\u00fcm\u00f6lcsei kerek g\u00f6mb alak\u00faak, lila v\u00f6r\u00f6s sz\u00edn\u0171ek, 3,5-4 cm k\u00f6r\u00fcli \u00e1tm\u00e9r\u0151j\u0171ek, v\u00e9kony fark\u00faak, magja nagyon \u00edzletes, l\u00e9d\u00fas, nem cs\u00edp\u0151s Veget\u00e1ci\u00f3s id\u0151szak 30-35 nap.<br \/>\nTavaszi termeszt\u00e9sre febru\u00e1r-\u00e1prilisban, \u0151szi termeszt\u00e9sre szeptember-okt\u00f3berben vetik.<br \/>\nA csomag 5 gramm magot tartalmaz<\/p>\n","protected":false},"featured_media":24777,"comment_status":"closed","ping_status":"closed","template":"","meta":[],"product_brand":[],"product_cat":[382],"product_tag":[],"class_list":{"0":"post-24775","1":"product","2":"type-product","3":"status-publish","4":"has-post-thumbnail","6":"product_cat-salata-es-retek-vetomagok","8":"first","9":"instock","10":"taxable","11":"shipping-taxable","12":"purchasable","13":"product-type-simple"},"_links":{"self":[{"href":"https:\/\/chilimag.hu\/webshop\/wp-json\/wp\/v2\/product\/24775","targetHints":{"allow":["GET"]}}],"collection":[{"href":"https:\/\/chilimag.hu\/webshop\/wp-json\/wp\/v2\/product"}],"about":[{"href":"https:\/\/chilimag.hu\/webshop\/wp-json\/wp\/v2\/types\/product"}],"replies":[{"embeddable":true,"href":"https:\/\/chilimag.hu\/webshop\/wp-json\/wp\/v2\/comments?post=24775"}],"wp:featuredmedia":[{"embeddable":true,"href":"https:\/\/chilimag.hu\/webshop\/wp-json\/wp\/v2\/media\/24777"}],"wp:attachment":[{"href":"https:\/\/chilimag.hu\/webshop\/wp-json\/wp\/v2\/media?parent=24775"}],"wp:term":[{"taxonomy":"product_brand","embeddable":true,"href":"https:\/\/chilimag.hu\/webshop\/wp-json\/wp\/v2\/product_brand?post=24775"},{"taxonomy":"product_cat","embeddable":true,"href":"https:\/\/chilimag.hu\/webshop\/wp-json\/wp\/v2\/product_cat?post=24775"},{"taxonomy":"product_tag","embeddable":true,"href":"https:\/\/chilimag.hu\/webshop\/wp-json\/wp\/v2\/product_tag?post=24775"}],"curies":[{"name":"wp","href":"https:\/\/api.w.org\/{rel}","templated":true}]}}