{"id":24772,"date":"2023-05-22T15:44:49","date_gmt":"2023-05-22T15:44:49","guid":{"rendered":"https:\/\/chilimag.hu\/webshop\/?post_type=product&#038;p=24772"},"modified":"2026-04-05T11:59:55","modified_gmt":"2026-04-05T11:59:55","slug":"sargarepa-sarga-jaune-de-doubsflorian-bg","status":"publish","type":"product","link":"https:\/\/chilimag.hu\/webshop\/termek\/sargarepa-sarga-jaune-de-doubsflorian-bg\/","title":{"rendered":"S\u00e1rgar\u00e9pa Jaune de doubs Yellow (Galbene)Florian Bg"},"content":{"rendered":"","protected":false},"excerpt":{"rendered":"<p><img decoding=\"async\" class=\"img-inline\" src=\"https:\/\/brcci.eu\/cache\/thumbnails\/12ecd0e6e419f1b9b1484ef02ad361979dd8e054\/1a6c5e1406ad462ca86d17b2800862d7f837862c-829875ad0a268b741b7edd818ffce098.png\" alt=\"FLORIAN OOD\" \/><\/p>\n<p>S\u00e1rga s\u00e1rgar\u00e9pa Jaune de Doubs (2700 mag) R\u00e9gi francia s\u00e1rgar\u00e9pafajta s\u00e1rga gy\u00f6kerekkel, Florian<\/p>\n<p>Kiszerel\u00e9s: 2700 mag (3 gr)<\/p>\n<p>Ezt a francia eredet\u0171 fajt\u00e1t magas term\u0151k\u00e9pess\u00e9g, de a s\u00e1rgar\u00e9pa s\u00e1rga sz\u00edne is jellemzi. A k\u00f6r\u00fclbel\u00fcl 20-25 cm hossz\u00fa gy\u00f6kerek k\u00faposak \u00e9s finom \u00edz\u0171ek, ami a termikus el\u0151k\u00e9sz\u00edt\u00e9ssel feler\u0151s\u00edti arom\u00e1j\u00e1t. A s\u00e1rgar\u00e9pa t\u00e1rol\u00e1s eset\u00e9n is hossz\u00fa ideig meg\u0151rzi tulajdons\u00e1gait. \u00dcltet\u00e9s \u00e9s gondoz\u00e1s A magokat ak\u00e1r a kertben, ak\u00e1r cser\u00e9pben is el lehet vetni, el\u0151sz\u00f6r meleg k\u00f6rnyezetre van sz\u00fcks\u00e9g\u00fck. V\u00e1laszthatja az \u00fcvegh\u00e1zakba vagy szol\u00e1riumokba \u00fcltet\u00e9st is, biztos\u00edtva a n\u00f6v\u00e9ny sz\u00e1m\u00e1ra a sz\u00fcks\u00e9ges nedvess\u00e9get \u00e9s f\u00e9nyt. A term\u00e9keny \u00e9s j\u00f3 v\u00edzelvezet\u00e9s\u0171 talajokat kedveli. A fajta nagyon term\u00e9keny \u00e9s k\u00f6nnyen karbantarthat\u00f3. k\u00e9telyek<\/p>\n<p>A s\u00e1rga Jaune de Doubs s\u00e1rgar\u00e9pa egy francia genetikai \u00f6r\u00f6ks\u00e9g fajta, amelyet 1894 \u00f3ta eml\u00edtenek.<br \/>\nA Jaune de Doubs s\u00e1rgar\u00e9pa s\u00e1rgar\u00e9pa, amely nagy m\u00e9ret\u0171, ak\u00e1r 20-25 cm hossz\u00fas\u00e1g\u00fa s\u00e1rgar\u00e9pa.<br \/>\nJavasoljuk, hogy a Jaune du Doubs s\u00e1rgar\u00e9p\u00e1t m\u00e9g fiatal, puha \u00e9s v\u00e9kony sz\u00fcretel\u00e9ssel \u00e9s elfogyaszt\u00e1s\u00e1val \u00e9lvezhesse finom \u00edz\u00e9t.<br \/>\nA Jaune du Doubs s\u00e1rgar\u00e9pa finom, \u00e9des \u00edz\u0171 \u00e9s k\u00fcl\u00f6nleges arom\u00e1j\u00fa, amelyet neh\u00e9z megtal\u00e1lni a modern s\u00e1rgar\u00e9p\u00e1ban. \u00cdze f\u0151z\u00e9s ut\u00e1n er\u0151sebb\u00e9 v\u00e1lik, \u00e9s a f\u0151z\u00e9s sor\u00e1n sem vesz\u00edti el sz\u00edn\u00e9t.<br \/>\nA Jaune du Doubs s\u00e1rgar\u00e9p\u00e1nak j\u00f3l megm\u0171velt \u00e9s j\u00f3 v\u00edzelvezet\u00e9s\u0171 talajra van sz\u00fcks\u00e9ge, hogy a lehet\u0151 legm\u00e9lyebbre tudjon \u00e1sni a talajba.<br \/>\nFrissen vagy feldolgozva fogyaszthat\u00f3.<br \/>\nA Jaune du Doubs s\u00e1rgar\u00e9pa cser\u00e9pben is termeszthet\u0151.<br \/>\nA s\u00e1rgar\u00e9pa termeszthet\u0151 a sz\u00e1nt\u00f3f\u00f6ld\u00f6n k\u00f6zvetlen\u00fcl magr\u00f3l, tavasszal, vagy eg\u00e9sz \u00e9vben \u00fcvegh\u00e1zban vagy \u00fcvegh\u00e1zban.<br \/>\nA n\u00f6v\u00e9ny a vet\u00e9s ut\u00e1n 70-80 nappal \u00e9ri el az \u00e9retts\u00e9get.<\/p>\n<p>A Jaune du Doubs s\u00e1rgar\u00e9pa jellemz\u0151i a napsug\u00e1rz\u00e1st\u00f3l, a termeszt\u00e9si id\u0151szakt\u00f3l, a p\u00e1ratartalomt\u00f3l, a m\u0171tr\u00e1gy\u00e1kt\u00f3l, a talajt\u00edpust\u00f3l, a talajm\u0171vel\u00e9st\u0151l, a k\u00e1rtev\u0151kt\u0151l \u00e9s egy\u00e9b t\u00e9nyez\u0151kt\u0151l f\u00fcgg\u0151en v\u00e1ltozhatnak. Ez\u00e9rt a kapott eredm\u00e9nyek elt\u00e9rhetnek a bemutatott k\u00e9pekt\u0151l \u00e9s a le\u00edrt jellemz\u0151kt\u0151l.<\/p>\n<p>A csomag 3 gr magot tartalmaz<\/p>\n","protected":false},"featured_media":25209,"comment_status":"closed","ping_status":"closed","template":"","meta":[],"product_brand":[],"product_cat":[386],"product_tag":[],"class_list":{"0":"post-24772","1":"product","2":"type-product","3":"status-publish","4":"has-post-thumbnail","6":"product_cat-zoldseg-vetomagok-bolgar-florian-vetomagok","8":"first","9":"instock","10":"taxable","11":"shipping-taxable","12":"purchasable","13":"product-type-simple"},"_links":{"self":[{"href":"https:\/\/chilimag.hu\/webshop\/wp-json\/wp\/v2\/product\/24772","targetHints":{"allow":["GET"]}}],"collection":[{"href":"https:\/\/chilimag.hu\/webshop\/wp-json\/wp\/v2\/product"}],"about":[{"href":"https:\/\/chilimag.hu\/webshop\/wp-json\/wp\/v2\/types\/product"}],"replies":[{"embeddable":true,"href":"https:\/\/chilimag.hu\/webshop\/wp-json\/wp\/v2\/comments?post=24772"}],"wp:featuredmedia":[{"embeddable":true,"href":"https:\/\/chilimag.hu\/webshop\/wp-json\/wp\/v2\/media\/25209"}],"wp:attachment":[{"href":"https:\/\/chilimag.hu\/webshop\/wp-json\/wp\/v2\/media?parent=24772"}],"wp:term":[{"taxonomy":"product_brand","embeddable":true,"href":"https:\/\/chilimag.hu\/webshop\/wp-json\/wp\/v2\/product_brand?post=24772"},{"taxonomy":"product_cat","embeddable":true,"href":"https:\/\/chilimag.hu\/webshop\/wp-json\/wp\/v2\/product_cat?post=24772"},{"taxonomy":"product_tag","embeddable":true,"href":"https:\/\/chilimag.hu\/webshop\/wp-json\/wp\/v2\/product_tag?post=24772"}],"curies":[{"name":"wp","href":"https:\/\/api.w.org\/{rel}","templated":true}]}}