{"id":24770,"date":"2023-05-22T15:24:21","date_gmt":"2023-05-22T15:24:21","guid":{"rendered":"https:\/\/chilimag.hu\/webshop\/?post_type=product&#038;p=24770"},"modified":"2026-02-27T19:15:04","modified_gmt":"2026-02-27T19:15:04","slug":"sargarepa-nantski-florian-bg","status":"publish","type":"product","link":"https:\/\/chilimag.hu\/webshop\/termek\/sargarepa-nantski-florian-bg\/","title":{"rendered":"S\u00e1rgar\u00e9pa Nantski Florian Bg"},"content":{"rendered":"","protected":false},"excerpt":{"rendered":"<p><img decoding=\"async\" class=\"img-inline\" src=\"https:\/\/brcci.eu\/cache\/thumbnails\/12ecd0e6e419f1b9b1484ef02ad361979dd8e054\/1a6c5e1406ad462ca86d17b2800862d7f837862c-829875ad0a268b741b7edd818ffce098.png\" alt=\"FLORIAN OOD\" \/><\/p>\n<p>Nantes s\u00e1rgar\u00e9pa &#8211; 5 gr<\/p>\n<p>A korai \u00e9s f\u00e9lkorai s\u00e1rgar\u00e9pa nem hibrid fajt\u00e1ja, fokozott termel\u00e9kenys\u00e9ggel, nyers fogyaszt\u00e1sra \u00e9s feldolgoz\u00e1sra.<\/p>\n<p>A nantes-i s\u00e1rgar\u00e9pa a francia s\u00e1rgar\u00e9pa egyik legjobb \u00e9s legr\u00e9gebbi fajt\u00e1ja, amelyet t\u00f6bb mint 100 \u00e9ve termesztenek. A gy\u00f6k\u00e9r hengeres, sima, l\u00e9d\u00fas \u00e9s \u00e9des, hossza 15-16 cm, vastags\u00e1ga 2-3 cm. Az agyaged\u00e9nyek facsontj\u00e1nak vastags\u00e1ga nagyon kicsi. Febru\u00e1ri korai, \u0151szi termel\u00e9sre j\u00faniusban vetik.<\/p>\n<p>Magok mennyis\u00e9ge zs\u00e1konk\u00e9nt: 4500-5000 mag (5 gramm)<\/p>\n<p>M\u0171szaki adatok:<\/p>\n<p>M\u00e9lys\u00e9ge 2-3 cm<br \/>\nFebru\u00e1r-decembert\u0151l kezd\u0151d\u0151en vetik<br \/>\nVet\u0151mennyis\u00e9g 450-600 gramm\/hekt\u00e1r<br \/>\nA vet\u0151magb\u00f3l t\u00f6rt\u00e9n\u0151 termel\u00e9s t\u00edpusai<br \/>\n\u00c1ltal\u00e1noss\u00e1gok:<\/p>\n<p>800-1000 magot tartalmaz grammonk\u00e9nt<br \/>\nS\u00falya 5 gramm<br \/>\n\u00dcltet\u00e9s febru\u00e1r-december<br \/>\nSz\u00fcret j\u00fanius-\u00e1prilis<br \/>\nVeget\u00e1ci\u00f3ja 90-100 nap<\/p>\n","protected":false},"featured_media":24771,"comment_status":"closed","ping_status":"closed","template":"","meta":[],"product_brand":[],"product_cat":[386],"product_tag":[],"class_list":{"0":"post-24770","1":"product","2":"type-product","3":"status-publish","4":"has-post-thumbnail","6":"product_cat-zoldseg-vetomagok-bolgar-florian-vetomagok","8":"first","9":"instock","10":"taxable","11":"shipping-taxable","12":"purchasable","13":"product-type-simple"},"_links":{"self":[{"href":"https:\/\/chilimag.hu\/webshop\/wp-json\/wp\/v2\/product\/24770","targetHints":{"allow":["GET"]}}],"collection":[{"href":"https:\/\/chilimag.hu\/webshop\/wp-json\/wp\/v2\/product"}],"about":[{"href":"https:\/\/chilimag.hu\/webshop\/wp-json\/wp\/v2\/types\/product"}],"replies":[{"embeddable":true,"href":"https:\/\/chilimag.hu\/webshop\/wp-json\/wp\/v2\/comments?post=24770"}],"wp:featuredmedia":[{"embeddable":true,"href":"https:\/\/chilimag.hu\/webshop\/wp-json\/wp\/v2\/media\/24771"}],"wp:attachment":[{"href":"https:\/\/chilimag.hu\/webshop\/wp-json\/wp\/v2\/media?parent=24770"}],"wp:term":[{"taxonomy":"product_brand","embeddable":true,"href":"https:\/\/chilimag.hu\/webshop\/wp-json\/wp\/v2\/product_brand?post=24770"},{"taxonomy":"product_cat","embeddable":true,"href":"https:\/\/chilimag.hu\/webshop\/wp-json\/wp\/v2\/product_cat?post=24770"},{"taxonomy":"product_tag","embeddable":true,"href":"https:\/\/chilimag.hu\/webshop\/wp-json\/wp\/v2\/product_tag?post=24770"}],"curies":[{"name":"wp","href":"https:\/\/api.w.org\/{rel}","templated":true}]}}