{"id":24767,"date":"2023-05-22T15:00:43","date_gmt":"2023-05-22T15:00:43","guid":{"rendered":"https:\/\/chilimag.hu\/webshop\/?post_type=product&#038;p=24767"},"modified":"2026-03-08T03:29:30","modified_gmt":"2026-03-08T03:29:30","slug":"tok-diamant-f1-florian-bg-2","status":"publish","type":"product","link":"https:\/\/chilimag.hu\/webshop\/termek\/tok-diamant-f1-florian-bg-2\/","title":{"rendered":"Cukkini Diamant F1 Florian Bg"},"content":{"rendered":"","protected":false},"excerpt":{"rendered":"<p><img decoding=\"async\" class=\"img-inline\" src=\"https:\/\/brcci.eu\/cache\/thumbnails\/12ecd0e6e419f1b9b1484ef02ad361979dd8e054\/1a6c5e1406ad462ca86d17b2800862d7f837862c-829875ad0a268b741b7edd818ffce098.png\" alt=\"FLORIAN OOD\" \/><\/p>\n<p>A n\u00f6v\u00e9ny bokros, t\u00f6m\u00f6r, nagyon term\u0151. Gy\u00fcm\u00f6lcsei intenz\u00edv z\u00f6ld sz\u00edn\u0171ek, k\u00f6r\u00fclbel\u00fcl 20-21 cm hossz\u00faak, nem vizesek, nagyon v\u00e9konyak \u00e9s \u00edzletesek. A veget\u00e1ci\u00f3s id\u0151szak 45-50 nap. Nyers fogyaszt\u00e1sra \u00e9s tart\u00f3s\u00edt\u00e1sra (fagyaszt\u00e1sra) alkalmas.<\/p>\n<p>Vet\u00e9si id\u0151szak \u00e1prilis 20-30.<\/p>\n<p>T\u00e1vols\u00e1g: 90\/50 cm M\u00e9lys\u00e9g 5-6 cm.<\/p>\n<p>Magok mennyis\u00e9ge zs\u00e1konk\u00e9nt: 2 gramm.<\/p>\n<p>M\u0171szaki adatok:<\/p>\n<p>M\u00e9lys\u00e9ge 5-6 cm<br \/>\n\u00c1prilis 20-30<br \/>\nVet\u00e9smennyis\u00e9g 0,250-0,450 Kg\/hekt\u00e1r<br \/>\nA vet\u0151magb\u00f3l t\u00f6rt\u00e9n\u0151 termel\u00e9s t\u00edpusai<br \/>\n\u00c1ltal\u00e1noss\u00e1gok:<\/p>\n<p>6-8 magot tartalmaz grammonk\u00e9nt<br \/>\nS\u00falya 2 gramm<br \/>\n\u00c1prilis \u00fcltet\u00e9s<br \/>\nSz\u00fcret j\u00fanius<br \/>\nVeget\u00e1ci\u00f3ja 45-50 nap<\/p>\n<p>A csomag 2 gramm magot tartalmaz<\/p>\n","protected":false},"featured_media":24768,"comment_status":"closed","ping_status":"closed","template":"","meta":[],"product_brand":[],"product_cat":[373],"product_tag":[],"class_list":{"0":"post-24767","1":"product","2":"type-product","3":"status-publish","4":"has-post-thumbnail","6":"product_cat-dinnye-es-tok-vetomagok-bolgar-florian-vetomagok","8":"first","9":"instock","10":"taxable","11":"shipping-taxable","12":"purchasable","13":"product-type-simple"},"_links":{"self":[{"href":"https:\/\/chilimag.hu\/webshop\/wp-json\/wp\/v2\/product\/24767","targetHints":{"allow":["GET"]}}],"collection":[{"href":"https:\/\/chilimag.hu\/webshop\/wp-json\/wp\/v2\/product"}],"about":[{"href":"https:\/\/chilimag.hu\/webshop\/wp-json\/wp\/v2\/types\/product"}],"replies":[{"embeddable":true,"href":"https:\/\/chilimag.hu\/webshop\/wp-json\/wp\/v2\/comments?post=24767"}],"wp:featuredmedia":[{"embeddable":true,"href":"https:\/\/chilimag.hu\/webshop\/wp-json\/wp\/v2\/media\/24768"}],"wp:attachment":[{"href":"https:\/\/chilimag.hu\/webshop\/wp-json\/wp\/v2\/media?parent=24767"}],"wp:term":[{"taxonomy":"product_brand","embeddable":true,"href":"https:\/\/chilimag.hu\/webshop\/wp-json\/wp\/v2\/product_brand?post=24767"},{"taxonomy":"product_cat","embeddable":true,"href":"https:\/\/chilimag.hu\/webshop\/wp-json\/wp\/v2\/product_cat?post=24767"},{"taxonomy":"product_tag","embeddable":true,"href":"https:\/\/chilimag.hu\/webshop\/wp-json\/wp\/v2\/product_tag?post=24767"}],"curies":[{"name":"wp","href":"https:\/\/api.w.org\/{rel}","templated":true}]}}