{"id":24762,"date":"2023-05-22T14:49:42","date_gmt":"2023-05-22T14:49:42","guid":{"rendered":"https:\/\/chilimag.hu\/webshop\/?post_type=product&#038;p=24762"},"modified":"2026-03-05T11:07:40","modified_gmt":"2026-03-05T11:07:40","slug":"tok-yellow-cukkini-florian-bg","status":"publish","type":"product","link":"https:\/\/chilimag.hu\/webshop\/termek\/tok-yellow-cukkini-florian-bg\/","title":{"rendered":"Cukkini Yellow Florian Bg"},"content":{"rendered":"","protected":false},"excerpt":{"rendered":"<p><img decoding=\"async\" class=\"img-inline\" src=\"https:\/\/brcci.eu\/cache\/thumbnails\/12ecd0e6e419f1b9b1484ef02ad361979dd8e054\/1a6c5e1406ad462ca86d17b2800862d7f837862c-829875ad0a268b741b7edd818ffce098.png\" alt=\"FLORIAN OOD\" \/><\/p>\n<p>Nagyon term\u00e9keny sz\u00f3rhat\u00f3 fajta korai szabadf\u00f6ldi \u00e9s \u00fcvegh\u00e1zi termeszt\u00e9shez. Gy\u00fcm\u00f6lcsei hengeresek, 18-22 cm hossz\u00faak. H\u00e9ja s\u00e1rga, magja kr\u00e9ms\u00e1rga, l\u00e9d\u00fas, kellemes \u00edz\u0171, C-vitaminban gazdag. A fajta friss fogyaszt\u00e1sra \u00e9s feldolgoz\u00e1sra alkalmas. A veget\u00e1ci\u00f3s id\u0151szak k\u00f6r\u00fclbel\u00fcl 70 nap.<\/p>\n<p>A csomag 2 gramm magot tartalmaz<\/p>\n","protected":false},"featured_media":25080,"comment_status":"closed","ping_status":"closed","template":"","meta":[],"product_brand":[],"product_cat":[373],"product_tag":[],"class_list":{"0":"post-24762","1":"product","2":"type-product","3":"status-publish","4":"has-post-thumbnail","6":"product_cat-dinnye-es-tok-vetomagok-bolgar-florian-vetomagok","8":"first","9":"instock","10":"taxable","11":"shipping-taxable","12":"purchasable","13":"product-type-simple"},"_links":{"self":[{"href":"https:\/\/chilimag.hu\/webshop\/wp-json\/wp\/v2\/product\/24762","targetHints":{"allow":["GET"]}}],"collection":[{"href":"https:\/\/chilimag.hu\/webshop\/wp-json\/wp\/v2\/product"}],"about":[{"href":"https:\/\/chilimag.hu\/webshop\/wp-json\/wp\/v2\/types\/product"}],"replies":[{"embeddable":true,"href":"https:\/\/chilimag.hu\/webshop\/wp-json\/wp\/v2\/comments?post=24762"}],"wp:featuredmedia":[{"embeddable":true,"href":"https:\/\/chilimag.hu\/webshop\/wp-json\/wp\/v2\/media\/25080"}],"wp:attachment":[{"href":"https:\/\/chilimag.hu\/webshop\/wp-json\/wp\/v2\/media?parent=24762"}],"wp:term":[{"taxonomy":"product_brand","embeddable":true,"href":"https:\/\/chilimag.hu\/webshop\/wp-json\/wp\/v2\/product_brand?post=24762"},{"taxonomy":"product_cat","embeddable":true,"href":"https:\/\/chilimag.hu\/webshop\/wp-json\/wp\/v2\/product_cat?post=24762"},{"taxonomy":"product_tag","embeddable":true,"href":"https:\/\/chilimag.hu\/webshop\/wp-json\/wp\/v2\/product_tag?post=24762"}],"curies":[{"name":"wp","href":"https:\/\/api.w.org\/{rel}","templated":true}]}}