{"id":24760,"date":"2023-05-22T14:36:15","date_gmt":"2023-05-22T14:36:15","guid":{"rendered":"https:\/\/chilimag.hu\/webshop\/?post_type=product&#038;p=24760"},"modified":"2026-05-04T07:00:29","modified_gmt":"2026-05-04T07:00:29","slug":"tok-black-beauty-florian-bg","status":"publish","type":"product","link":"https:\/\/chilimag.hu\/webshop\/termek\/tok-black-beauty-florian-bg\/","title":{"rendered":"Cukkini Black Beauty Florian Bg"},"content":{"rendered":"","protected":false},"excerpt":{"rendered":"<p><img decoding=\"async\" class=\"img-inline\" src=\"https:\/\/brcci.eu\/cache\/thumbnails\/12ecd0e6e419f1b9b1484ef02ad361979dd8e054\/1a6c5e1406ad462ca86d17b2800862d7f837862c-829875ad0a268b741b7edd818ffce098.png\" alt=\"FLORIAN OOD\" \/><\/p>\n<p>Kiv\u00e1l\u00f3 min\u0151s\u00e9g\u0171 \u00e9s nagyon term\u0151 korai fajta, amely alkalmas szabadf\u00f6ldi \u00e9s polietil\u00e9n \u00fcvegh\u00e1zakban t\u00f6rt\u00e9n\u0151 termeszt\u00e9sre. Term\u00e9se hengeres, s\u00f6t\u00e9tz\u00f6ld, 18-20 cm k\u00f6r\u00fcli. A fajt\u00e1ra jellemz\u0151 a mag, amely nem vizes, vil\u00e1gos kr\u00e9msz\u00edn\u0171, l\u00e1gy tartalommal, kiv\u00e1l\u00f3 \u00edzzel. A veget\u00e1ci\u00f3s id\u0151szak 55-60 nap.<\/p>\n<p>Vet\u00e9si id\u0151szak \u00e1prilis 20-30.<\/p>\n<p>T\u00e1vols\u00e1g: 90\/50 cm M\u00e9lys\u00e9g 5-6 cm.<\/p>\n<p>A csomag 5 gramm magot tartalmaz<\/p>\n","protected":false},"featured_media":25076,"comment_status":"closed","ping_status":"closed","template":"","meta":[],"product_brand":[],"product_cat":[373],"product_tag":[],"class_list":{"0":"post-24760","1":"product","2":"type-product","3":"status-publish","4":"has-post-thumbnail","6":"product_cat-dinnye-es-tok-vetomagok-bolgar-florian-vetomagok","8":"first","9":"instock","10":"taxable","11":"shipping-taxable","12":"purchasable","13":"product-type-simple"},"_links":{"self":[{"href":"https:\/\/chilimag.hu\/webshop\/wp-json\/wp\/v2\/product\/24760","targetHints":{"allow":["GET"]}}],"collection":[{"href":"https:\/\/chilimag.hu\/webshop\/wp-json\/wp\/v2\/product"}],"about":[{"href":"https:\/\/chilimag.hu\/webshop\/wp-json\/wp\/v2\/types\/product"}],"replies":[{"embeddable":true,"href":"https:\/\/chilimag.hu\/webshop\/wp-json\/wp\/v2\/comments?post=24760"}],"wp:featuredmedia":[{"embeddable":true,"href":"https:\/\/chilimag.hu\/webshop\/wp-json\/wp\/v2\/media\/25076"}],"wp:attachment":[{"href":"https:\/\/chilimag.hu\/webshop\/wp-json\/wp\/v2\/media?parent=24760"}],"wp:term":[{"taxonomy":"product_brand","embeddable":true,"href":"https:\/\/chilimag.hu\/webshop\/wp-json\/wp\/v2\/product_brand?post=24760"},{"taxonomy":"product_cat","embeddable":true,"href":"https:\/\/chilimag.hu\/webshop\/wp-json\/wp\/v2\/product_cat?post=24760"},{"taxonomy":"product_tag","embeddable":true,"href":"https:\/\/chilimag.hu\/webshop\/wp-json\/wp\/v2\/product_tag?post=24760"}],"curies":[{"name":"wp","href":"https:\/\/api.w.org\/{rel}","templated":true}]}}