{"id":24755,"date":"2023-05-22T14:26:50","date_gmt":"2023-05-22T14:26:50","guid":{"rendered":"https:\/\/chilimag.hu\/webshop\/?post_type=product&#038;p=24755"},"modified":"2026-04-20T19:41:06","modified_gmt":"2026-04-20T19:41:06","slug":"kaposzta-muntenia-florian-bg","status":"publish","type":"product","link":"https:\/\/chilimag.hu\/webshop\/termek\/kaposzta-muntenia-florian-bg\/","title":{"rendered":"K\u00e1poszta Muntenia Florian Bg"},"content":{"rendered":"","protected":false},"excerpt":{"rendered":"<p><img decoding=\"async\" class=\"img-inline\" src=\"https:\/\/brcci.eu\/cache\/thumbnails\/12ecd0e6e419f1b9b1484ef02ad361979dd8e054\/1a6c5e1406ad462ca86d17b2800862d7f837862c-829875ad0a268b741b7edd818ffce098.png\" alt=\"FLORIAN OOD\" \/><\/p>\n<p>A Munt\u00e9nia k\u00e1poszta veget\u00e1ci\u00f3s ideje 85-90 nap, k\u00f6zepes magass\u00e1g\u00fa, vil\u00e1gosz\u00f6ld fej\u0171 n\u00f6v\u00e9nyekkel, harmatr\u00e9teggel bor\u00edtva.<\/p>\n<p>A Munt\u00e9nia k\u00e1poszta a rom\u00e1n k\u00e1poszta f\u0151bb jellemz\u0151it mutatja be, ide\u00e1lis p\u00e1col\u00e1sra vagy friss fogyaszt\u00e1sra.<\/p>\n<p>MUNTENIA \u0150SZI K\u00c1POSZTA<\/p>\n<p>&nbsp;<\/p>\n<p>A n\u00f6v\u00e9ny kezdett\u0151l fogva er\u0151s \u00e9s el\u00e1gaz\u00f3 gy\u00f6keret fejleszt. A sz\u00e1r r\u00f6vid, a levelek s\u00f6t\u00e9tz\u00f6ldek. A fej g\u00f6mb alak\u00fa, enyh\u00e9n lap\u00edtott, j\u00f3l telt, t\u00f6m\u00f6r \u00e9s egys\u00e9ges, s\u00falya 3-5 kg. A k\u00fcls\u0151 levelek vil\u00e1gosz\u00f6ldek, enyh\u00e9n l\u00e1that\u00f3 erekkel, a bels\u0151ek feh\u00e9resek, v\u00e9konyak, finom megjelen\u00e9s\u0171ek, kellemes \u00edz\u0171ek.<\/p>\n<p>Az \u00fcltet\u00e9si s\u0171r\u0171s\u00e9g 35 000 &#8211; 40 000 t\u0151\/hekt\u00e1r.<\/p>\n<p>A term\u00e9sek \u00e9r\u00e9si ideje (fejk\u00e9pz\u0151d\u00e9se) az \u00fcltet\u00e9st\u0151l sz\u00e1m\u00edtott 85-90 nap.<\/p>\n<p>Kellemes \u00edze miatt frissen \u00e9s p\u00e1col\u00e1ssal tart\u00f3s\u00edtva egyar\u00e1nt haszn\u00e1lj\u00e1k. A sz\u00e1nt\u00f3f\u00f6ldi kult\u00far\u00e1hoz alkalmazkod\u00f3, magas term\u0151k\u00e9pess\u00e9g\u0171 fajta.<\/p>\n<p>A Munt\u00e9nia k\u00e1poszta feje k\u00f6r alak\u00fa, \u00e1tm\u00e9r\u0151je 18-21 cm, \u00e1tlagos t\u00f6mege 3-5 kg. A fajta v\u00e9kony level\u0171, finom erezet\u0171, a capata t\u00f6m\u00f6r, egys\u00e9ges, p\u00e1col\u00e1sra kiv\u00e1l\u00f3.<\/p>\n<p>Varza Munt\u00e9nia jellemz\u0151i<br \/>\nS\u0171r\u0171s\u00e9g: 35000 t\u0151\/ha<\/p>\n<p>Veget\u00e1ci\u00f3s id\u0151szak: 85 &#8211; 90 nap;<\/p>\n<p>\u00c1tlagos s\u00faly: 3 &#8211; 5 kg;<\/p>\n<p>A csomag 2 gramm magot tartalmaz<\/p>\n<p>&nbsp;<\/p>\n","protected":false},"featured_media":25122,"comment_status":"closed","ping_status":"closed","template":"","meta":[],"product_brand":[],"product_cat":[378],"product_tag":[],"class_list":{"0":"post-24755","1":"product","2":"type-product","3":"status-publish","4":"has-post-thumbnail","6":"product_cat-kaposzta-es-karfiol-vetomagok","8":"first","9":"instock","10":"taxable","11":"shipping-taxable","12":"purchasable","13":"product-type-simple"},"_links":{"self":[{"href":"https:\/\/chilimag.hu\/webshop\/wp-json\/wp\/v2\/product\/24755","targetHints":{"allow":["GET"]}}],"collection":[{"href":"https:\/\/chilimag.hu\/webshop\/wp-json\/wp\/v2\/product"}],"about":[{"href":"https:\/\/chilimag.hu\/webshop\/wp-json\/wp\/v2\/types\/product"}],"replies":[{"embeddable":true,"href":"https:\/\/chilimag.hu\/webshop\/wp-json\/wp\/v2\/comments?post=24755"}],"wp:featuredmedia":[{"embeddable":true,"href":"https:\/\/chilimag.hu\/webshop\/wp-json\/wp\/v2\/media\/25122"}],"wp:attachment":[{"href":"https:\/\/chilimag.hu\/webshop\/wp-json\/wp\/v2\/media?parent=24755"}],"wp:term":[{"taxonomy":"product_brand","embeddable":true,"href":"https:\/\/chilimag.hu\/webshop\/wp-json\/wp\/v2\/product_brand?post=24755"},{"taxonomy":"product_cat","embeddable":true,"href":"https:\/\/chilimag.hu\/webshop\/wp-json\/wp\/v2\/product_cat?post=24755"},{"taxonomy":"product_tag","embeddable":true,"href":"https:\/\/chilimag.hu\/webshop\/wp-json\/wp\/v2\/product_tag?post=24755"}],"curies":[{"name":"wp","href":"https:\/\/api.w.org\/{rel}","templated":true}]}}