{"id":24753,"date":"2023-05-22T14:24:02","date_gmt":"2023-05-22T14:24:02","guid":{"rendered":"https:\/\/chilimag.hu\/webshop\/?post_type=product&#038;p=24753"},"modified":"2025-10-21T14:48:00","modified_gmt":"2025-10-21T14:48:00","slug":"kaposzta-brunswick-florian-bg","status":"publish","type":"product","link":"https:\/\/chilimag.hu\/webshop\/termek\/kaposzta-brunswick-florian-bg\/","title":{"rendered":"K\u00e1poszta Brunswick Florian Bg"},"content":{"rendered":"","protected":false},"excerpt":{"rendered":"<p><img decoding=\"async\" class=\"img-inline\" src=\"https:\/\/brcci.eu\/cache\/thumbnails\/12ecd0e6e419f1b9b1484ef02ad361979dd8e054\/1a6c5e1406ad462ca86d17b2800862d7f837862c-829875ad0a268b741b7edd818ffce098.png\" alt=\"FLORIAN OOD\" \/><\/p>\n<p>A Brunswick egy k\u00e9s\u0151i k\u00e1posztafajta Fl\u00f3ri\u00e1nt\u00f3l, amelyet \u0151szi termeszt\u00e9sre sz\u00e1ntak.<\/p>\n<p>Brunswick k\u00e1poszta magjai &#8211; 5 g<\/p>\n<p>Magok mennyis\u00e9ge zs\u00e1konk\u00e9nt: 5 gramm (1000-1200 mag)<\/p>\n<p>A brunswick k\u00e1poszta egys\u00e9ges, kerek, lap\u00edtott, meghat\u00e1rozott z\u00f6ld sz\u00edn\u0171 fejeket alkot.<\/p>\n<p>\u00c1tlagos s\u00falya 2 kg.<\/p>\n<p>A Brunswick egy k\u00e9s\u0151 \u0151szig betakar\u00edthat\u00f3 k\u00e1posztafajta, amely j\u00f3l ellen\u00e1ll a repedez\u00e9snek.<\/p>\n<p>Friss fogyaszt\u00e1sra, valamint feldolgoz\u00e1sra vagy tart\u00f3s\u00edt\u00e1sra sz\u00e1nj\u00e1k.<\/p>\n<p>\u00dcltet\u00e9s: 33.000 pl\/ha.<\/p>\n<p>A csomag 5 gramm magot tartalmaz<\/p>\n","protected":false},"featured_media":25120,"comment_status":"closed","ping_status":"closed","template":"","meta":[],"product_brand":[],"product_cat":[378],"product_tag":[],"class_list":{"0":"post-24753","1":"product","2":"type-product","3":"status-publish","4":"has-post-thumbnail","6":"product_cat-kaposzta-es-karfiol-vetomagok","8":"first","9":"instock","10":"taxable","11":"shipping-taxable","12":"purchasable","13":"product-type-simple"},"_links":{"self":[{"href":"https:\/\/chilimag.hu\/webshop\/wp-json\/wp\/v2\/product\/24753","targetHints":{"allow":["GET"]}}],"collection":[{"href":"https:\/\/chilimag.hu\/webshop\/wp-json\/wp\/v2\/product"}],"about":[{"href":"https:\/\/chilimag.hu\/webshop\/wp-json\/wp\/v2\/types\/product"}],"replies":[{"embeddable":true,"href":"https:\/\/chilimag.hu\/webshop\/wp-json\/wp\/v2\/comments?post=24753"}],"wp:featuredmedia":[{"embeddable":true,"href":"https:\/\/chilimag.hu\/webshop\/wp-json\/wp\/v2\/media\/25120"}],"wp:attachment":[{"href":"https:\/\/chilimag.hu\/webshop\/wp-json\/wp\/v2\/media?parent=24753"}],"wp:term":[{"taxonomy":"product_brand","embeddable":true,"href":"https:\/\/chilimag.hu\/webshop\/wp-json\/wp\/v2\/product_brand?post=24753"},{"taxonomy":"product_cat","embeddable":true,"href":"https:\/\/chilimag.hu\/webshop\/wp-json\/wp\/v2\/product_cat?post=24753"},{"taxonomy":"product_tag","embeddable":true,"href":"https:\/\/chilimag.hu\/webshop\/wp-json\/wp\/v2\/product_tag?post=24753"}],"curies":[{"name":"wp","href":"https:\/\/api.w.org\/{rel}","templated":true}]}}