{"id":24744,"date":"2023-05-21T19:30:47","date_gmt":"2023-05-21T19:30:47","guid":{"rendered":"https:\/\/chilimag.hu\/webshop\/?post_type=product&#038;p=24744"},"modified":"2026-03-11T19:45:29","modified_gmt":"2026-03-11T19:45:29","slug":"brokkoli-maraton-sakata","status":"publish","type":"product","link":"https:\/\/chilimag.hu\/webshop\/termek\/brokkoli-maraton-sakata\/","title":{"rendered":"Brokkoli Maraton F1 Sakata"},"content":{"rendered":"","protected":false},"excerpt":{"rendered":"<p><img decoding=\"async\" class=\"general_border\" src=\"https:\/\/seminteplante.ro\/img\/m\/37-brand_default.jpg\" alt=\"Sakata\" width=\"154\" height=\"70\" \/><\/p>\n<p>A brokkoli MARATHON F1 egy f\u00e9lk\u00e9s\u0151 ny\u00e1ri-\u0151szi hibrid, az \u00fcltet\u00e9st\u0151l sz\u00e1m\u00edtott 80-85 napon bel\u00fcl \u00e9ri el a betakar\u00edt\u00e1si \u00e9retts\u00e9get.<\/p>\n<p>A hibrid kiv\u00e9tel, mivel reprezent\u00e1lja a brokkoli term\u00e9k jelent\u00e9s\u00e9t. Nagy alkalmazkod\u00f3k\u00e9pess\u00e9get mutat, standard term\u00e9k az iparban \u00e9s a frisspiacon egyar\u00e1nt.<\/p>\n<p>A brokkoli MARATHON F1 magas term\u00e9st biztos\u00edt, nagy fej\u0171, s\u0171r\u0171, kompakt \u00e9s neh\u00e9z vir\u00e1gzattal, rendk\u00edv\u00fcl term\u00e9keny.<\/p>\n<p>A csomag 60 szem magot tartalmaz<\/p>\n","protected":false},"featured_media":25247,"comment_status":"closed","ping_status":"closed","template":"","meta":[],"product_brand":[],"product_cat":[392],"product_tag":[],"class_list":{"0":"post-24744","1":"product","2":"type-product","3":"status-publish","4":"has-post-thumbnail","6":"product_cat-japan-sakata-vetomagok","8":"first","9":"instock","10":"taxable","11":"shipping-taxable","12":"purchasable","13":"product-type-simple"},"_links":{"self":[{"href":"https:\/\/chilimag.hu\/webshop\/wp-json\/wp\/v2\/product\/24744","targetHints":{"allow":["GET"]}}],"collection":[{"href":"https:\/\/chilimag.hu\/webshop\/wp-json\/wp\/v2\/product"}],"about":[{"href":"https:\/\/chilimag.hu\/webshop\/wp-json\/wp\/v2\/types\/product"}],"replies":[{"embeddable":true,"href":"https:\/\/chilimag.hu\/webshop\/wp-json\/wp\/v2\/comments?post=24744"}],"wp:featuredmedia":[{"embeddable":true,"href":"https:\/\/chilimag.hu\/webshop\/wp-json\/wp\/v2\/media\/25247"}],"wp:attachment":[{"href":"https:\/\/chilimag.hu\/webshop\/wp-json\/wp\/v2\/media?parent=24744"}],"wp:term":[{"taxonomy":"product_brand","embeddable":true,"href":"https:\/\/chilimag.hu\/webshop\/wp-json\/wp\/v2\/product_brand?post=24744"},{"taxonomy":"product_cat","embeddable":true,"href":"https:\/\/chilimag.hu\/webshop\/wp-json\/wp\/v2\/product_cat?post=24744"},{"taxonomy":"product_tag","embeddable":true,"href":"https:\/\/chilimag.hu\/webshop\/wp-json\/wp\/v2\/product_tag?post=24744"}],"curies":[{"name":"wp","href":"https:\/\/api.w.org\/{rel}","templated":true}]}}