{"id":24743,"date":"2023-05-21T19:26:10","date_gmt":"2023-05-21T19:26:10","guid":{"rendered":"https:\/\/chilimag.hu\/webshop\/?post_type=product&#038;p=24743"},"modified":"2026-04-20T19:41:06","modified_gmt":"2026-04-20T19:41:06","slug":"brokkoli-calabrese-florian-bg","status":"publish","type":"product","link":"https:\/\/chilimag.hu\/webshop\/termek\/brokkoli-calabrese-florian-bg\/","title":{"rendered":"Brokkoli Calabrese Florian Bg"},"content":{"rendered":"","protected":false},"excerpt":{"rendered":"<p>Nagyon term\u0151 f\u00e9lkorai brokkoli fajta, nagy, sima, s\u00f6t\u00e9tz\u00f6ld fej\u0171, \u00e1tlagosan 0.500-0.600 kg t\u00f6meg\u0171.Kiv\u00e1l\u00f3 \u00edz\u0171, friss fogyaszt\u00e1sra, t\u00e1rol\u00e1sra, fagyaszt\u00e1sra alkalmas Veget\u00e1ci\u00f3s id\u0151 95-110 nap.<\/p>\n<p>A termeszt\u00e9s pal\u00e1ntanevel\u00e9ssel t\u00f6rt\u00e9nik.<\/p>\n<p>A korai n\u00f6v\u00e9nyekn\u00e9l a vet\u00e9st janu\u00e1r 25-50 k\u00f6z\u00f6tt, a k\u00e9s\u0151i n\u00f6v\u00e9nyekn\u00e9l j\u00fanius 20-t\u00f3l j\u00falius 5-ig v\u00e9gezz\u00fck.<\/p>\n<p>A csomag 3 gramm magot tartalmaz<\/p>\n","protected":false},"featured_media":25110,"comment_status":"closed","ping_status":"closed","template":"","meta":[],"product_brand":[],"product_cat":[378],"product_tag":[],"class_list":{"0":"post-24743","1":"product","2":"type-product","3":"status-publish","4":"has-post-thumbnail","6":"product_cat-kaposzta-es-karfiol-vetomagok","8":"first","9":"instock","10":"taxable","11":"shipping-taxable","12":"purchasable","13":"product-type-simple"},"_links":{"self":[{"href":"https:\/\/chilimag.hu\/webshop\/wp-json\/wp\/v2\/product\/24743","targetHints":{"allow":["GET"]}}],"collection":[{"href":"https:\/\/chilimag.hu\/webshop\/wp-json\/wp\/v2\/product"}],"about":[{"href":"https:\/\/chilimag.hu\/webshop\/wp-json\/wp\/v2\/types\/product"}],"replies":[{"embeddable":true,"href":"https:\/\/chilimag.hu\/webshop\/wp-json\/wp\/v2\/comments?post=24743"}],"wp:featuredmedia":[{"embeddable":true,"href":"https:\/\/chilimag.hu\/webshop\/wp-json\/wp\/v2\/media\/25110"}],"wp:attachment":[{"href":"https:\/\/chilimag.hu\/webshop\/wp-json\/wp\/v2\/media?parent=24743"}],"wp:term":[{"taxonomy":"product_brand","embeddable":true,"href":"https:\/\/chilimag.hu\/webshop\/wp-json\/wp\/v2\/product_brand?post=24743"},{"taxonomy":"product_cat","embeddable":true,"href":"https:\/\/chilimag.hu\/webshop\/wp-json\/wp\/v2\/product_cat?post=24743"},{"taxonomy":"product_tag","embeddable":true,"href":"https:\/\/chilimag.hu\/webshop\/wp-json\/wp\/v2\/product_tag?post=24743"}],"curies":[{"name":"wp","href":"https:\/\/api.w.org\/{rel}","templated":true}]}}