{"id":24741,"date":"2023-05-21T18:30:17","date_gmt":"2023-05-21T18:30:17","guid":{"rendered":"https:\/\/chilimag.hu\/webshop\/?post_type=product&#038;p=24741"},"modified":"2026-04-21T12:57:59","modified_gmt":"2026-04-21T12:57:59","slug":"uborka-dalila-florian-bg","status":"publish","type":"product","link":"https:\/\/chilimag.hu\/webshop\/termek\/uborka-dalila-florian-bg\/","title":{"rendered":"Uborka Dalila F1 Florian Bg"},"content":{"rendered":"","protected":false},"excerpt":{"rendered":"<p><img decoding=\"async\" class=\"img-inline\" src=\"https:\/\/brcci.eu\/cache\/thumbnails\/12ecd0e6e419f1b9b1484ef02ad361979dd8e054\/1a6c5e1406ad462ca86d17b2800862d7f837862c-829875ad0a268b741b7edd818ffce098.png\" alt=\"FLORIAN OOD\" \/><\/p>\n<p>F\u00e9lkorai hibrid, fokozott term\u0151k\u00e9pess\u00e9g\u0171, nagyon term\u0151, hidegebb vid\u00e9keken is termeszthet\u0151. Gy\u00fcm\u00f6lcsei intenz\u00edv z\u00f6ld sz\u00edn\u0171ek, kev\u00e9s maggal, 8-9 cm hossz\u00faak, kiv\u00e1l\u00f3 \u00edz\u0171ek Veget\u00e1ci\u00f3s id\u0151szak 30-40 nap Vet\u00e9sid\u0151: korai termeszt\u00e9sn\u00e9l \u00e1prilis 15-m\u00e1jus 10., k\u00e9s\u0151i termeszt\u00e9sn\u00e9l j\u00fanius 20-j\u00falius 5.<\/p>\n<p>Vet\u0151mag mennyis\u00e9ge zs\u00e1konk\u00e9nt: 50-60 db.<\/p>\n<p>M\u0171szaki adatok:<\/p>\n<p>M\u00e9lys\u00e9ge 1-1,5 cm<br \/>\n\u00c1prilis 15-t\u0151l m\u00e1jus 10-ig, j\u00fanius 20-t\u00f3l j\u00falius 5-ig vetik<br \/>\nVet\u00e9smennyis\u00e9g 0,400-0,450 Kg\/hekt\u00e1r<br \/>\nA vet\u0151magb\u00f3l t\u00f6rt\u00e9n\u0151 termel\u00e9s t\u00edpusai<br \/>\n\u00c1ltal\u00e1noss\u00e1gok:<\/p>\n<p>35-40 magot tartalmaz grammonk\u00e9nt<br \/>\nS\u00falya 1,5 gramm<br \/>\n\u00dcltet\u00e9s \u00e1prilis-j\u00falius<br \/>\nSz\u00fcret j\u00fanius-november<br \/>\nVeget\u00e1ci\u00f3ja 30-40 nap<\/p>\n<p>A csomag 1,5 gramm magot tartalmaz<\/p>\n","protected":false},"featured_media":25174,"comment_status":"closed","ping_status":"closed","template":"","meta":[],"product_brand":[],"product_cat":[383],"product_tag":[],"class_list":{"0":"post-24741","1":"product","2":"type-product","3":"status-publish","4":"has-post-thumbnail","6":"product_cat-uborka-es-padlizsan-vetomagok","8":"first","9":"instock","10":"taxable","11":"shipping-taxable","12":"purchasable","13":"product-type-simple"},"_links":{"self":[{"href":"https:\/\/chilimag.hu\/webshop\/wp-json\/wp\/v2\/product\/24741","targetHints":{"allow":["GET"]}}],"collection":[{"href":"https:\/\/chilimag.hu\/webshop\/wp-json\/wp\/v2\/product"}],"about":[{"href":"https:\/\/chilimag.hu\/webshop\/wp-json\/wp\/v2\/types\/product"}],"replies":[{"embeddable":true,"href":"https:\/\/chilimag.hu\/webshop\/wp-json\/wp\/v2\/comments?post=24741"}],"wp:featuredmedia":[{"embeddable":true,"href":"https:\/\/chilimag.hu\/webshop\/wp-json\/wp\/v2\/media\/25174"}],"wp:attachment":[{"href":"https:\/\/chilimag.hu\/webshop\/wp-json\/wp\/v2\/media?parent=24741"}],"wp:term":[{"taxonomy":"product_brand","embeddable":true,"href":"https:\/\/chilimag.hu\/webshop\/wp-json\/wp\/v2\/product_brand?post=24741"},{"taxonomy":"product_cat","embeddable":true,"href":"https:\/\/chilimag.hu\/webshop\/wp-json\/wp\/v2\/product_cat?post=24741"},{"taxonomy":"product_tag","embeddable":true,"href":"https:\/\/chilimag.hu\/webshop\/wp-json\/wp\/v2\/product_tag?post=24741"}],"curies":[{"name":"wp","href":"https:\/\/api.w.org\/{rel}","templated":true}]}}