{"id":24737,"date":"2023-05-20T06:17:12","date_gmt":"2023-05-20T06:17:12","guid":{"rendered":"https:\/\/chilimag.hu\/webshop\/?post_type=product&#038;p=24737"},"modified":"2026-02-23T09:47:51","modified_gmt":"2026-02-23T09:47:51","slug":"paradicsom-big-beef-profy-line-florian-bg","status":"publish","type":"product","link":"https:\/\/chilimag.hu\/webshop\/termek\/paradicsom-big-beef-profy-line-florian-bg\/","title":{"rendered":"Paradicsom Big Beef F1  Profy Line Florian Bg"},"content":{"rendered":"","protected":false},"excerpt":{"rendered":"<p><img decoding=\"async\" class=\"img-inline\" src=\"https:\/\/brcci.eu\/cache\/thumbnails\/12ecd0e6e419f1b9b1484ef02ad361979dd8e054\/1a6c5e1406ad462ca86d17b2800862d7f837862c-829875ad0a268b741b7edd818ffce098.png\" alt=\"FLORIAN OOD\" \/><\/p>\n<p>\u00dcvegh\u00e1zakban \u00e9s alagutakban t\u00f6rt\u00e9n\u0151 termeszt\u00e9sre alkalmas korai hibrid \u00e9s korai hat\u00e1rozatlan t\u00e1ptalaj. Term\u00e9sei nagyok, 230-300 gramm t\u00f6meg\u0171ek, kerek ov\u00e1lisak, pirosak, nagyon j\u00f3 \u00edz\u0171ek. J\u00f3 alkalmazkod\u00f3k\u00e9pess\u00e9ggel rendelkezik a k\u00fcl\u00f6nb\u00f6z\u0151 termeszt\u00e9si k\u00f6r\u00fclm\u00e9nyekhez. Ellen\u00e1ll a doh\u00e1nymozaikv\u00edrusnak, a verticiliumnak, a fuz\u00e1riumnak, a fon\u00e1lf\u00e9rgeknek \u00e9s a lev\u00e9lpen\u00e9sznek.<\/p>\n<p>Vet\u00e9sid\u0151 &#8211; janu\u00e1r 15 &#8211; febru\u00e1r 25. Vet\u00e9sm\u00e9lys\u00e9g 1-1,5 cm.<\/p>\n<p>Vet\u00e9sid\u0151: m\u00e1rcius 25-\u00e1prilis 20., 80\/120-40\/50 t\u00e1vols\u00e1g<\/p>\n<p>A csomag 15 szem magot tartalmaz<\/p>\n","protected":false},"featured_media":24738,"comment_status":"closed","ping_status":"closed","template":"","meta":[],"product_brand":[],"product_cat":[381],"product_tag":[],"class_list":{"0":"post-24737","1":"product","2":"type-product","3":"status-publish","4":"has-post-thumbnail","6":"product_cat-paradicsom-vetomagok-bolgar-florian-vetomagok","8":"first","9":"instock","10":"taxable","11":"shipping-taxable","12":"purchasable","13":"product-type-simple"},"_links":{"self":[{"href":"https:\/\/chilimag.hu\/webshop\/wp-json\/wp\/v2\/product\/24737","targetHints":{"allow":["GET"]}}],"collection":[{"href":"https:\/\/chilimag.hu\/webshop\/wp-json\/wp\/v2\/product"}],"about":[{"href":"https:\/\/chilimag.hu\/webshop\/wp-json\/wp\/v2\/types\/product"}],"replies":[{"embeddable":true,"href":"https:\/\/chilimag.hu\/webshop\/wp-json\/wp\/v2\/comments?post=24737"}],"wp:featuredmedia":[{"embeddable":true,"href":"https:\/\/chilimag.hu\/webshop\/wp-json\/wp\/v2\/media\/24738"}],"wp:attachment":[{"href":"https:\/\/chilimag.hu\/webshop\/wp-json\/wp\/v2\/media?parent=24737"}],"wp:term":[{"taxonomy":"product_brand","embeddable":true,"href":"https:\/\/chilimag.hu\/webshop\/wp-json\/wp\/v2\/product_brand?post=24737"},{"taxonomy":"product_cat","embeddable":true,"href":"https:\/\/chilimag.hu\/webshop\/wp-json\/wp\/v2\/product_cat?post=24737"},{"taxonomy":"product_tag","embeddable":true,"href":"https:\/\/chilimag.hu\/webshop\/wp-json\/wp\/v2\/product_tag?post=24737"}],"curies":[{"name":"wp","href":"https:\/\/api.w.org\/{rel}","templated":true}]}}